{"id":1148,"date":"2022-11-24T18:11:31","date_gmt":"2022-11-24T21:11:31","guid":{"rendered":"https:\/\/www.ocau.edu.uy\/?page_id=1148"},"modified":"2025-07-10T10:19:23","modified_gmt":"2025-07-10T13:19:23","slug":"articulos","status":"publish","type":"page","link":"https:\/\/www.ocau.edu.uy\/?page_id=1148","title":{"rendered":"Art\u00edculos"},"content":{"rendered":"\n<p><\/p>\n\n\n\n<p><\/p>\n\n\n\n<p><\/p>\n\n\n\n<div id=\"wp-block-themeisle-blocks-advanced-columns-7426034a\" class=\"wp-block-themeisle-blocks-advanced-columns has-1-columns has-desktop-equal-layout has-tablet-equal-layout has-mobile-equal-layout has-vertical-unset ticss-edee0da1\"><div class=\"wp-block-themeisle-blocks-advanced-columns-overlay\"><\/div><div class=\"innerblocks-wrap\">\n<div id=\"wp-block-themeisle-blocks-advanced-column-77d95289\" class=\"wp-block-themeisle-blocks-advanced-column\"><\/div>\n<\/div><\/div>\n\n\n\n<div id=\"wp-block-themeisle-blocks-advanced-columns-da7c78bc\" class=\"wp-block-themeisle-blocks-advanced-columns alignwide has-1-columns has-desktop-equal-layout has-tablet-equal-layout has-mobile-equal-layout has-vertical-unset\"><div class=\"wp-block-themeisle-blocks-advanced-columns-overlay\"><\/div><div class=\"innerblocks-wrap\">\n<div id=\"wp-block-themeisle-blocks-advanced-column-867f4acc\" class=\"wp-block-themeisle-blocks-advanced-column\">\n<h2 class=\"wp-block-heading alignwide has-x-large-font-size\"><strong>Art\u00edculos<\/strong><\/h2>\n<\/div>\n<\/div><\/div>\n\n\n\n<div class=\"wp-block-group alignwide\"><div class=\"wp-block-group__inner-container is-layout-flow wp-block-group-is-layout-flow\">\n<div class=\"wp-block-columns is-layout-flex wp-container-core-columns-is-layout-9d6595d7 wp-block-columns-is-layout-flex\">\n<div class=\"wp-block-column is-layout-flow wp-block-column-is-layout-flow\" style=\"flex-basis:100%\">\n<p class=\"ticss-1c0186f1\">Aqu\u00ed se presentan las principales art\u00edculos acad\u00e9micos por orden cronol\u00f3gico en que participan integrantes del OCAU<\/p>\n<\/div>\n<\/div>\n<\/div><\/div>\n\n\n\n<div class=\"wp-block-group alignwide\"><div class=\"wp-block-group__inner-container is-layout-flow wp-block-group-is-layout-flow\">\n<div id=\"wp-block-themeisle-blocks-advanced-columns-51264dee\" class=\"wp-block-themeisle-blocks-advanced-columns alignwide has-1-columns has-desktop-equal-layout has-tablet-equal-layout has-mobile-equal-layout has-vertical-top has-light-bg\"><div class=\"wp-block-themeisle-blocks-advanced-columns-overlay\"><\/div><div class=\"innerblocks-wrap\">\n<div id=\"wp-block-themeisle-blocks-advanced-column-63ea3fc6\" class=\"wp-block-themeisle-blocks-advanced-column has-light-bg\">\n<h4 id=\"wp-block-themeisle-blocks-advanced-heading-14b59d79\" class=\"wp-block-themeisle-blocks-advanced-heading wp-block-themeisle-blocks-advanced-heading-14b59d79\"><\/h4>\n\n\n\n<p><\/p>\n\n\n\n<p><strong>2025<\/strong><\/p>\n\n\n\n<p>Movimientos sociales agrarios en el Uruguay reciente: aproximaci\u00f3n a la espacialidad de las acciones durante el a\u00f1o 2022. Guedes Bica, E., Ceroni Acosta, M., Etchebarne Palla, V., G\u00f3mez Lombide, M., Riet Correa, J., Sabia, L., Barneche Cirisola, M., Iccardi, P., y Rondoni Fern\u00e1ndez, M. <em>Forma\u00e7\u00e3o<\/em>, 33, e025104. <a href=\"https:\/\/revista.fct.unesp.br\/index.php\/formacao\/article\/view\/10388\">Enlace a la publicaci\u00f3n<\/a><a href=\"https:\/\/revista.fct.unesp.br\/index.php\/nera\/article\/view\/7832\" target=\"_blank\" rel=\"noreferrer noopener\">.<\/a><\/p>\n\n\n\n<p><strong>2024<\/strong><\/p>\n\n\n\n<p>Las organizaciones sociales agrarias en el Uruguay contempor\u00e1neo: un abordaje desde la territorialidad asociativa. Ceroni Acosta, M., Guedes Bica, E., Oreggioni, W., Sarachu, G., y Riet, J. <em>Perspectivas Rurales Nueva \u00c9poca, <\/em>22(44), 1-25. <a href=\"https:\/\/doi.org\/10.15359\/prne.22-44.3\">Enlace a la publicaci\u00f3n<\/a><a href=\"https:\/\/revista.fct.unesp.br\/index.php\/nera\/article\/view\/7832\" target=\"_blank\" rel=\"noreferrer noopener\">.<\/a><\/p>\n\n\n\n<p><strong>2023<\/strong><\/p>\n\n\n\n<p>Hasta que el cuerpo aguante. Precariado y trabajo rural en Uruguay. Cardeillac, J. y Rodr\u00edguez Lezica, L. <em>Revista Interdisciplinaria de Estudios Agrarios<\/em>, No. 57 <a href=\"https:\/\/doi.org\/10.56503\/RIEA\/Nro.57(2022)\/2872\">Enlace a la publicaci\u00f3n<\/a><a href=\"https:\/\/revista.fct.unesp.br\/index.php\/nera\/article\/view\/7832\" target=\"_blank\" rel=\"noreferrer noopener\">.<\/a><\/p>\n\n\n\n<p>Inversiones financieras y mercado de tierras: los capitales de gran escala en el agro uruguayo. Ceroni, M., Oyhant\u00e7abal, G. <em>Mundo Agrario<\/em>, vol 23 N\u00ba54. <a href=\"https:\/\/www.mundoagrario.unlp.edu.ar\/article\/view\/mae199\">Enlace a la publicaci\u00f3n<\/a><a href=\"https:\/\/revista.fct.unesp.br\/index.php\/nera\/article\/view\/7832\" target=\"_blank\" rel=\"noreferrer noopener\">.<\/a><\/p>\n\n\n\n<p><strong>2022<\/strong><\/p>\n\n\n\n<p>Organizaciones de la producci\u00f3n familiar y pol\u00edticas p\u00fablicas en el marco del desarrollo del capitalismo agrario en Uruguay. Guedes Bica, E. <em>Revista NERA<\/em>, vol 24 N\u00ba56. <a href=\"https:\/\/revista.fct.unesp.br\/index.php\/nera\/article\/view\/7832\" target=\"_blank\" rel=\"noreferrer noopener\">Enlace a la publicaci\u00f3n. <\/a><\/p>\n\n\n\n<p>Pol\u00edticas p\u00fablicas y territorialidad asociativa en el medio rural uruguayo. Sab\u00eda Su\u00e1rez, L., Guedes Bica, E. y M\u00e9ndez Romero, S. <em>Articulo en Revista Cient\u00edfica<\/em>. Organi\u00e7a\u00e7oes e democracia, 23(1). <a href=\"https:\/\/revistas.marilia.unesp.br\/index.php\/orgdemo\/article\/view\/13115\" target=\"_blank\" rel=\"noreferrer noopener\">Enlace a la publicaci\u00f3n.<\/a><\/p>\n\n\n\n<p>Problem\u00e1ticas socioambientales en el territorio hidrosocial de la Laguna Mer\u00edn: aportes desde la interdisciplina. Kruk, C.,  Gascue, A., Bortolotto, N., Rodr\u00edguez Lezica, L., Delbene, L., Gonz\u00e1lez-Pensado, s., Mart\u00ednez, G., De la Rosa, A., Y Gianotti, C. <em>Revista Uruguaya de Antropolog\u00eda y Etnograf\u00eda<\/em>, 2(7). <a href=\"http:\/\/www.scielo.edu.uy\/scielo.php?script=sci_arttext&amp;pid=S2393-68862022000201690\" target=\"_blank\" rel=\"noreferrer noopener\">Enlace a la publicaci\u00f3n.<\/a><\/p>\n\n\n\n<p>Territorio y materialismo hist\u00f3rico-geogr\u00e1fico: aproximaciones y nuevas perspectivas. Ceroni, M. <em>Cuadernos de Geograf\u00eda: Revista Colombiana de Geograf\u00eda<\/em>. <a href=\"https:\/\/revistas.unal.edu.co\/index.php\/rcg\/article\/view\/89620\" target=\"_blank\" rel=\"noreferrer noopener\">Enlace a la publicaci\u00f3n.<\/a> <\/p>\n\n\n\n<p>Resist\u00eancias das mulheres contra o neoextrativismo da soja no Pampa. Ferreira. E ,&nbsp; Neske. M&nbsp; ,&nbsp; Ceroni. M.<em> Cadernos de Agroecologia, <\/em>v.: 17 3 , p. 1 \u2013 5. <a href=\"http:\/\/cadernos.aba-agroecologia.org.br\/cadernos\/article\/view\/6690\" target=\"_blank\" rel=\"noreferrer noopener\">Enlace a la publicaci\u00f3n.<\/a><\/p>\n\n\n\n<p><strong>2021<\/strong><\/p>\n\n\n\n<p>Discusiones feministas sobre el trabajo asalariado en la fase industrial de dos cadenas globales de valor en Uruguay. Migliaro Gonz\u00e1lez, A., Cardeillac, J., Rodr\u00edguez Lezica, L., Krapovickas, J., y Car\u00e1mbula, M. <em>Revista de Geograf\u00eda Espacios , <\/em>12(22), p. 1-24. <a href=\"http:\/\/revistas.academia.cl\/index.php\/esp\/article\/view\/2038\" target=\"_blank\" rel=\"noreferrer noopener\">Enlace a la publicaci\u00f3n.<\/a><\/p>\n\n\n\n<p><strong>2020<\/strong><\/p>\n\n\n\n<p>Ecofeminismos al Sur: Claves para pensar la vida en el centro desde Uruguay. Migliaro, A., y Rodr\u00edguez Lezica, L. . <em>Bajo el volc\u00e1n<\/em> -Revista del Posgrado en Sociolog\u00eda -Benem\u00e9rita Universidad Aut\u00f3noma de Puebla N2 (digital), pp. 143-174. <a href=\"http:\/\/www.apps.buap.mx\/ojs3\/index.php\/bevol\/article\/view\/1236\" target=\"_blank\" rel=\"noreferrer noopener\">Enlace a la publicaci\u00f3n.<\/a><\/p>\n\n\n\n<p>Flexibilizaci\u00f3n y feminizaci\u00f3n de la mano de obra en la fase agraria de la citricultura de Uruguay. Cardeillac, J., Krapovickas, J., Rodr\u00edguez Lezica, L., Migliaro, A., y Car\u00e1mbula, M.  <em>Mundo Agrario Revista de Estudios Rurales, <\/em>v. 21, n\u00fam. 48, &nbsp;pp 1-17 Universidad Nacional de La Plata, Argentina. <a href=\"https:\/\/doi.org\/10.24215\/15155994e152\" target=\"_blank\" rel=\"noreferrer noopener\">Enlace a la publicaci\u00f3n.<\/a><\/p>\n\n\n\n<p>Precarias por excelencia: una mirada feminista de la precarizaci\u00f3n del trabajo rural en la citricultura uruguaya. Revista Latinoamericana de Estudios Rurales. Rodr\u00edguez Lezica, L. A<em>sociaci\u00f3n Latinoamericana de Sociolog\u00eda Rural y Centro de Estudios e Investigaciones Laborales <\/em>(CEIL-CONICET), v. 5, n. 9, pp.1-29. <a href=\"http:\/\/www.ceil-conicet.gov.ar\/ojs\/index.php\/revistaalasru\/article\/view\/625\/564\" target=\"_blank\" rel=\"noreferrer noopener\">Enlace a la publicaci\u00f3n.<\/a><\/p>\n\n\n\n<p><strong>2019<\/strong><\/p>\n\n\n\n<p>Los sindicatos rurales tienen g\u00e9nero: un abordaje organizacional y feminista de un sindicato rural uruguayo Feminista. Migliaro, A., Rodr\u00edguez Lezica, L.,  Krapovickas, J., Cardeillac, J., y Car\u00e1mbula, M.  <em>Latinoamericana de Estudios Rurales. Asociaci\u00f3n Latinoamericana de Sociolog\u00eda Rural y Centro de Estudios e Investigaciones Laborales <\/em>(CEIL-CONICET). V. 4, n. 7, pp.113-133. <a href=\"http:\/\/www.ceil-conicet.gov.ar\/ojs\/index.php\/revistaalasru\/article\/view\/496\" target=\"_blank\" rel=\"noreferrer noopener\">Enlace a la publicaci\u00f3n.<\/a><\/p>\n\n\n\n<p>Mapeo de las pol\u00edticas p\u00fablicas vinculadas a la ESS en Uruguay 2015: Una perspectiva sobre su naturaleza y<br>orientaciones a diez a\u00f1os de la asunci\u00f3n del gobierno progresista. Sarachu, G., Torrelli, M., De Giacomi, B. y Falkin, C. <em>Revista Geograficando<\/em>,15(1), e 052. <a href=\"https:\/\/doi.org\/10.24215\/2346898Xe052\" target=\"_blank\" rel=\"noreferrer noopener\">Enlace a la publicaci\u00f3n.<\/a><\/p>\n\n\n\n<p>Megaproyectos en el espacio agrario del Uruguay: El agronegocio de la Silvicultura. Ceroni, M. <em>Scripta Nova. Revista Electr\u00f3nica de Geograf\u00eda y Ciencias Sociales<\/em>, XXII(615). <a href=\"https:\/\/revistes.ub.edu\/index.php\/ScriptaNova\/article\/view\/21547\" target=\"_blank\" rel=\"noreferrer noopener\">Enlace a la publicaci\u00f3n.<\/a><\/p>\n\n\n\n<p>\u00bfOtro consumo es posible? La experiencia de grupos de consumidores y su v\u00ednculo con los productores<br>agroecol\u00f3gicos en Uruguay. <em>Oreggioni, W. y Car\u00e1mbula,M.<\/em> <em>Revista NERA<\/em>. Vol.22, N.50. <a href=\"https:\/\/revista.fct.unesp.br\/index.php\/nera\/article\/view\/6180\" target=\"_blank\" rel=\"noreferrer noopener\">Enlace a la publicaci\u00f3n.<\/a><\/p>\n\n\n\n<p>Spatial Distribution and Tree Cover of Hillside and Ravine Forests in Uruguay: the Challenges of Mapping Patchy Ecosystems. <em>Toranza, C., Lucas, C., y Ceroni, M.<\/em> Agrociencia, 23(2). <a href=\"http:\/\/www.scielo.edu.uy\/scielo.php?script=sci_arttext&amp;pid=S2301-15482019000200135\" target=\"_blank\" rel=\"noreferrer noopener\">Enlace a la publicaci\u00f3n.<\/a><\/p>\n\n\n\n<p>Territorializaci\u00f3n del agronegocio en el Uruguay actual: una mirada desde la geograf\u00eda agraria<br>V\u00e1zquez, S. y Ceroni, M. <em>EUTOP\u00cdA. Revista de Desarrollo Econ\u00f3mico Territorial<\/em>, (16): 119-140. <a href=\"https:\/\/revistas.flacsoandes.edu.ec\/eutopia\/article\/view\/4096\/3244\" target=\"_blank\" rel=\"noreferrer noopener\">Enlace a la publicaci\u00f3n<\/a>.<\/p>\n\n\n\n<p><strong>2018<\/strong><\/p>\n\n\n\n<p>Del papel al barro: metodolog\u00eda feminista para el abordaje de las desigualdades de g\u00e9nero en sindicatos rurales uruguayos. Rodr\u00edguez Lezica, L., Migliaro, A., y Krapovickas, J. <em>Revista Latinoamericana de Antropolog\u00eda del Trabajo. Dossier: Los g\u00e9neros del trabajo<\/em>. <a href=\"http:\/\/www.ceil-conicet.gov.ar\/ojs\/index.php\/lat\/article\/view\/424\" target=\"_blank\" rel=\"noreferrer noopener\">Enlace a la publicaci\u00f3n<\/a>.<\/p>\n\n\n\n<p>Exclusi\u00f3n en la inclusi\u00f3n por descalificaci\u00f3n: an\u00e1lisis de la situaci\u00f3n de las asalariadas rurales en Uruguay. Cardeillac Gulla, J. y Rodr\u00edguez Lezica, L. <em>Revista NERA<\/em>,  41: 138-164. <a href=\"http:\/\/Exclusi\u00f3n en la inclusi\u00f3n por descalificaci\u00f3n: an\u00e1lisis de la situaci\u00f3n de las asalariadas rurales en Uruguay. Cardeillac Gulla, Joaqu\u00edn &amp; Rodr\u00edguez Lezica, Lorena. Revista NERA, a\u00f1o 21, No 41, pp. 138-164.\" target=\"_blank\" rel=\"noreferrer noopener\">Enlace a la publicaci\u00f3n<\/a>.<\/p>\n\n\n\n<p>\u00bfY las mujeres d\u00f3nde est\u00e1n? Una otra mirada al sindicalismo rural en Uruguay. Rodr\u00edguez Lezica, L.. <em>Revista Interdisciplinaria de estudios agrarios<\/em>, 49: 5-34. <a href=\"http:\/\/www.ciea.com.ar\/revista-interdisciplinaria-de-estudios-agrarios\/revista-nro-49\/\" target=\"_blank\" rel=\"noreferrer noopener\">Enlace a la publicaci\u00f3n<\/a>.<\/p>\n\n\n\n<p>Rasgos centrales del agronegocio en Latinoam\u00e9rica: la experiencia en Uruguay. Ceroni, M. <em>Perfiles Latinoamericanos<\/em>, v.: 26 52 , p.:1 &#8211; 29. <a href=\"https:\/\/perfilesla.flacso.edu.mx\/index.php\/perfilesla\/article\/view\/550\" target=\"_blank\" rel=\"noreferrer noopener\">Enlace a la publicaci\u00f3n<\/a>.<\/p>\n\n\n\n<p><\/p>\n\n\n\n<p><\/p>\n\n\n\n<hr class=\"wp-block-separator has-css-opacity is-style-wide\"\/>\n<\/div>\n<\/div><\/div>\n<\/div><\/div>\n\n\n\n<div id=\"wp-block-themeisle-blocks-advanced-columns-857abf96\" class=\"wp-block-themeisle-blocks-advanced-columns has-1-columns has-desktop-equal-layout has-tablet-equal-layout has-mobile-equal-layout has-vertical-unset\"><div class=\"wp-block-themeisle-blocks-advanced-columns-overlay\"><\/div><div class=\"innerblocks-wrap\">\n<div id=\"wp-block-themeisle-blocks-advanced-column-95e8fda0\" class=\"wp-block-themeisle-blocks-advanced-column\"><\/div>\n<\/div><\/div>\n\n\n\n<div id=\"wp-block-themeisle-blocks-advanced-columns-52f65e1b\" class=\"wp-block-themeisle-blocks-advanced-columns has-2-columns has-desktop-equal-layout has-tablet-equal-layout has-mobile-collapsedRows-layout has-vertical-unset has-light-bg\"><div class=\"wp-block-themeisle-blocks-advanced-columns-overlay\"><\/div><div class=\"innerblocks-wrap\">\n<div id=\"wp-block-themeisle-blocks-advanced-column-9e9bc2c6\" class=\"wp-block-themeisle-blocks-advanced-column has-light-bg\">\n<h2 id=\"wp-block-themeisle-blocks-advanced-heading-55f927b7\" class=\"wp-block-themeisle-blocks-advanced-heading wp-block-themeisle-blocks-advanced-heading-55f927b7\">Contacto<\/h2>\n\n\n\n<p>Puedes contactarte si te interesa recibir alguna de las publicaciones que no est\u00e1n disponible en l\u00ednea.<\/p>\n\n\n\n<div style=\"height:20px\" aria-hidden=\"true\" class=\"wp-block-spacer\"><\/div>\n\n\n\n<div id=\"wp-block-themeisle-blocks-button-group-f15a493c\" class=\"wp-block-themeisle-blocks-button-group wp-block-buttons align-left\">\n<div id=\"wp-block-themeisle-blocks-button-7ef217f7\" class=\"wp-block-themeisle-blocks-button wp-block-button animated bounceInUp\"><a href=\"\/?page_id=325\" target=\"_self\" rel=\"noopener noreferrer\" class=\"wp-block-button__link\"><span>Escribir mensaje<\/span><\/a><\/div>\n<\/div>\n<\/div>\n\n\n\n<div id=\"wp-block-themeisle-blocks-advanced-column-0b9aae8d\" class=\"wp-block-themeisle-blocks-advanced-column\"><\/div>\n<\/div><\/div>\n","protected":false},"excerpt":{"rendered":"<p>Aqu\u00ed se presentan las principales art\u00edculos acad\u00e9micos por orden cronol\u00f3gico en que participan integrantes del OCAU<\/p>\n","protected":false},"author":3,"featured_media":558,"parent":0,"menu_order":0,"comment_status":"closed","ping_status":"closed","template":"page-templates\/template-pagebuilder-full-width.php","meta":{"neve_meta_sidebar":"full-width","neve_meta_container":"","neve_meta_enable_content_width":"on","neve_meta_content_width":100,"neve_meta_title_alignment":"","neve_meta_author_avatar":"","neve_post_elements_order":"","neve_meta_disable_header":"","neve_meta_disable_footer":"","neve_meta_disable_title":"","_themeisle_gutenberg_block_has_review":false,"footnotes":""},"class_list":["post-1148","page","type-page","status-publish","has-post-thumbnail","hentry"],"yoast_head":"<!-- This site is optimized with the Yoast SEO plugin v26.7 - https:\/\/yoast.com\/wordpress\/plugins\/seo\/ -->\n<title>Art\u00edculos - Observatorio de la Cuesti\u00f3n Agraria en Uruguay<\/title>\n<meta name=\"robots\" content=\"index, follow, max-snippet:-1, max-image-preview:large, max-video-preview:-1\" \/>\n<link rel=\"canonical\" href=\"https:\/\/www.ocau.edu.uy\/?page_id=1148\" \/>\n<meta property=\"og:locale\" content=\"es_ES\" \/>\n<meta property=\"og:type\" content=\"article\" \/>\n<meta property=\"og:title\" content=\"Art\u00edculos - Observatorio de la Cuesti\u00f3n Agraria en Uruguay\" \/>\n<meta property=\"og:description\" content=\"Aqu\u00ed se presentan las principales art\u00edculos acad\u00e9micos por orden cronol\u00f3gico en que participan integrantes del OCAU\" \/>\n<meta property=\"og:url\" content=\"https:\/\/www.ocau.edu.uy\/?page_id=1148\" \/>\n<meta property=\"og:site_name\" content=\"Observatorio de la Cuesti\u00f3n Agraria en Uruguay\" \/>\n<meta property=\"article:modified_time\" content=\"2025-07-10T13:19:23+00:00\" \/>\n<meta property=\"og:image\" content=\"https:\/\/www.ocau.edu.uy\/wp-content\/uploads\/2021\/03\/cropped-cropped-Logo-OCAU.png\" \/>\n\t<meta property=\"og:image:width\" content=\"512\" \/>\n\t<meta property=\"og:image:height\" content=\"512\" \/>\n\t<meta property=\"og:image:type\" content=\"image\/png\" \/>\n<meta name=\"twitter:card\" content=\"summary_large_image\" \/>\n<meta name=\"twitter:label1\" content=\"Tiempo de lectura\" \/>\n\t<meta name=\"twitter:data1\" content=\"5 minutos\" \/>\n<script type=\"application\/ld+json\" class=\"yoast-schema-graph\">{\"@context\":\"https:\/\/schema.org\",\"@graph\":[{\"@type\":\"WebPage\",\"@id\":\"https:\/\/www.ocau.edu.uy\/?page_id=1148\",\"url\":\"https:\/\/www.ocau.edu.uy\/?page_id=1148\",\"name\":\"Art\u00edculos - Observatorio de la Cuesti\u00f3n Agraria en Uruguay\",\"isPartOf\":{\"@id\":\"https:\/\/www.ocau.edu.uy\/#website\"},\"primaryImageOfPage\":{\"@id\":\"https:\/\/www.ocau.edu.uy\/?page_id=1148#primaryimage\"},\"image\":{\"@id\":\"https:\/\/www.ocau.edu.uy\/?page_id=1148#primaryimage\"},\"thumbnailUrl\":\"https:\/\/www.ocau.edu.uy\/wp-content\/uploads\/2021\/03\/cropped-cropped-Logo-OCAU.png\",\"datePublished\":\"2022-11-24T21:11:31+00:00\",\"dateModified\":\"2025-07-10T13:19:23+00:00\",\"inLanguage\":\"es\",\"potentialAction\":[{\"@type\":\"ReadAction\",\"target\":[\"https:\/\/www.ocau.edu.uy\/?page_id=1148\"]}]},{\"@type\":\"ImageObject\",\"inLanguage\":\"es\",\"@id\":\"https:\/\/www.ocau.edu.uy\/?page_id=1148#primaryimage\",\"url\":\"https:\/\/www.ocau.edu.uy\/wp-content\/uploads\/2021\/03\/cropped-cropped-Logo-OCAU.png\",\"contentUrl\":\"https:\/\/www.ocau.edu.uy\/wp-content\/uploads\/2021\/03\/cropped-cropped-Logo-OCAU.png\",\"width\":512,\"height\":512},{\"@type\":\"WebSite\",\"@id\":\"https:\/\/www.ocau.edu.uy\/#website\",\"url\":\"https:\/\/www.ocau.edu.uy\/\",\"name\":\"Observatorio de la Cuesti\u00f3n Agraria en Uruguay\",\"description\":\"OCAU\",\"publisher\":{\"@id\":\"https:\/\/www.ocau.edu.uy\/#organization\"},\"potentialAction\":[{\"@type\":\"SearchAction\",\"target\":{\"@type\":\"EntryPoint\",\"urlTemplate\":\"https:\/\/www.ocau.edu.uy\/?s={search_term_string}\"},\"query-input\":{\"@type\":\"PropertyValueSpecification\",\"valueRequired\":true,\"valueName\":\"search_term_string\"}}],\"inLanguage\":\"es\"},{\"@type\":\"Organization\",\"@id\":\"https:\/\/www.ocau.edu.uy\/#organization\",\"name\":\"Observatorio de la Cuesti\u00f3n Agraria en Uruguay\",\"url\":\"https:\/\/www.ocau.edu.uy\/\",\"logo\":{\"@type\":\"ImageObject\",\"inLanguage\":\"es\",\"@id\":\"https:\/\/www.ocau.edu.uy\/#\/schema\/logo\/image\/\",\"url\":\"https:\/\/www.ocau.edu.uy\/wp-content\/uploads\/2021\/03\/cropped-Logo-OCAU.png\",\"contentUrl\":\"https:\/\/www.ocau.edu.uy\/wp-content\/uploads\/2021\/03\/cropped-Logo-OCAU.png\",\"width\":540,\"height\":530,\"caption\":\"Observatorio de la Cuesti\u00f3n Agraria en Uruguay\"},\"image\":{\"@id\":\"https:\/\/www.ocau.edu.uy\/#\/schema\/logo\/image\/\"}}]}<\/script>\n<!-- \/ Yoast SEO plugin. -->","yoast_head_json":{"title":"Art\u00edculos - Observatorio de la Cuesti\u00f3n Agraria en Uruguay","robots":{"index":"index","follow":"follow","max-snippet":"max-snippet:-1","max-image-preview":"max-image-preview:large","max-video-preview":"max-video-preview:-1"},"canonical":"https:\/\/www.ocau.edu.uy\/?page_id=1148","og_locale":"es_ES","og_type":"article","og_title":"Art\u00edculos - Observatorio de la Cuesti\u00f3n Agraria en Uruguay","og_description":"Aqu\u00ed se presentan las principales art\u00edculos acad\u00e9micos por orden cronol\u00f3gico en que participan integrantes del OCAU","og_url":"https:\/\/www.ocau.edu.uy\/?page_id=1148","og_site_name":"Observatorio de la Cuesti\u00f3n Agraria en Uruguay","article_modified_time":"2025-07-10T13:19:23+00:00","og_image":[{"width":512,"height":512,"url":"https:\/\/www.ocau.edu.uy\/wp-content\/uploads\/2021\/03\/cropped-cropped-Logo-OCAU.png","type":"image\/png"}],"twitter_card":"summary_large_image","twitter_misc":{"Tiempo de lectura":"5 minutos"},"schema":{"@context":"https:\/\/schema.org","@graph":[{"@type":"WebPage","@id":"https:\/\/www.ocau.edu.uy\/?page_id=1148","url":"https:\/\/www.ocau.edu.uy\/?page_id=1148","name":"Art\u00edculos - Observatorio de la Cuesti\u00f3n Agraria en Uruguay","isPartOf":{"@id":"https:\/\/www.ocau.edu.uy\/#website"},"primaryImageOfPage":{"@id":"https:\/\/www.ocau.edu.uy\/?page_id=1148#primaryimage"},"image":{"@id":"https:\/\/www.ocau.edu.uy\/?page_id=1148#primaryimage"},"thumbnailUrl":"https:\/\/www.ocau.edu.uy\/wp-content\/uploads\/2021\/03\/cropped-cropped-Logo-OCAU.png","datePublished":"2022-11-24T21:11:31+00:00","dateModified":"2025-07-10T13:19:23+00:00","inLanguage":"es","potentialAction":[{"@type":"ReadAction","target":["https:\/\/www.ocau.edu.uy\/?page_id=1148"]}]},{"@type":"ImageObject","inLanguage":"es","@id":"https:\/\/www.ocau.edu.uy\/?page_id=1148#primaryimage","url":"https:\/\/www.ocau.edu.uy\/wp-content\/uploads\/2021\/03\/cropped-cropped-Logo-OCAU.png","contentUrl":"https:\/\/www.ocau.edu.uy\/wp-content\/uploads\/2021\/03\/cropped-cropped-Logo-OCAU.png","width":512,"height":512},{"@type":"WebSite","@id":"https:\/\/www.ocau.edu.uy\/#website","url":"https:\/\/www.ocau.edu.uy\/","name":"Observatorio de la Cuesti\u00f3n Agraria en Uruguay","description":"OCAU","publisher":{"@id":"https:\/\/www.ocau.edu.uy\/#organization"},"potentialAction":[{"@type":"SearchAction","target":{"@type":"EntryPoint","urlTemplate":"https:\/\/www.ocau.edu.uy\/?s={search_term_string}"},"query-input":{"@type":"PropertyValueSpecification","valueRequired":true,"valueName":"search_term_string"}}],"inLanguage":"es"},{"@type":"Organization","@id":"https:\/\/www.ocau.edu.uy\/#organization","name":"Observatorio de la Cuesti\u00f3n Agraria en Uruguay","url":"https:\/\/www.ocau.edu.uy\/","logo":{"@type":"ImageObject","inLanguage":"es","@id":"https:\/\/www.ocau.edu.uy\/#\/schema\/logo\/image\/","url":"https:\/\/www.ocau.edu.uy\/wp-content\/uploads\/2021\/03\/cropped-Logo-OCAU.png","contentUrl":"https:\/\/www.ocau.edu.uy\/wp-content\/uploads\/2021\/03\/cropped-Logo-OCAU.png","width":540,"height":530,"caption":"Observatorio de la Cuesti\u00f3n Agraria en Uruguay"},"image":{"@id":"https:\/\/www.ocau.edu.uy\/#\/schema\/logo\/image\/"}}]}},"_links":{"self":[{"href":"https:\/\/www.ocau.edu.uy\/index.php?rest_route=\/wp\/v2\/pages\/1148","targetHints":{"allow":["GET"]}}],"collection":[{"href":"https:\/\/www.ocau.edu.uy\/index.php?rest_route=\/wp\/v2\/pages"}],"about":[{"href":"https:\/\/www.ocau.edu.uy\/index.php?rest_route=\/wp\/v2\/types\/page"}],"author":[{"embeddable":true,"href":"https:\/\/www.ocau.edu.uy\/index.php?rest_route=\/wp\/v2\/users\/3"}],"replies":[{"embeddable":true,"href":"https:\/\/www.ocau.edu.uy\/index.php?rest_route=%2Fwp%2Fv2%2Fcomments&post=1148"}],"version-history":[{"count":8,"href":"https:\/\/www.ocau.edu.uy\/index.php?rest_route=\/wp\/v2\/pages\/1148\/revisions"}],"predecessor-version":[{"id":1452,"href":"https:\/\/www.ocau.edu.uy\/index.php?rest_route=\/wp\/v2\/pages\/1148\/revisions\/1452"}],"wp:featuredmedia":[{"embeddable":true,"href":"https:\/\/www.ocau.edu.uy\/index.php?rest_route=\/wp\/v2\/media\/558"}],"wp:attachment":[{"href":"https:\/\/www.ocau.edu.uy\/index.php?rest_route=%2Fwp%2Fv2%2Fmedia&parent=1148"}],"curies":[{"name":"wp","href":"https:\/\/api.w.org\/{rel}","templated":true}]}}