{"id":1149,"date":"2022-11-24T18:11:35","date_gmt":"2022-11-24T21:11:35","guid":{"rendered":"https:\/\/www.ocau.edu.uy\/?page_id=1149"},"modified":"2025-07-04T13:34:19","modified_gmt":"2025-07-04T16:34:19","slug":"libros-o-capitulos-en-libros","status":"publish","type":"page","link":"https:\/\/www.ocau.edu.uy\/?page_id=1149","title":{"rendered":"Libros o Cap\u00edtulos en libros"},"content":{"rendered":"\n<p><\/p>\n\n\n\n<p><\/p>\n\n\n\n<p><\/p>\n\n\n\n<div id=\"wp-block-themeisle-blocks-advanced-columns-7426034a\" class=\"wp-block-themeisle-blocks-advanced-columns has-1-columns has-desktop-equal-layout has-tablet-equal-layout has-mobile-equal-layout has-vertical-unset ticss-edee0da1\"><div class=\"wp-block-themeisle-blocks-advanced-columns-overlay\"><\/div><div class=\"innerblocks-wrap\">\n<div id=\"wp-block-themeisle-blocks-advanced-column-77d95289\" class=\"wp-block-themeisle-blocks-advanced-column\"><\/div>\n<\/div><\/div>\n\n\n\n<div id=\"wp-block-themeisle-blocks-advanced-columns-da7c78bc\" class=\"wp-block-themeisle-blocks-advanced-columns alignwide has-1-columns has-desktop-equal-layout has-tablet-equal-layout has-mobile-equal-layout has-vertical-unset\"><div class=\"wp-block-themeisle-blocks-advanced-columns-overlay\"><\/div><div class=\"innerblocks-wrap\">\n<div id=\"wp-block-themeisle-blocks-advanced-column-867f4acc\" class=\"wp-block-themeisle-blocks-advanced-column\">\n<h2 class=\"wp-block-heading alignwide has-x-large-font-size\"><strong>Libros o Cap\u00edtulos en libros<\/strong><\/h2>\n<\/div>\n<\/div><\/div>\n\n\n\n<div class=\"wp-block-group alignwide\"><div class=\"wp-block-group__inner-container is-layout-flow wp-block-group-is-layout-flow\">\n<div class=\"wp-block-columns is-layout-flex wp-container-core-columns-is-layout-9d6595d7 wp-block-columns-is-layout-flex\">\n<div class=\"wp-block-column is-layout-flow wp-block-column-is-layout-flow\" style=\"flex-basis:100%\">\n<p class=\"ticss-1c0186f1\">Aqu\u00ed se presentan los Libros o Cap\u00edtulos por orden cronol\u00f3gico en que participan integrantes del OCAU<\/p>\n<\/div>\n<\/div>\n<\/div><\/div>\n\n\n\n<div id=\"wp-block-themeisle-blocks-advanced-columns-0af66203\" class=\"wp-block-themeisle-blocks-advanced-columns alignwide has-1-columns has-desktop-equal-layout has-tablet-equal-layout has-mobile-equal-layout has-vertical-top has-light-bg\"><div class=\"wp-block-themeisle-blocks-advanced-columns-overlay\"><\/div><div class=\"innerblocks-wrap\">\n<div id=\"wp-block-themeisle-blocks-advanced-column-066d6121\" class=\"wp-block-themeisle-blocks-advanced-column has-light-bg\">\n<h4 id=\"wp-block-themeisle-blocks-advanced-heading-1b31e57a\" class=\"wp-block-themeisle-blocks-advanced-heading wp-block-themeisle-blocks-advanced-heading-1b31e57a\"><\/h4>\n\n\n\n<p><strong>2024<\/strong><\/p>\n\n\n\n<p>Nuevos sentidos hist\u00f3ricos de existencia de los colectivos ind\u00edgenas. Picos, G. En: Educaci\u00f3n Intercultural y Pol\u00edticas P\u00fablicas en Am\u00e9rica Latina. (Ed.) D\u00edaz Esteves, V.A. Ariadna Ediciones: Santiago de Chile. <a href=\"https:\/\/library.oapen.org\/bitstream\/handle\/20.500.12657\/92052\/1\/9789566276203.pdf\">Enlace a la publicaci\u00f3n<\/a>.<\/p>\n\n\n\n<p><em>Revolts in the orange groves. <\/em>Rodr\u00edguez Lezica, L.. En: An Anthology of Non-Conformism: Rebel Wom!n Words, Ways &amp; Wonders. Epifania Akosua Amoo-Adare; Rapti Siriwardane-de Zoysa, Editorial: DIO Press Inc, pp.20-24. An Anthology of Non-Conformism.<\/p>\n\n\n\n<p><strong>2022<\/strong><\/p>\n\n\n\n<p><em>Cifras que no cierran<\/em>. Car\u00e1mbula, M., Cardeillac, J., Juncal, A., Krapovickas, J.,  Machado, A., Migliaro, A., y Rodr\u00edguez Lezica, L. En: Atlas de los sistemas alimentarios del Cono Sur, Fundaci\u00f3n Rosa Luxemburgo. <a href=\"https:\/\/rosalux-ba.org\/wp-content\/uploads\/2022\/07\/e-Atlas_individuales.pdf\">Enlace a la publicaci\u00f3n.<\/a><\/p>\n\n\n\n<p><em>Ecofeminismos y luchas territoriales en defensa de la vida desde Uruguay. <\/em>Migliaro Gonz\u00e1lez, A. y Rodr\u00edguez Lezica, L. En: El Cambio agrario en el Uruguay contempor\u00e1neo. Cambio Agrario en el Uruguay contempor\u00e1neo. (Coord.)<em>.<\/em> Ceroni, M., Oyhant\u00e7abal, G., Carambula, M. Ediciones Berretin: Montevideo. pp. 61-270<\/p>\n\n\n\n<p><em>Los nuevos capitales agrarios del Uruguay: el caso de las corporaciones transnacionales de la silvicultura<\/em>. Ceroni. M.  En:  Cambio Agrario en el Uruguay contempor\u00e1neo. (Coord.)<em>.<\/em> Ceroni, M., Oyhant\u00e7abal, G., Carambula, M. Ediciones Berretin: Montevideo. pp.47-56.<\/p>\n\n\n\n<p><em>Los territorios agrarios del Uruguay contempor\u00e1neo: cambios y tendencias en la estructura agraria<\/em>. Ceroni. M.  En:  Cambio Agrario en el Uruguay contempor\u00e1neo. (Coord.)<em>.<\/em> Ceroni, M., Oyhant\u00e7abal, G., Carambula, M. Ediciones Berretin: Montevideo. pp.217-228.<\/p>\n\n\n\n<p><em>Miradas feministas del trabajo asalariado y el sindicalismo rural en Uruguay. <\/em>Rodr\u00edguez Lezica, L., Migliaro, A., y Krapovickas, J.. En: El Cambio agrario en el Uruguay contempor\u00e1neo. Cambio Agrario en el Uruguay contempor\u00e1neo. (Coord.)<em>.<\/em> Ceroni, M., Oyhant\u00e7abal, G., Carambula, M. Ediciones Berretin: Montevideo. pp. 133-144.<\/p>\n\n\n\n<p><em>Organizaciones de la agricultura familiar y campesina en Uruguay. Condicionantes para la generaci\u00f3n de<br>estrategias colectivas de resistencia y superaci\u00f3n<\/em>. Guedes Bica, E., Picos , G., y Tomassino, H. En: Cambio Agrario en el Uruguay contempor\u00e1neo. (Coord.)<em>.<\/em> Ceroni, M., Oyhant\u00e7abal, G., Carambula, M. Ediciones Berretin: Montevideo. pp.133-144.<\/p>\n\n\n\n<p><\/p>\n\n\n\n<p><strong>2021<\/strong><\/p>\n\n\n\n<p><em>El jard\u00edn de las palabras: di\u00e1logos feministas para abrazar la historia<\/em>. Alcoba Rossano, M. J., Migliaro Gonz\u00e1lez, A., Rodr\u00edguez Lezica, L. En: Las mujeres \u00bfd\u00f3nde estaban? Alcoba Rossano, M. J.  ed. ampl. y rev.. Montevideo: Udelar, Grupo IADR, 2021, pp. 179-211. <a href=\"https:\/\/hdl.handle.net\/20.500.12008\/30168\" target=\"_blank\" rel=\"noreferrer noopener\">Enlace a la publicaci\u00f3n.<\/a><\/p>\n\n\n\n<p><em>La resistencia de la agricultura familiar y campesina en Uruguay: referenciales para la construcci\u00f3n de un<br>proyecto superador<\/em>. Guedes Bica, E., Tomassino, H., y  Picos , G<em>. <\/em>En: Am\u00e9rica Latina em perspectiva: An\u00e1lise da escalada do autoritarismo e neoliberalismo sobre o agr\u00e1rio no s\u00e9culo XXI. Editorial Acervus Editora. RG-Brasil. <a href=\"https:\/\/www.acervuseditora.com.br\/am%C3%A9rica-latina-em-perspectiva-an%C3%A1lise-da-escalada-do- autoritarismo-e-neoliberalismo-sobre-o-agr\" target=\"_blank\" rel=\"noreferrer noopener\">Enlace a la publicaci\u00f3n.<\/a><\/p>\n\n\n\n<p><em>Territorios para cuidar la vida. Experiencias de mujeres en lucha desde Uruguay<\/em>. Rodr\u00edguez Lezica, L., y Migliaro Gonz\u00e1lez, A.En: D\u00edaz Lozano, J., Cruz Hern\u00e1nez, D. T., Magalh\u00e3es, L., y Pasero, V.(Comp.) Fronteras y cuerpos contra el capital. Insurgencias feministas y populares en Abya Yala. Buenos Aires: Editorial El Colectivo, Colecci\u00f3n Chico M\u00e9ndes, Bajo Tierra Ediciones, pp.83-108. <a href=\"https:\/\/editorialelcolectivo.com\/producto\/fronteras-y-cuerpos-contra-el-capital\/\" target=\"_blank\" rel=\"noreferrer noopener\">Enlace a la publicaci\u00f3n.<\/a><\/p>\n\n\n\n<p><strong>2020<\/strong><\/p>\n\n\n\n<p><em>Asalariadas rurales en Am\u00e9rica Latina. Abordajes te\u00f3rico-metodol\u00f3gicos y estudios emp\u00edricos<\/em>. Rodr\u00edguez Lezica, L., Krapovickas, J., Migliaro, A., Cardeillac, J., y Car\u00e1mbula, M. (Comp.). 162p. <a href=\"https:\/\/www.colibri.udelar.edu.uy\/jspui\/handle\/20.500.12008\/30005\" target=\"_blank\" rel=\"noreferrer noopener\">Enlace a la publicaci\u00f3n.<\/a><\/p>\n\n\n\n<p><em>Interseccionalidades en el cuerpo territorio<\/em>. Migliaro, A., Mazariegos Garc\u00eda, D., Rodr\u00edguez Lezica, L., y D\u00edaz-Lozano, J. En: Cuerpos, Territorios y Feminismos. Compilacio\u0301n latinoamericana de teori\u0301as, metodologi\u0301as y pra\u0301cticas poli\u0301ticas. Cruz, Delmy T., Bayo\u0301n Jime\u0301nez, M. Colectivo Miradas Cri\u0301ticas del Territorio desde el Feminismo (Coords) Ediciones Abya Yala, Instituto de Estudios Ecologistas del Tercer Mundo. D.F.: Bajo Tierra Ediciones, Libertad Bajo Palabra, Quito, pp.63-82 <a href=\"https:\/\/territorioyfeminismos.org\/publicaciones\/libro-cuerpos-territorios-y-feminismos\/\" target=\"_blank\" rel=\"noreferrer noopener\">Enlace a la publicaci\u00f3n.<\/a><\/p>\n\n\n\n<p><em>Miradas y andares colectivos. Experiencias de extensi\u00f3n rural e investigaci\u00f3n-acci\u00f3n-feminista en el este de Uruguay<\/em>. Cantieri Cagnone, R., y Rodr\u00edguez Lezica, L.. En: Cuerpos, Territorios y Feminismos. Compilaci\u00f3n latinoamericana de teor\u00edas, metodolog\u00edas y pr\u00e1cticas pol\u00edticas. Cruz, Delmy T., Bayo\u0301n Jime\u0301nez, M. Colectivo Miradas Cri\u0301ticas del Territorio desde el Feminismo (Coords). Quito: Ediciones Abya Yala, Instituto de Estudios Ecologistas del Tercer Mundo. D.F.: Bajo Tierra Ediciones, Libertad Bajo Palabra. pp. 237-255 <a href=\"https:\/\/territorioyfeminismos.org\/publicaciones\/libro-cuerpos-territorios-y-feminismos\/\" target=\"_blank\" rel=\"noreferrer noopener\">Enlace a la publicaci\u00f3n.<\/a><\/p>\n\n\n\n<p><em>Un otro relato sobre el sindicalismo rural uruguayo: tejiendo miradas cr\u00edticas con las olvidadas y los olvidados de la tierra<\/em>. Rodr\u00edguez Lezica, L., Krapovickas, J., Migliaro, A., Cardeillac, J., y Car\u00e1mbula, M. En: Rodr\u00edguez Lezica, L., Krapovickas, J., Migliaro, A., Cardeillac, J., y Car\u00e1mbula, M. (Comp.) Asalariadas rurales en Am\u00e9rica Latina. Abordajes te\u00f3rico-metodol\u00f3gicos y estudios emp\u00edricos, pp.87-107. <a href=\"https:\/\/www.colibri.udelar.edu.uy\/jspui\/handle\/20.500.12008\/30005\" target=\"_blank\" rel=\"noreferrer noopener\">Enlace a la publicaci\u00f3n.<\/a><\/p>\n\n\n\n<p><strong>2019<\/strong><\/p>\n\n\n\n<p><em>Miradas feministas sobre las cadenas globales de valor: feminizaci\u00f3n, descalificaci\u00f3n y precarizaci\u00f3n del trabajo en la citricultura. <\/em>Rodr\u00edguez Lezica, L., Krapovickas, J., Cardeillac, J., Migliaro, A., y Car\u00e1mbula, M.. En: El Uruguay desde la Sociolog\u00eda XIX. Organizadores: Departamento de Sociolog\u00eda, Facultad de Ciencias Sociales, Universidad de la Rep\u00fablica. pp 269-289. Editorial: Doble Clic, Editoras Montevideo, 2019  <a href=\"https:\/\/hdl.handle.net\/20.500.12008\/35621\" target=\"_blank\" rel=\"noreferrer noopener\">Enlace a la publicaci\u00f3n.<\/a><\/p>\n\n\n\n<hr class=\"wp-block-separator has-css-opacity is-style-wide\"\/>\n<\/div>\n<\/div><\/div>\n\n\n\n<div id=\"wp-block-themeisle-blocks-advanced-columns-857abf96\" class=\"wp-block-themeisle-blocks-advanced-columns has-1-columns has-desktop-equal-layout has-tablet-equal-layout has-mobile-equal-layout has-vertical-unset\"><div class=\"wp-block-themeisle-blocks-advanced-columns-overlay\"><\/div><div class=\"innerblocks-wrap\">\n<div id=\"wp-block-themeisle-blocks-advanced-column-95e8fda0\" class=\"wp-block-themeisle-blocks-advanced-column\"><\/div>\n<\/div><\/div>\n\n\n\n<div id=\"wp-block-themeisle-blocks-advanced-columns-52f65e1b\" class=\"wp-block-themeisle-blocks-advanced-columns has-2-columns has-desktop-equal-layout has-tablet-equal-layout has-mobile-collapsedRows-layout has-vertical-unset has-light-bg\"><div class=\"wp-block-themeisle-blocks-advanced-columns-overlay\"><\/div><div class=\"innerblocks-wrap\">\n<div id=\"wp-block-themeisle-blocks-advanced-column-9e9bc2c6\" class=\"wp-block-themeisle-blocks-advanced-column has-light-bg\">\n<h2 id=\"wp-block-themeisle-blocks-advanced-heading-55f927b7\" class=\"wp-block-themeisle-blocks-advanced-heading wp-block-themeisle-blocks-advanced-heading-55f927b7\">Contacto<\/h2>\n\n\n\n<p>Puedes contactarte si te interesa recibir alguna de las publicaciones que no est\u00e1n disponible en l\u00ednea.<\/p>\n\n\n\n<div style=\"height:20px\" aria-hidden=\"true\" class=\"wp-block-spacer\"><\/div>\n\n\n\n<div id=\"wp-block-themeisle-blocks-button-group-f15a493c\" class=\"wp-block-themeisle-blocks-button-group wp-block-buttons align-left\">\n<div id=\"wp-block-themeisle-blocks-button-7ef217f7\" class=\"wp-block-themeisle-blocks-button wp-block-button animated bounceInUp\"><a href=\"\/?page_id=325\" target=\"_self\" rel=\"noopener noreferrer\" class=\"wp-block-button__link\"><span>Escribir mensaje<\/span><\/a><\/div>\n<\/div>\n<\/div>\n\n\n\n<div id=\"wp-block-themeisle-blocks-advanced-column-0b9aae8d\" class=\"wp-block-themeisle-blocks-advanced-column\"><\/div>\n<\/div><\/div>\n","protected":false},"excerpt":{"rendered":"<p>Aqu\u00ed se presentan los Libros o Cap\u00edtulos por orden cronol\u00f3gico en que participan integrantes del OCAU<\/p>\n","protected":false},"author":3,"featured_media":558,"parent":0,"menu_order":0,"comment_status":"closed","ping_status":"closed","template":"page-templates\/template-pagebuilder-full-width.php","meta":{"neve_meta_sidebar":"full-width","neve_meta_container":"","neve_meta_enable_content_width":"on","neve_meta_content_width":100,"neve_meta_title_alignment":"","neve_meta_author_avatar":"","neve_post_elements_order":"","neve_meta_disable_header":"","neve_meta_disable_footer":"","neve_meta_disable_title":"","_themeisle_gutenberg_block_has_review":false,"footnotes":""},"class_list":["post-1149","page","type-page","status-publish","has-post-thumbnail","hentry"],"yoast_head":"<!-- This site is optimized with the Yoast SEO plugin v26.7 - https:\/\/yoast.com\/wordpress\/plugins\/seo\/ -->\n<title>Libros o Cap\u00edtulos en libros - Observatorio de la Cuesti\u00f3n Agraria en Uruguay<\/title>\n<meta name=\"robots\" content=\"index, follow, max-snippet:-1, max-image-preview:large, max-video-preview:-1\" \/>\n<link rel=\"canonical\" href=\"https:\/\/www.ocau.edu.uy\/?page_id=1149\" \/>\n<meta property=\"og:locale\" content=\"es_ES\" \/>\n<meta property=\"og:type\" content=\"article\" \/>\n<meta property=\"og:title\" content=\"Libros o Cap\u00edtulos en libros - Observatorio de la Cuesti\u00f3n Agraria en Uruguay\" \/>\n<meta property=\"og:description\" content=\"Aqu\u00ed se presentan los Libros o Cap\u00edtulos por orden cronol\u00f3gico en que participan integrantes del OCAU\" \/>\n<meta property=\"og:url\" content=\"https:\/\/www.ocau.edu.uy\/?page_id=1149\" \/>\n<meta property=\"og:site_name\" content=\"Observatorio de la Cuesti\u00f3n Agraria en Uruguay\" \/>\n<meta property=\"article:modified_time\" content=\"2025-07-04T16:34:19+00:00\" \/>\n<meta property=\"og:image\" content=\"https:\/\/www.ocau.edu.uy\/wp-content\/uploads\/2021\/03\/cropped-cropped-Logo-OCAU.png\" \/>\n\t<meta property=\"og:image:width\" content=\"512\" \/>\n\t<meta property=\"og:image:height\" content=\"512\" \/>\n\t<meta property=\"og:image:type\" content=\"image\/png\" \/>\n<meta name=\"twitter:card\" content=\"summary_large_image\" \/>\n<meta name=\"twitter:label1\" content=\"Tiempo de lectura\" \/>\n\t<meta name=\"twitter:data1\" content=\"4 minutos\" \/>\n<script type=\"application\/ld+json\" class=\"yoast-schema-graph\">{\"@context\":\"https:\/\/schema.org\",\"@graph\":[{\"@type\":\"WebPage\",\"@id\":\"https:\/\/www.ocau.edu.uy\/?page_id=1149\",\"url\":\"https:\/\/www.ocau.edu.uy\/?page_id=1149\",\"name\":\"Libros o Cap\u00edtulos en libros - Observatorio de la Cuesti\u00f3n Agraria en Uruguay\",\"isPartOf\":{\"@id\":\"https:\/\/www.ocau.edu.uy\/#website\"},\"primaryImageOfPage\":{\"@id\":\"https:\/\/www.ocau.edu.uy\/?page_id=1149#primaryimage\"},\"image\":{\"@id\":\"https:\/\/www.ocau.edu.uy\/?page_id=1149#primaryimage\"},\"thumbnailUrl\":\"https:\/\/www.ocau.edu.uy\/wp-content\/uploads\/2021\/03\/cropped-cropped-Logo-OCAU.png\",\"datePublished\":\"2022-11-24T21:11:35+00:00\",\"dateModified\":\"2025-07-04T16:34:19+00:00\",\"inLanguage\":\"es\",\"potentialAction\":[{\"@type\":\"ReadAction\",\"target\":[\"https:\/\/www.ocau.edu.uy\/?page_id=1149\"]}]},{\"@type\":\"ImageObject\",\"inLanguage\":\"es\",\"@id\":\"https:\/\/www.ocau.edu.uy\/?page_id=1149#primaryimage\",\"url\":\"https:\/\/www.ocau.edu.uy\/wp-content\/uploads\/2021\/03\/cropped-cropped-Logo-OCAU.png\",\"contentUrl\":\"https:\/\/www.ocau.edu.uy\/wp-content\/uploads\/2021\/03\/cropped-cropped-Logo-OCAU.png\",\"width\":512,\"height\":512},{\"@type\":\"WebSite\",\"@id\":\"https:\/\/www.ocau.edu.uy\/#website\",\"url\":\"https:\/\/www.ocau.edu.uy\/\",\"name\":\"Observatorio de la Cuesti\u00f3n Agraria en Uruguay\",\"description\":\"OCAU\",\"publisher\":{\"@id\":\"https:\/\/www.ocau.edu.uy\/#organization\"},\"potentialAction\":[{\"@type\":\"SearchAction\",\"target\":{\"@type\":\"EntryPoint\",\"urlTemplate\":\"https:\/\/www.ocau.edu.uy\/?s={search_term_string}\"},\"query-input\":{\"@type\":\"PropertyValueSpecification\",\"valueRequired\":true,\"valueName\":\"search_term_string\"}}],\"inLanguage\":\"es\"},{\"@type\":\"Organization\",\"@id\":\"https:\/\/www.ocau.edu.uy\/#organization\",\"name\":\"Observatorio de la Cuesti\u00f3n Agraria en Uruguay\",\"url\":\"https:\/\/www.ocau.edu.uy\/\",\"logo\":{\"@type\":\"ImageObject\",\"inLanguage\":\"es\",\"@id\":\"https:\/\/www.ocau.edu.uy\/#\/schema\/logo\/image\/\",\"url\":\"https:\/\/www.ocau.edu.uy\/wp-content\/uploads\/2021\/03\/cropped-Logo-OCAU.png\",\"contentUrl\":\"https:\/\/www.ocau.edu.uy\/wp-content\/uploads\/2021\/03\/cropped-Logo-OCAU.png\",\"width\":540,\"height\":530,\"caption\":\"Observatorio de la Cuesti\u00f3n Agraria en Uruguay\"},\"image\":{\"@id\":\"https:\/\/www.ocau.edu.uy\/#\/schema\/logo\/image\/\"}}]}<\/script>\n<!-- \/ Yoast SEO plugin. -->","yoast_head_json":{"title":"Libros o Cap\u00edtulos en libros - Observatorio de la Cuesti\u00f3n Agraria en Uruguay","robots":{"index":"index","follow":"follow","max-snippet":"max-snippet:-1","max-image-preview":"max-image-preview:large","max-video-preview":"max-video-preview:-1"},"canonical":"https:\/\/www.ocau.edu.uy\/?page_id=1149","og_locale":"es_ES","og_type":"article","og_title":"Libros o Cap\u00edtulos en libros - Observatorio de la Cuesti\u00f3n Agraria en Uruguay","og_description":"Aqu\u00ed se presentan los Libros o Cap\u00edtulos por orden cronol\u00f3gico en que participan integrantes del OCAU","og_url":"https:\/\/www.ocau.edu.uy\/?page_id=1149","og_site_name":"Observatorio de la Cuesti\u00f3n Agraria en Uruguay","article_modified_time":"2025-07-04T16:34:19+00:00","og_image":[{"width":512,"height":512,"url":"https:\/\/www.ocau.edu.uy\/wp-content\/uploads\/2021\/03\/cropped-cropped-Logo-OCAU.png","type":"image\/png"}],"twitter_card":"summary_large_image","twitter_misc":{"Tiempo de lectura":"4 minutos"},"schema":{"@context":"https:\/\/schema.org","@graph":[{"@type":"WebPage","@id":"https:\/\/www.ocau.edu.uy\/?page_id=1149","url":"https:\/\/www.ocau.edu.uy\/?page_id=1149","name":"Libros o Cap\u00edtulos en libros - Observatorio de la Cuesti\u00f3n Agraria en Uruguay","isPartOf":{"@id":"https:\/\/www.ocau.edu.uy\/#website"},"primaryImageOfPage":{"@id":"https:\/\/www.ocau.edu.uy\/?page_id=1149#primaryimage"},"image":{"@id":"https:\/\/www.ocau.edu.uy\/?page_id=1149#primaryimage"},"thumbnailUrl":"https:\/\/www.ocau.edu.uy\/wp-content\/uploads\/2021\/03\/cropped-cropped-Logo-OCAU.png","datePublished":"2022-11-24T21:11:35+00:00","dateModified":"2025-07-04T16:34:19+00:00","inLanguage":"es","potentialAction":[{"@type":"ReadAction","target":["https:\/\/www.ocau.edu.uy\/?page_id=1149"]}]},{"@type":"ImageObject","inLanguage":"es","@id":"https:\/\/www.ocau.edu.uy\/?page_id=1149#primaryimage","url":"https:\/\/www.ocau.edu.uy\/wp-content\/uploads\/2021\/03\/cropped-cropped-Logo-OCAU.png","contentUrl":"https:\/\/www.ocau.edu.uy\/wp-content\/uploads\/2021\/03\/cropped-cropped-Logo-OCAU.png","width":512,"height":512},{"@type":"WebSite","@id":"https:\/\/www.ocau.edu.uy\/#website","url":"https:\/\/www.ocau.edu.uy\/","name":"Observatorio de la Cuesti\u00f3n Agraria en Uruguay","description":"OCAU","publisher":{"@id":"https:\/\/www.ocau.edu.uy\/#organization"},"potentialAction":[{"@type":"SearchAction","target":{"@type":"EntryPoint","urlTemplate":"https:\/\/www.ocau.edu.uy\/?s={search_term_string}"},"query-input":{"@type":"PropertyValueSpecification","valueRequired":true,"valueName":"search_term_string"}}],"inLanguage":"es"},{"@type":"Organization","@id":"https:\/\/www.ocau.edu.uy\/#organization","name":"Observatorio de la Cuesti\u00f3n Agraria en Uruguay","url":"https:\/\/www.ocau.edu.uy\/","logo":{"@type":"ImageObject","inLanguage":"es","@id":"https:\/\/www.ocau.edu.uy\/#\/schema\/logo\/image\/","url":"https:\/\/www.ocau.edu.uy\/wp-content\/uploads\/2021\/03\/cropped-Logo-OCAU.png","contentUrl":"https:\/\/www.ocau.edu.uy\/wp-content\/uploads\/2021\/03\/cropped-Logo-OCAU.png","width":540,"height":530,"caption":"Observatorio de la Cuesti\u00f3n Agraria en Uruguay"},"image":{"@id":"https:\/\/www.ocau.edu.uy\/#\/schema\/logo\/image\/"}}]}},"_links":{"self":[{"href":"https:\/\/www.ocau.edu.uy\/index.php?rest_route=\/wp\/v2\/pages\/1149","targetHints":{"allow":["GET"]}}],"collection":[{"href":"https:\/\/www.ocau.edu.uy\/index.php?rest_route=\/wp\/v2\/pages"}],"about":[{"href":"https:\/\/www.ocau.edu.uy\/index.php?rest_route=\/wp\/v2\/types\/page"}],"author":[{"embeddable":true,"href":"https:\/\/www.ocau.edu.uy\/index.php?rest_route=\/wp\/v2\/users\/3"}],"replies":[{"embeddable":true,"href":"https:\/\/www.ocau.edu.uy\/index.php?rest_route=%2Fwp%2Fv2%2Fcomments&post=1149"}],"version-history":[{"count":6,"href":"https:\/\/www.ocau.edu.uy\/index.php?rest_route=\/wp\/v2\/pages\/1149\/revisions"}],"predecessor-version":[{"id":1436,"href":"https:\/\/www.ocau.edu.uy\/index.php?rest_route=\/wp\/v2\/pages\/1149\/revisions\/1436"}],"wp:featuredmedia":[{"embeddable":true,"href":"https:\/\/www.ocau.edu.uy\/index.php?rest_route=\/wp\/v2\/media\/558"}],"wp:attachment":[{"href":"https:\/\/www.ocau.edu.uy\/index.php?rest_route=%2Fwp%2Fv2%2Fmedia&parent=1149"}],"curies":[{"name":"wp","href":"https:\/\/api.w.org\/{rel}","templated":true}]}}