{"id":1220,"date":"2023-04-28T18:17:46","date_gmt":"2023-04-28T21:17:46","guid":{"rendered":"https:\/\/www.ocau.edu.uy\/?page_id=1220"},"modified":"2023-11-30T15:42:20","modified_gmt":"2023-11-30T18:42:20","slug":"columnas-en-uniradio","status":"publish","type":"page","link":"https:\/\/www.ocau.edu.uy\/?page_id=1220","title":{"rendered":"Columnas en Uniradio"},"content":{"rendered":"\n<div class=\"wp-block-columns is-layout-flex wp-container-core-columns-is-layout-9d6595d7 wp-block-columns-is-layout-flex\">\n<div class=\"wp-block-column is-layout-flow wp-block-column-is-layout-flow\"><\/div>\n\n\n\n<div class=\"wp-block-column is-layout-flow wp-block-column-is-layout-flow\"><\/div>\n<\/div>\n\n\n\n<div class=\"wp-block-columns is-layout-flex wp-container-core-columns-is-layout-9d6595d7 wp-block-columns-is-layout-flex\">\n<div class=\"wp-block-column is-layout-flow wp-block-column-is-layout-flow\" style=\"flex-basis:33.33%\">\n<figure class=\"wp-block-image size-large\"><img loading=\"lazy\" decoding=\"async\" width=\"1024\" height=\"1024\" src=\"https:\/\/www.ocau.edu.uy\/wp-content\/uploads\/2023\/04\/Martes-18-1140hs-7-1024x1024.png\" alt=\"\" class=\"wp-image-1221\" srcset=\"https:\/\/www.ocau.edu.uy\/wp-content\/uploads\/2023\/04\/Martes-18-1140hs-7-1024x1024.png 1024w, https:\/\/www.ocau.edu.uy\/wp-content\/uploads\/2023\/04\/Martes-18-1140hs-7-300x300.png 300w, https:\/\/www.ocau.edu.uy\/wp-content\/uploads\/2023\/04\/Martes-18-1140hs-7-150x150.png 150w, https:\/\/www.ocau.edu.uy\/wp-content\/uploads\/2023\/04\/Martes-18-1140hs-7-768x768.png 768w, https:\/\/www.ocau.edu.uy\/wp-content\/uploads\/2023\/04\/Martes-18-1140hs-7.png 1080w\" sizes=\"auto, (max-width: 1024px) 100vw, 1024px\" \/><\/figure>\n<\/div>\n\n\n\n<div class=\"wp-block-column is-layout-flow wp-block-column-is-layout-flow\" style=\"flex-basis:66.66%\">\n<p><strong>Estrenamos un ciclo en Comunidad Udelar &#8211; Uniradio<\/strong><\/p>\n\n\n\n<p>Nos  motiv\u00f3 fue la necesidad de tener materiales de difusi\u00f3n alternativos a los informes identificada en un <a href=\"https:\/\/www.ocau.edu.uy\/?page_id=995\">taller con organizaciones sociales en 2022<\/a>.<\/p>\n\n\n\n<p>Juan Riet y Sof\u00eda M\u00e9ndez cuentan qui\u00e9nes integran OCAU, con qui\u00e9nes y en qu\u00e9 trabajamos, y de qu\u00e9 se trata este ciclo.<\/p>\n\n\n\n<p>Nos encontramos todos los martes cada 15 d\u00edas.<\/p>\n\n\n\n<p><a href=\"http:\/\/www.uniradio.edu.uy\/2023\/04\/comunidad-udelar-martes-18-de-abril-benjamin-saez-y-el-observatorio-de-la-cuestion-agraria-de-la-udelar\/\">Escucha la columna aqu\u00ed<\/a>.<\/p>\n<\/div>\n<\/div>\n\n\n\n<div class=\"wp-block-columns is-layout-flex wp-container-core-columns-is-layout-9d6595d7 wp-block-columns-is-layout-flex\">\n<div class=\"wp-block-column is-layout-flow wp-block-column-is-layout-flow\" style=\"flex-basis:33.33%\">\n<figure class=\"wp-block-image size-large\"><img loading=\"lazy\" decoding=\"async\" width=\"1024\" height=\"1024\" src=\"https:\/\/www.ocau.edu.uy\/wp-content\/uploads\/2023\/04\/Martes-18-1115hs-7-1024x1024.png\" alt=\"\" class=\"wp-image-1222\" srcset=\"https:\/\/www.ocau.edu.uy\/wp-content\/uploads\/2023\/04\/Martes-18-1115hs-7-1024x1024.png 1024w, https:\/\/www.ocau.edu.uy\/wp-content\/uploads\/2023\/04\/Martes-18-1115hs-7-300x300.png 300w, https:\/\/www.ocau.edu.uy\/wp-content\/uploads\/2023\/04\/Martes-18-1115hs-7-150x150.png 150w, https:\/\/www.ocau.edu.uy\/wp-content\/uploads\/2023\/04\/Martes-18-1115hs-7-768x768.png 768w, https:\/\/www.ocau.edu.uy\/wp-content\/uploads\/2023\/04\/Martes-18-1115hs-7.png 1080w\" sizes=\"auto, (max-width: 1024px) 100vw, 1024px\" \/><\/figure>\n<\/div>\n\n\n\n<div class=\"wp-block-column is-layout-flow wp-block-column-is-layout-flow\" style=\"flex-basis:66.66%\">\n<p><strong>Estructura Agraria<\/strong><\/p>\n\n\n\n<p>La estructura agraria en Uruguay, \u00bfPorqu\u00e9 es relevante su estudio?. \u00bfQuienes son los poseedores de la tierra en Uruguay? \u00bfComo se compone el trabajo agrario?<\/p>\n\n\n\n<p>En esta columna abordaremos el tema de la estructura agraria, qu\u00e9 es, qu\u00e9 resultados encontramos en los informes del OCAU del 2020 y 2021.<\/p>\n\n\n\n<p><a href=\"https:\/\/youtu.be\/AP5jSSAY5e4\">Escuch\u00e1 la columna aqu\u00ed.<\/a> <\/p>\n<\/div>\n<\/div>\n\n\n\n<div class=\"wp-block-columns is-layout-flex wp-container-core-columns-is-layout-9d6595d7 wp-block-columns-is-layout-flex\">\n<div class=\"wp-block-column is-layout-flow wp-block-column-is-layout-flow\" style=\"flex-basis:33.33%\">\n<figure class=\"wp-block-gallery has-nested-images columns-default is-cropped wp-block-gallery-1 is-layout-flex wp-block-gallery-is-layout-flex\">\n<figure class=\"wp-block-image size-large\"><img loading=\"lazy\" decoding=\"async\" width=\"1024\" height=\"1024\" data-id=\"1231\" src=\"https:\/\/www.ocau.edu.uy\/wp-content\/uploads\/2023\/05\/Martes-16_05-1140hs_Politica-de-la-tierra-y-acceso-colectivo-1024x1024.png\" alt=\"\" class=\"wp-image-1231\" srcset=\"https:\/\/www.ocau.edu.uy\/wp-content\/uploads\/2023\/05\/Martes-16_05-1140hs_Politica-de-la-tierra-y-acceso-colectivo-1024x1024.png 1024w, https:\/\/www.ocau.edu.uy\/wp-content\/uploads\/2023\/05\/Martes-16_05-1140hs_Politica-de-la-tierra-y-acceso-colectivo-300x300.png 300w, https:\/\/www.ocau.edu.uy\/wp-content\/uploads\/2023\/05\/Martes-16_05-1140hs_Politica-de-la-tierra-y-acceso-colectivo-150x150.png 150w, https:\/\/www.ocau.edu.uy\/wp-content\/uploads\/2023\/05\/Martes-16_05-1140hs_Politica-de-la-tierra-y-acceso-colectivo-768x768.png 768w, https:\/\/www.ocau.edu.uy\/wp-content\/uploads\/2023\/05\/Martes-16_05-1140hs_Politica-de-la-tierra-y-acceso-colectivo.png 1080w\" sizes=\"auto, (max-width: 1024px) 100vw, 1024px\" \/><\/figure>\n<\/figure>\n<\/div>\n\n\n\n<div class=\"wp-block-column is-layout-flow wp-block-column-is-layout-flow\" style=\"flex-basis:66.66%\">\n<p><strong>Pol\u00edtica de la tierra y acceso colectivo<\/strong><\/p>\n\n\n\n<p><em>\u00bfQui\u00e9n accede a la tierra? \u00bfPara qu\u00e9? \u00bfQu\u00e9 pol\u00edticas existen para la promoci\u00f3n del acceso colectivo a la misma?<\/em><\/p>\n\n\n\n<p>En esta columna abordamos el tema de la pol\u00edtica de la tierra y acceso colectivo, y los resultados que encontramos en los informes del OCAU del 2020 y 2021.<\/p>\n\n\n\n<p><a href=\"https:\/\/youtu.be\/EF7P-097Q1M\">Escuch\u00e1 la columna aqu\u00ed.<\/a><\/p>\n<\/div>\n<\/div>\n\n\n\n<div class=\"wp-block-columns is-layout-flex wp-container-core-columns-is-layout-9d6595d7 wp-block-columns-is-layout-flex\">\n<div class=\"wp-block-column is-layout-flow wp-block-column-is-layout-flow\" style=\"flex-basis:33.33%\">\n<figure class=\"wp-block-gallery has-nested-images columns-default is-cropped wp-block-gallery-2 is-layout-flex wp-block-gallery-is-layout-flex\">\n<figure class=\"wp-block-image size-large\"><img loading=\"lazy\" decoding=\"async\" width=\"1024\" height=\"1024\" data-id=\"1239\" src=\"https:\/\/www.ocau.edu.uy\/wp-content\/uploads\/2023\/05\/Martes-30-de-mayo-Uniradio-1024x1024.png\" alt=\"\" class=\"wp-image-1239\" srcset=\"https:\/\/www.ocau.edu.uy\/wp-content\/uploads\/2023\/05\/Martes-30-de-mayo-Uniradio-1024x1024.png 1024w, https:\/\/www.ocau.edu.uy\/wp-content\/uploads\/2023\/05\/Martes-30-de-mayo-Uniradio-300x300.png 300w, https:\/\/www.ocau.edu.uy\/wp-content\/uploads\/2023\/05\/Martes-30-de-mayo-Uniradio-150x150.png 150w, https:\/\/www.ocau.edu.uy\/wp-content\/uploads\/2023\/05\/Martes-30-de-mayo-Uniradio-768x768.png 768w, https:\/\/www.ocau.edu.uy\/wp-content\/uploads\/2023\/05\/Martes-30-de-mayo-Uniradio.png 1080w\" sizes=\"auto, (max-width: 1024px) 100vw, 1024px\" \/><\/figure>\n<\/figure>\n<\/div>\n\n\n\n<div class=\"wp-block-column is-layout-flow wp-block-column-is-layout-flow\" style=\"flex-basis:66.66%\">\n<p><strong>Territorializaci\u00f3n del capital y agua<\/strong><\/p>\n\n\n\n<p><\/p>\n\n\n\n<p>En esta columna abordaremos algunos de los resultados del informe del OCAU 2020 y 2021 sobre territorializaci\u00f3n del capital. Tambi\u00e9n se presentar\u00e1n algunos resultados de los aportes que el Grupo Ecolog\u00eda Pol\u00edtica del Agua realiz\u00f3 al informe.<\/p>\n\n\n\n<p><a href=\"https:\/\/youtu.be\/EVBad5h2MNQ\">Escuch\u00e1 la columna aqu\u00ed.<\/a> <\/p>\n<\/div>\n<\/div>\n\n\n\n<div class=\"wp-block-columns is-layout-flex wp-container-core-columns-is-layout-9d6595d7 wp-block-columns-is-layout-flex\">\n<div class=\"wp-block-column is-layout-flow wp-block-column-is-layout-flow\" style=\"flex-basis:33.33%\">\n<figure class=\"wp-block-gallery has-nested-images columns-default is-cropped wp-block-gallery-3 is-layout-flex wp-block-gallery-is-layout-flex\">\n<figure class=\"wp-block-image size-large\"><img loading=\"lazy\" decoding=\"async\" width=\"1024\" height=\"1024\" data-id=\"1256\" src=\"https:\/\/www.ocau.edu.uy\/wp-content\/uploads\/2023\/06\/photo_2023-06-13_11-52-30-1024x1024.jpg\" alt=\"\" class=\"wp-image-1256\" srcset=\"https:\/\/www.ocau.edu.uy\/wp-content\/uploads\/2023\/06\/photo_2023-06-13_11-52-30-1024x1024.jpg 1024w, https:\/\/www.ocau.edu.uy\/wp-content\/uploads\/2023\/06\/photo_2023-06-13_11-52-30-300x300.jpg 300w, https:\/\/www.ocau.edu.uy\/wp-content\/uploads\/2023\/06\/photo_2023-06-13_11-52-30-150x150.jpg 150w, https:\/\/www.ocau.edu.uy\/wp-content\/uploads\/2023\/06\/photo_2023-06-13_11-52-30-768x768.jpg 768w, https:\/\/www.ocau.edu.uy\/wp-content\/uploads\/2023\/06\/photo_2023-06-13_11-52-30.jpg 1080w\" sizes=\"auto, (max-width: 1024px) 100vw, 1024px\" \/><\/figure>\n<\/figure>\n<\/div>\n\n\n\n<div class=\"wp-block-column is-layout-flow wp-block-column-is-layout-flow\" style=\"flex-basis:66.66%\">\n<p><strong>Movimientos y luchas territoriales: Mujeres rurales<\/strong><\/p>\n\n\n\n<p><\/p>\n\n\n\n<p>En esta columna nos centraremos en porqu\u00e9 el observatorio incorpora las luchas territoriales a su an\u00e1lisis, y en particular la importancia y el protagonismo de las mujeres rurales en estas luchas. Asimismo, se cuenta sobre la experiencia del grupo de productoras Semillas Fronterizas de Rivera. Dejamos aqu\u00ed los enlaces a algunos de los videos publicados por Redes &#8211; Amigos de la Tierra  que cuentan la experiencia de las productoras que conforman este grupo: <a href=\"https:\/\/www.facebook.com\/watch\/?v=4778727895513223\">Video 1<\/a>. <a href=\"https:\/\/www.facebook.com\/watch\/?v=628030641710118\">Video 2<\/a>. <a href=\"https:\/\/www.facebook.com\/watch\/?v=907505993220658\">Video 3<\/a>. <a href=\"https:\/\/youtu.be\/E5FzISm9vvY\">Video 4<\/a>.<\/p>\n\n\n\n<p>Parte de esto lo pod\u00e9s leer en los <a href=\"https:\/\/www.ocau.edu.uy\/?page_id=973\">informes del observatorio<\/a>.<\/p>\n\n\n\n<p>Escuch\u00e1 la columna <a href=\"https:\/\/youtu.be\/tEsr5F8wncE\">aqu\u00ed.<\/a><\/p>\n<\/div>\n<\/div>\n\n\n\n<div id=\"wp-block-themeisle-blocks-advanced-columns-980e3739\" class=\"wp-block-themeisle-blocks-advanced-columns has-1-columns has-desktop-equal-layout has-tablet-equal-layout has-mobile-equal-layout has-vertical-unset\"><div class=\"wp-block-themeisle-blocks-advanced-columns-overlay\"><\/div><div class=\"innerblocks-wrap\">\n<div id=\"wp-block-themeisle-blocks-advanced-column-38953c6d\" class=\"wp-block-themeisle-blocks-advanced-column\"><\/div>\n<\/div><\/div>\n\n\n\n<div class=\"wp-block-query is-layout-flow wp-block-query-is-layout-flow\"><ul class=\"wp-block-post-template is-layout-flow wp-block-post-template-is-layout-flow\"><li class=\"wp-block-post post-599 post type-post status-publish format-standard has-post-thumbnail hentry category-la-territorializacion-del-mega-capital\">\n\n<div class=\"wp-block-columns alignwide is-layout-flex wp-container-core-columns-is-layout-9d6595d7 wp-block-columns-is-layout-flex\"><\/div>\n\n<\/li><li class=\"wp-block-post post-466 post type-post status-publish format-standard has-post-thumbnail hentry category-cooperativismo-asociativismo\">\n\n<div class=\"wp-block-columns alignwide is-layout-flex wp-container-core-columns-is-layout-9d6595d7 wp-block-columns-is-layout-flex\"><\/div>\n\n<\/li><\/ul><\/div>\n","protected":false},"excerpt":{"rendered":"<p>Estrenamos un ciclo en Comunidad Udelar &#8211; Uniradio Nos motiv\u00f3 fue la necesidad de tener materiales de difusi\u00f3n alternativos a los informes identificada en un taller con organizaciones sociales en 2022. Juan Riet y Sof\u00eda M\u00e9ndez cuentan qui\u00e9nes integran OCAU, con qui\u00e9nes y en qu\u00e9 trabajamos, y de qu\u00e9 se trata este ciclo. Nos encontramos&hellip;&nbsp;<a href=\"https:\/\/www.ocau.edu.uy\/?page_id=1220\" class=\"\" rel=\"bookmark\">Leer m\u00e1s &raquo;<span class=\"screen-reader-text\">Columnas en Uniradio<\/span><\/a><\/p>\n","protected":false},"author":3,"featured_media":0,"parent":0,"menu_order":0,"comment_status":"closed","ping_status":"closed","template":"","meta":{"neve_meta_sidebar":"full-width","neve_meta_container":"","neve_meta_enable_content_width":"on","neve_meta_content_width":100,"neve_meta_title_alignment":"","neve_meta_author_avatar":"","neve_post_elements_order":"","neve_meta_disable_header":"","neve_meta_disable_footer":"","neve_meta_disable_title":"","_themeisle_gutenberg_block_has_review":false,"footnotes":""},"class_list":["post-1220","page","type-page","status-publish","hentry"],"yoast_head":"<!-- This site is optimized with the Yoast SEO plugin v26.7 - https:\/\/yoast.com\/wordpress\/plugins\/seo\/ -->\n<title>Columnas en Uniradio - Observatorio de la Cuesti\u00f3n Agraria en Uruguay<\/title>\n<meta name=\"robots\" content=\"index, follow, max-snippet:-1, max-image-preview:large, max-video-preview:-1\" \/>\n<link rel=\"canonical\" href=\"https:\/\/www.ocau.edu.uy\/?page_id=1220\" \/>\n<meta property=\"og:locale\" content=\"es_ES\" \/>\n<meta property=\"og:type\" content=\"article\" \/>\n<meta property=\"og:title\" content=\"Columnas en Uniradio - Observatorio de la Cuesti\u00f3n Agraria en Uruguay\" \/>\n<meta property=\"og:description\" content=\"Estrenamos un ciclo en Comunidad Udelar &#8211; Uniradio Nos motiv\u00f3 fue la necesidad de tener materiales de difusi\u00f3n alternativos a los informes identificada en un taller con organizaciones sociales en 2022. Juan Riet y Sof\u00eda M\u00e9ndez cuentan qui\u00e9nes integran OCAU, con qui\u00e9nes y en qu\u00e9 trabajamos, y de qu\u00e9 se trata este ciclo. Nos encontramos&hellip;&nbsp;Leer m\u00e1s &raquo;Columnas en Uniradio\" \/>\n<meta property=\"og:url\" content=\"https:\/\/www.ocau.edu.uy\/?page_id=1220\" \/>\n<meta property=\"og:site_name\" content=\"Observatorio de la Cuesti\u00f3n Agraria en Uruguay\" \/>\n<meta property=\"article:modified_time\" content=\"2023-11-30T18:42:20+00:00\" \/>\n<meta property=\"og:image\" content=\"https:\/\/www.ocau.edu.uy\/wp-content\/uploads\/2023\/04\/Martes-18-1140hs-7-1024x1024.png\" \/>\n<meta name=\"twitter:card\" content=\"summary_large_image\" \/>\n<meta name=\"twitter:label1\" content=\"Tiempo de lectura\" \/>\n\t<meta name=\"twitter:data1\" content=\"3 minutos\" \/>\n<script type=\"application\/ld+json\" class=\"yoast-schema-graph\">{\"@context\":\"https:\/\/schema.org\",\"@graph\":[{\"@type\":\"WebPage\",\"@id\":\"https:\/\/www.ocau.edu.uy\/?page_id=1220\",\"url\":\"https:\/\/www.ocau.edu.uy\/?page_id=1220\",\"name\":\"Columnas en Uniradio - Observatorio de la Cuesti\u00f3n Agraria en Uruguay\",\"isPartOf\":{\"@id\":\"https:\/\/www.ocau.edu.uy\/#website\"},\"primaryImageOfPage\":{\"@id\":\"https:\/\/www.ocau.edu.uy\/?page_id=1220#primaryimage\"},\"image\":{\"@id\":\"https:\/\/www.ocau.edu.uy\/?page_id=1220#primaryimage\"},\"thumbnailUrl\":\"https:\/\/www.ocau.edu.uy\/wp-content\/uploads\/2023\/04\/Martes-18-1140hs-7-1024x1024.png\",\"datePublished\":\"2023-04-28T21:17:46+00:00\",\"dateModified\":\"2023-11-30T18:42:20+00:00\",\"inLanguage\":\"es\",\"potentialAction\":[{\"@type\":\"ReadAction\",\"target\":[\"https:\/\/www.ocau.edu.uy\/?page_id=1220\"]}]},{\"@type\":\"ImageObject\",\"inLanguage\":\"es\",\"@id\":\"https:\/\/www.ocau.edu.uy\/?page_id=1220#primaryimage\",\"url\":\"https:\/\/www.ocau.edu.uy\/wp-content\/uploads\/2023\/04\/Martes-18-1140hs-7.png\",\"contentUrl\":\"https:\/\/www.ocau.edu.uy\/wp-content\/uploads\/2023\/04\/Martes-18-1140hs-7.png\",\"width\":1080,\"height\":1080},{\"@type\":\"WebSite\",\"@id\":\"https:\/\/www.ocau.edu.uy\/#website\",\"url\":\"https:\/\/www.ocau.edu.uy\/\",\"name\":\"Observatorio de la Cuesti\u00f3n Agraria en Uruguay\",\"description\":\"OCAU\",\"publisher\":{\"@id\":\"https:\/\/www.ocau.edu.uy\/#organization\"},\"potentialAction\":[{\"@type\":\"SearchAction\",\"target\":{\"@type\":\"EntryPoint\",\"urlTemplate\":\"https:\/\/www.ocau.edu.uy\/?s={search_term_string}\"},\"query-input\":{\"@type\":\"PropertyValueSpecification\",\"valueRequired\":true,\"valueName\":\"search_term_string\"}}],\"inLanguage\":\"es\"},{\"@type\":\"Organization\",\"@id\":\"https:\/\/www.ocau.edu.uy\/#organization\",\"name\":\"Observatorio de la Cuesti\u00f3n Agraria en Uruguay\",\"url\":\"https:\/\/www.ocau.edu.uy\/\",\"logo\":{\"@type\":\"ImageObject\",\"inLanguage\":\"es\",\"@id\":\"https:\/\/www.ocau.edu.uy\/#\/schema\/logo\/image\/\",\"url\":\"https:\/\/www.ocau.edu.uy\/wp-content\/uploads\/2021\/03\/cropped-Logo-OCAU.png\",\"contentUrl\":\"https:\/\/www.ocau.edu.uy\/wp-content\/uploads\/2021\/03\/cropped-Logo-OCAU.png\",\"width\":540,\"height\":530,\"caption\":\"Observatorio de la Cuesti\u00f3n Agraria en Uruguay\"},\"image\":{\"@id\":\"https:\/\/www.ocau.edu.uy\/#\/schema\/logo\/image\/\"}}]}<\/script>\n<!-- \/ Yoast SEO plugin. -->","yoast_head_json":{"title":"Columnas en Uniradio - Observatorio de la Cuesti\u00f3n Agraria en Uruguay","robots":{"index":"index","follow":"follow","max-snippet":"max-snippet:-1","max-image-preview":"max-image-preview:large","max-video-preview":"max-video-preview:-1"},"canonical":"https:\/\/www.ocau.edu.uy\/?page_id=1220","og_locale":"es_ES","og_type":"article","og_title":"Columnas en Uniradio - Observatorio de la Cuesti\u00f3n Agraria en Uruguay","og_description":"Estrenamos un ciclo en Comunidad Udelar &#8211; Uniradio Nos motiv\u00f3 fue la necesidad de tener materiales de difusi\u00f3n alternativos a los informes identificada en un taller con organizaciones sociales en 2022. Juan Riet y Sof\u00eda M\u00e9ndez cuentan qui\u00e9nes integran OCAU, con qui\u00e9nes y en qu\u00e9 trabajamos, y de qu\u00e9 se trata este ciclo. Nos encontramos&hellip;&nbsp;Leer m\u00e1s &raquo;Columnas en Uniradio","og_url":"https:\/\/www.ocau.edu.uy\/?page_id=1220","og_site_name":"Observatorio de la Cuesti\u00f3n Agraria en Uruguay","article_modified_time":"2023-11-30T18:42:20+00:00","og_image":[{"url":"https:\/\/www.ocau.edu.uy\/wp-content\/uploads\/2023\/04\/Martes-18-1140hs-7-1024x1024.png","type":"","width":"","height":""}],"twitter_card":"summary_large_image","twitter_misc":{"Tiempo de lectura":"3 minutos"},"schema":{"@context":"https:\/\/schema.org","@graph":[{"@type":"WebPage","@id":"https:\/\/www.ocau.edu.uy\/?page_id=1220","url":"https:\/\/www.ocau.edu.uy\/?page_id=1220","name":"Columnas en Uniradio - Observatorio de la Cuesti\u00f3n Agraria en Uruguay","isPartOf":{"@id":"https:\/\/www.ocau.edu.uy\/#website"},"primaryImageOfPage":{"@id":"https:\/\/www.ocau.edu.uy\/?page_id=1220#primaryimage"},"image":{"@id":"https:\/\/www.ocau.edu.uy\/?page_id=1220#primaryimage"},"thumbnailUrl":"https:\/\/www.ocau.edu.uy\/wp-content\/uploads\/2023\/04\/Martes-18-1140hs-7-1024x1024.png","datePublished":"2023-04-28T21:17:46+00:00","dateModified":"2023-11-30T18:42:20+00:00","inLanguage":"es","potentialAction":[{"@type":"ReadAction","target":["https:\/\/www.ocau.edu.uy\/?page_id=1220"]}]},{"@type":"ImageObject","inLanguage":"es","@id":"https:\/\/www.ocau.edu.uy\/?page_id=1220#primaryimage","url":"https:\/\/www.ocau.edu.uy\/wp-content\/uploads\/2023\/04\/Martes-18-1140hs-7.png","contentUrl":"https:\/\/www.ocau.edu.uy\/wp-content\/uploads\/2023\/04\/Martes-18-1140hs-7.png","width":1080,"height":1080},{"@type":"WebSite","@id":"https:\/\/www.ocau.edu.uy\/#website","url":"https:\/\/www.ocau.edu.uy\/","name":"Observatorio de la Cuesti\u00f3n Agraria en Uruguay","description":"OCAU","publisher":{"@id":"https:\/\/www.ocau.edu.uy\/#organization"},"potentialAction":[{"@type":"SearchAction","target":{"@type":"EntryPoint","urlTemplate":"https:\/\/www.ocau.edu.uy\/?s={search_term_string}"},"query-input":{"@type":"PropertyValueSpecification","valueRequired":true,"valueName":"search_term_string"}}],"inLanguage":"es"},{"@type":"Organization","@id":"https:\/\/www.ocau.edu.uy\/#organization","name":"Observatorio de la Cuesti\u00f3n Agraria en Uruguay","url":"https:\/\/www.ocau.edu.uy\/","logo":{"@type":"ImageObject","inLanguage":"es","@id":"https:\/\/www.ocau.edu.uy\/#\/schema\/logo\/image\/","url":"https:\/\/www.ocau.edu.uy\/wp-content\/uploads\/2021\/03\/cropped-Logo-OCAU.png","contentUrl":"https:\/\/www.ocau.edu.uy\/wp-content\/uploads\/2021\/03\/cropped-Logo-OCAU.png","width":540,"height":530,"caption":"Observatorio de la Cuesti\u00f3n Agraria en Uruguay"},"image":{"@id":"https:\/\/www.ocau.edu.uy\/#\/schema\/logo\/image\/"}}]}},"_links":{"self":[{"href":"https:\/\/www.ocau.edu.uy\/index.php?rest_route=\/wp\/v2\/pages\/1220","targetHints":{"allow":["GET"]}}],"collection":[{"href":"https:\/\/www.ocau.edu.uy\/index.php?rest_route=\/wp\/v2\/pages"}],"about":[{"href":"https:\/\/www.ocau.edu.uy\/index.php?rest_route=\/wp\/v2\/types\/page"}],"author":[{"embeddable":true,"href":"https:\/\/www.ocau.edu.uy\/index.php?rest_route=\/wp\/v2\/users\/3"}],"replies":[{"embeddable":true,"href":"https:\/\/www.ocau.edu.uy\/index.php?rest_route=%2Fwp%2Fv2%2Fcomments&post=1220"}],"version-history":[{"count":11,"href":"https:\/\/www.ocau.edu.uy\/index.php?rest_route=\/wp\/v2\/pages\/1220\/revisions"}],"predecessor-version":[{"id":1330,"href":"https:\/\/www.ocau.edu.uy\/index.php?rest_route=\/wp\/v2\/pages\/1220\/revisions\/1330"}],"wp:attachment":[{"href":"https:\/\/www.ocau.edu.uy\/index.php?rest_route=%2Fwp%2Fv2%2Fmedia&parent=1220"}],"curies":[{"name":"wp","href":"https:\/\/api.w.org\/{rel}","templated":true}]}}