{"id":1295,"date":"2023-11-22T14:09:18","date_gmt":"2023-11-22T17:09:18","guid":{"rendered":"https:\/\/www.ocau.edu.uy\/?page_id=1295"},"modified":"2023-11-22T19:29:55","modified_gmt":"2023-11-22T22:29:55","slug":"seminario-mujeres-2023","status":"publish","type":"page","link":"https:\/\/www.ocau.edu.uy\/?page_id=1295","title":{"rendered":"Seminario 2023"},"content":{"rendered":"\n<p class=\"has-large-font-size\"><\/p>\n\n\n\n<div id=\"wp-block-themeisle-blocks-advanced-columns-c51613dd\" class=\"wp-block-themeisle-blocks-advanced-columns has-1-columns has-desktop-equal-layout has-tablet-equal-layout has-mobile-equal-layout has-vertical-unset has-default-gap\"><div class=\"wp-block-themeisle-blocks-advanced-columns-overlay\"><\/div><div class=\"innerblocks-wrap\">\n<div id=\"wp-block-themeisle-blocks-advanced-column-43d48c98\" class=\"wp-block-themeisle-blocks-advanced-column\"><div class=\"wp-block-image\">\n<figure class=\"aligncenter size-large is-resized\"><img loading=\"lazy\" decoding=\"async\" width=\"934\" height=\"1024\" src=\"https:\/\/www.ocau.edu.uy\/wp-content\/uploads\/2023\/11\/mujeres-y-soberania-934x1024.jpg\" alt=\"\" class=\"wp-image-1296\" style=\"aspect-ratio:0.44783904619970194;width:522px;height:auto\" srcset=\"https:\/\/www.ocau.edu.uy\/wp-content\/uploads\/2023\/11\/mujeres-y-soberania-934x1024.jpg 934w, https:\/\/www.ocau.edu.uy\/wp-content\/uploads\/2023\/11\/mujeres-y-soberania-274x300.jpg 274w, https:\/\/www.ocau.edu.uy\/wp-content\/uploads\/2023\/11\/mujeres-y-soberania-768x842.jpg 768w, https:\/\/www.ocau.edu.uy\/wp-content\/uploads\/2023\/11\/mujeres-y-soberania.jpg 1167w\" sizes=\"auto, (max-width: 934px) 100vw, 934px\" \/><\/figure>\n<\/div><\/div>\n<\/div><\/div>\n\n\n\n<p><\/p>\n\n\n\n<p><strong>El d\u00eda 13 de octubre del a\u00f1o 2023, se realiz\u00f3 en la Intendencia de Rivera encuentro denominado \u00abMujeres y soberan\u00eda alimentaria\u00bb organizado por Grupo de Semillas Fronterizas,\u00a0 Redes Amigos de la tierra. El OCAU particip\u00f3 en el conjunto de la actividad y colabor\u00f3 en la realizaci\u00f3n de una presentaci\u00f3n sobre las principales caracter\u00edsticas geogr\u00e1ficas de la regi\u00f3n noreste. A modo de s\u00edntesis mencionar que la transformaci\u00f3n del uso del suelo en la frontera del departamento de Rivera hay sido muy profunda en los \u00faltimos 30 a\u00f1os, perdiendo pastizal a mano de agricultura de secano (soja) del lado brasilero y Silvicultura del lado uruguayo. Estos cambios en la estructura agraria han impactado en la composici\u00f3n social y en especial sobre la mujer rural. Por m\u00e1s informaci\u00f3n descargar la presentaci\u00f3n. <\/strong><\/p>\n\n\n\n<p>La presentaci\u00f3n del OCAU en el evento se puede descargar de aqu\u00ed<\/p>\n\n\n\n<div class=\"wp-block-buttons is-layout-flex wp-block-buttons-is-layout-flex\">\n<div class=\"wp-block-button is-style-primary\"><a class=\"wp-block-button__link wp-element-button\" href=\"https:\/\/www.ocau.edu.uy\/wp-content\/uploads\/2023\/11\/Presentacion-seminario-mujeres-Rivera-2023-1.pdf\" target=\"_blank\" rel=\"noreferrer noopener\">Descargar presentaci<img decoding=\"async\" class=\"wp-image-1298\" style=\"width: NaNpx;\" src=\"https:\/\/www.ocau.edu.uy\/wp-content\/uploads\/2023\/11\/Presentacion-seminario-mujeres-Rivera-2023.pdf\" alt=\"\"><img decoding=\"async\" class=\"wp-image-1299\" style=\"width: NaNpx;\" src=\"https:\/\/www.ocau.edu.uy\/wp-content\/uploads\/2023\/11\/Presentacion-seminario-mujeres-Rivera-2023-1.pdf\" alt=\"\">\u00f3n<\/a><\/div>\n<\/div>\n\n\n\n<p><\/p>\n\n\n\n<figure class=\"wp-block-image size-large is-resized\"><img loading=\"lazy\" decoding=\"async\" width=\"1024\" height=\"771\" src=\"https:\/\/www.ocau.edu.uy\/wp-content\/uploads\/2023\/11\/Presentacion_1-1024x771.jpg\" alt=\"\" class=\"wp-image-1300\" style=\"width:863px;height:auto\" srcset=\"https:\/\/www.ocau.edu.uy\/wp-content\/uploads\/2023\/11\/Presentacion_1-1024x771.jpg 1024w, https:\/\/www.ocau.edu.uy\/wp-content\/uploads\/2023\/11\/Presentacion_1-300x226.jpg 300w, https:\/\/www.ocau.edu.uy\/wp-content\/uploads\/2023\/11\/Presentacion_1-768x578.jpg 768w, https:\/\/www.ocau.edu.uy\/wp-content\/uploads\/2023\/11\/Presentacion_1.jpg 1280w\" sizes=\"auto, (max-width: 1024px) 100vw, 1024px\" \/><figcaption class=\"wp-element-caption\">Exposici\u00f3n por parte del OCAU en el seminario<\/figcaption><\/figure>\n\n\n\n<figure class=\"wp-block-image size-large is-resized\"><img loading=\"lazy\" decoding=\"async\" width=\"1024\" height=\"570\" src=\"https:\/\/www.ocau.edu.uy\/wp-content\/uploads\/2023\/11\/taller-adriana_aerosol-1-1024x570.jpg\" alt=\"\" class=\"wp-image-1318\" style=\"width:865px;height:auto\" srcset=\"https:\/\/www.ocau.edu.uy\/wp-content\/uploads\/2023\/11\/taller-adriana_aerosol-1-1024x570.jpg 1024w, https:\/\/www.ocau.edu.uy\/wp-content\/uploads\/2023\/11\/taller-adriana_aerosol-1-300x167.jpg 300w, https:\/\/www.ocau.edu.uy\/wp-content\/uploads\/2023\/11\/taller-adriana_aerosol-1-768x427.jpg 768w, https:\/\/www.ocau.edu.uy\/wp-content\/uploads\/2023\/11\/taller-adriana_aerosol-1.jpg 1280w\" sizes=\"auto, (max-width: 1024px) 100vw, 1024px\" \/><\/figure>\n\n\n\n<figure class=\"wp-block-image size-large is-resized\"><img loading=\"lazy\" decoding=\"async\" width=\"1024\" height=\"768\" src=\"https:\/\/www.ocau.edu.uy\/wp-content\/uploads\/2023\/11\/Vero-y-escolares_con-aerosol-1024x768.jpg\" alt=\"\" class=\"wp-image-1305\" style=\"width:866px;height:auto\" srcset=\"https:\/\/www.ocau.edu.uy\/wp-content\/uploads\/2023\/11\/Vero-y-escolares_con-aerosol-1024x768.jpg 1024w, https:\/\/www.ocau.edu.uy\/wp-content\/uploads\/2023\/11\/Vero-y-escolares_con-aerosol-300x225.jpg 300w, https:\/\/www.ocau.edu.uy\/wp-content\/uploads\/2023\/11\/Vero-y-escolares_con-aerosol-768x576.jpg 768w, https:\/\/www.ocau.edu.uy\/wp-content\/uploads\/2023\/11\/Vero-y-escolares_con-aerosol.jpg 1280w\" sizes=\"auto, (max-width: 1024px) 100vw, 1024px\" \/><figcaption class=\"wp-element-caption\">Taller plantas nativas con escuelas rurales<\/figcaption><\/figure>\n\n\n\n<figure class=\"wp-block-image size-full is-resized\"><img loading=\"lazy\" decoding=\"async\" width=\"960\" height=\"557\" src=\"https:\/\/www.ocau.edu.uy\/wp-content\/uploads\/2023\/11\/feria_1_recorte.jpg\" alt=\"\" class=\"wp-image-1319\" style=\"width:870px;height:auto\" srcset=\"https:\/\/www.ocau.edu.uy\/wp-content\/uploads\/2023\/11\/feria_1_recorte.jpg 960w, https:\/\/www.ocau.edu.uy\/wp-content\/uploads\/2023\/11\/feria_1_recorte-300x174.jpg 300w, https:\/\/www.ocau.edu.uy\/wp-content\/uploads\/2023\/11\/feria_1_recorte-768x446.jpg 768w\" sizes=\"auto, (max-width: 960px) 100vw, 960px\" \/><\/figure>\n\n\n\n<p><strong>Por m\u00e1s informaci\u00f3n dirigirse al facebook de redes amigos de la tierra. <a href=\"https:\/\/www.facebook.com\/REDESAT1\/videos\/292350266936518\/?locale=es_LA\" target=\"_blank\" rel=\"noreferrer noopener\">h<\/a><a href=\"https:\/\/www.facebook.com\/REDESAT1\/videos\/1278187556035621\/\" target=\"_blank\" rel=\"noreferrer noopener\">ttps:\/\/www.facebook.com\/REDESAT1\/videos\/1278187556035621\/<\/a><\/strong><\/p>\n\n\n\n<p><img decoding=\"async\" class=\"wp-image-855\" style=\"width: NaNpx;\" src=\"https:\/\/www.ocau.edu.uy\/wp-content\/uploads\/2021\/10\/saludo-OCAU.pdf\" alt=\"\"><\/p>\n","protected":false},"excerpt":{"rendered":"<p>El d\u00eda 13 de octubre del a\u00f1o 2023, se realiz\u00f3 en la Intendencia de Rivera encuentro denominado \u00abMujeres y soberan\u00eda alimentaria\u00bb organizado por Grupo de Semillas Fronterizas,\u00a0 Redes Amigos de la tierra. El OCAU particip\u00f3 en el conjunto de la actividad y colabor\u00f3 en la realizaci\u00f3n de una presentaci\u00f3n sobre las principales caracter\u00edsticas geogr\u00e1ficas de&hellip;&nbsp;<a href=\"https:\/\/www.ocau.edu.uy\/?page_id=1295\" class=\"\" rel=\"bookmark\">Leer m\u00e1s &raquo;<span class=\"screen-reader-text\">Seminario 2023<\/span><\/a><\/p>\n","protected":false},"author":3,"featured_media":0,"parent":0,"menu_order":0,"comment_status":"closed","ping_status":"closed","template":"","meta":{"neve_meta_sidebar":"full-width","neve_meta_container":"","neve_meta_enable_content_width":"on","neve_meta_content_width":100,"neve_meta_title_alignment":"","neve_meta_author_avatar":"","neve_post_elements_order":"","neve_meta_disable_header":"","neve_meta_disable_footer":"","neve_meta_disable_title":"","_themeisle_gutenberg_block_has_review":false,"footnotes":""},"class_list":["post-1295","page","type-page","status-publish","hentry"],"yoast_head":"<!-- This site is optimized with the Yoast SEO plugin v26.7 - https:\/\/yoast.com\/wordpress\/plugins\/seo\/ -->\n<title>Seminario 2023 - Observatorio de la Cuesti\u00f3n Agraria en Uruguay<\/title>\n<meta name=\"robots\" content=\"index, follow, max-snippet:-1, max-image-preview:large, max-video-preview:-1\" \/>\n<link rel=\"canonical\" href=\"https:\/\/www.ocau.edu.uy\/?page_id=1295\" \/>\n<meta property=\"og:locale\" content=\"es_ES\" \/>\n<meta property=\"og:type\" content=\"article\" \/>\n<meta property=\"og:title\" content=\"Seminario 2023 - Observatorio de la Cuesti\u00f3n Agraria en Uruguay\" \/>\n<meta property=\"og:description\" content=\"El d\u00eda 13 de octubre del a\u00f1o 2023, se realiz\u00f3 en la Intendencia de Rivera encuentro denominado \u00abMujeres y soberan\u00eda alimentaria\u00bb organizado por Grupo de Semillas Fronterizas,\u00a0 Redes Amigos de la tierra. El OCAU particip\u00f3 en el conjunto de la actividad y colabor\u00f3 en la realizaci\u00f3n de una presentaci\u00f3n sobre las principales caracter\u00edsticas geogr\u00e1ficas de&hellip;&nbsp;Leer m\u00e1s &raquo;Seminario 2023\" \/>\n<meta property=\"og:url\" content=\"https:\/\/www.ocau.edu.uy\/?page_id=1295\" \/>\n<meta property=\"og:site_name\" content=\"Observatorio de la Cuesti\u00f3n Agraria en Uruguay\" \/>\n<meta property=\"article:modified_time\" content=\"2023-11-22T22:29:55+00:00\" \/>\n<meta property=\"og:image\" content=\"https:\/\/www.ocau.edu.uy\/wp-content\/uploads\/2023\/11\/mujeres-y-soberania-934x1024.jpg\" \/>\n<meta name=\"twitter:card\" content=\"summary_large_image\" \/>\n<meta name=\"twitter:label1\" content=\"Tiempo de lectura\" \/>\n\t<meta name=\"twitter:data1\" content=\"3 minutos\" \/>\n<script type=\"application\/ld+json\" class=\"yoast-schema-graph\">{\"@context\":\"https:\/\/schema.org\",\"@graph\":[{\"@type\":\"WebPage\",\"@id\":\"https:\/\/www.ocau.edu.uy\/?page_id=1295\",\"url\":\"https:\/\/www.ocau.edu.uy\/?page_id=1295\",\"name\":\"Seminario 2023 - Observatorio de la Cuesti\u00f3n Agraria en Uruguay\",\"isPartOf\":{\"@id\":\"https:\/\/www.ocau.edu.uy\/#website\"},\"primaryImageOfPage\":{\"@id\":\"https:\/\/www.ocau.edu.uy\/?page_id=1295#primaryimage\"},\"image\":{\"@id\":\"https:\/\/www.ocau.edu.uy\/?page_id=1295#primaryimage\"},\"thumbnailUrl\":\"https:\/\/www.ocau.edu.uy\/wp-content\/uploads\/2023\/11\/mujeres-y-soberania-934x1024.jpg\",\"datePublished\":\"2023-11-22T17:09:18+00:00\",\"dateModified\":\"2023-11-22T22:29:55+00:00\",\"inLanguage\":\"es\",\"potentialAction\":[{\"@type\":\"ReadAction\",\"target\":[\"https:\/\/www.ocau.edu.uy\/?page_id=1295\"]}]},{\"@type\":\"ImageObject\",\"inLanguage\":\"es\",\"@id\":\"https:\/\/www.ocau.edu.uy\/?page_id=1295#primaryimage\",\"url\":\"https:\/\/www.ocau.edu.uy\/wp-content\/uploads\/2023\/11\/mujeres-y-soberania.jpg\",\"contentUrl\":\"https:\/\/www.ocau.edu.uy\/wp-content\/uploads\/2023\/11\/mujeres-y-soberania.jpg\",\"width\":1167,\"height\":1280},{\"@type\":\"WebSite\",\"@id\":\"https:\/\/www.ocau.edu.uy\/#website\",\"url\":\"https:\/\/www.ocau.edu.uy\/\",\"name\":\"Observatorio de la Cuesti\u00f3n Agraria en Uruguay\",\"description\":\"OCAU\",\"publisher\":{\"@id\":\"https:\/\/www.ocau.edu.uy\/#organization\"},\"potentialAction\":[{\"@type\":\"SearchAction\",\"target\":{\"@type\":\"EntryPoint\",\"urlTemplate\":\"https:\/\/www.ocau.edu.uy\/?s={search_term_string}\"},\"query-input\":{\"@type\":\"PropertyValueSpecification\",\"valueRequired\":true,\"valueName\":\"search_term_string\"}}],\"inLanguage\":\"es\"},{\"@type\":\"Organization\",\"@id\":\"https:\/\/www.ocau.edu.uy\/#organization\",\"name\":\"Observatorio de la Cuesti\u00f3n Agraria en Uruguay\",\"url\":\"https:\/\/www.ocau.edu.uy\/\",\"logo\":{\"@type\":\"ImageObject\",\"inLanguage\":\"es\",\"@id\":\"https:\/\/www.ocau.edu.uy\/#\/schema\/logo\/image\/\",\"url\":\"https:\/\/www.ocau.edu.uy\/wp-content\/uploads\/2021\/03\/cropped-Logo-OCAU.png\",\"contentUrl\":\"https:\/\/www.ocau.edu.uy\/wp-content\/uploads\/2021\/03\/cropped-Logo-OCAU.png\",\"width\":540,\"height\":530,\"caption\":\"Observatorio de la Cuesti\u00f3n Agraria en Uruguay\"},\"image\":{\"@id\":\"https:\/\/www.ocau.edu.uy\/#\/schema\/logo\/image\/\"}}]}<\/script>\n<!-- \/ Yoast SEO plugin. -->","yoast_head_json":{"title":"Seminario 2023 - Observatorio de la Cuesti\u00f3n Agraria en Uruguay","robots":{"index":"index","follow":"follow","max-snippet":"max-snippet:-1","max-image-preview":"max-image-preview:large","max-video-preview":"max-video-preview:-1"},"canonical":"https:\/\/www.ocau.edu.uy\/?page_id=1295","og_locale":"es_ES","og_type":"article","og_title":"Seminario 2023 - Observatorio de la Cuesti\u00f3n Agraria en Uruguay","og_description":"El d\u00eda 13 de octubre del a\u00f1o 2023, se realiz\u00f3 en la Intendencia de Rivera encuentro denominado \u00abMujeres y soberan\u00eda alimentaria\u00bb organizado por Grupo de Semillas Fronterizas,\u00a0 Redes Amigos de la tierra. El OCAU particip\u00f3 en el conjunto de la actividad y colabor\u00f3 en la realizaci\u00f3n de una presentaci\u00f3n sobre las principales caracter\u00edsticas geogr\u00e1ficas de&hellip;&nbsp;Leer m\u00e1s &raquo;Seminario 2023","og_url":"https:\/\/www.ocau.edu.uy\/?page_id=1295","og_site_name":"Observatorio de la Cuesti\u00f3n Agraria en Uruguay","article_modified_time":"2023-11-22T22:29:55+00:00","og_image":[{"url":"https:\/\/www.ocau.edu.uy\/wp-content\/uploads\/2023\/11\/mujeres-y-soberania-934x1024.jpg","type":"","width":"","height":""}],"twitter_card":"summary_large_image","twitter_misc":{"Tiempo de lectura":"3 minutos"},"schema":{"@context":"https:\/\/schema.org","@graph":[{"@type":"WebPage","@id":"https:\/\/www.ocau.edu.uy\/?page_id=1295","url":"https:\/\/www.ocau.edu.uy\/?page_id=1295","name":"Seminario 2023 - Observatorio de la Cuesti\u00f3n Agraria en Uruguay","isPartOf":{"@id":"https:\/\/www.ocau.edu.uy\/#website"},"primaryImageOfPage":{"@id":"https:\/\/www.ocau.edu.uy\/?page_id=1295#primaryimage"},"image":{"@id":"https:\/\/www.ocau.edu.uy\/?page_id=1295#primaryimage"},"thumbnailUrl":"https:\/\/www.ocau.edu.uy\/wp-content\/uploads\/2023\/11\/mujeres-y-soberania-934x1024.jpg","datePublished":"2023-11-22T17:09:18+00:00","dateModified":"2023-11-22T22:29:55+00:00","inLanguage":"es","potentialAction":[{"@type":"ReadAction","target":["https:\/\/www.ocau.edu.uy\/?page_id=1295"]}]},{"@type":"ImageObject","inLanguage":"es","@id":"https:\/\/www.ocau.edu.uy\/?page_id=1295#primaryimage","url":"https:\/\/www.ocau.edu.uy\/wp-content\/uploads\/2023\/11\/mujeres-y-soberania.jpg","contentUrl":"https:\/\/www.ocau.edu.uy\/wp-content\/uploads\/2023\/11\/mujeres-y-soberania.jpg","width":1167,"height":1280},{"@type":"WebSite","@id":"https:\/\/www.ocau.edu.uy\/#website","url":"https:\/\/www.ocau.edu.uy\/","name":"Observatorio de la Cuesti\u00f3n Agraria en Uruguay","description":"OCAU","publisher":{"@id":"https:\/\/www.ocau.edu.uy\/#organization"},"potentialAction":[{"@type":"SearchAction","target":{"@type":"EntryPoint","urlTemplate":"https:\/\/www.ocau.edu.uy\/?s={search_term_string}"},"query-input":{"@type":"PropertyValueSpecification","valueRequired":true,"valueName":"search_term_string"}}],"inLanguage":"es"},{"@type":"Organization","@id":"https:\/\/www.ocau.edu.uy\/#organization","name":"Observatorio de la Cuesti\u00f3n Agraria en Uruguay","url":"https:\/\/www.ocau.edu.uy\/","logo":{"@type":"ImageObject","inLanguage":"es","@id":"https:\/\/www.ocau.edu.uy\/#\/schema\/logo\/image\/","url":"https:\/\/www.ocau.edu.uy\/wp-content\/uploads\/2021\/03\/cropped-Logo-OCAU.png","contentUrl":"https:\/\/www.ocau.edu.uy\/wp-content\/uploads\/2021\/03\/cropped-Logo-OCAU.png","width":540,"height":530,"caption":"Observatorio de la Cuesti\u00f3n Agraria en Uruguay"},"image":{"@id":"https:\/\/www.ocau.edu.uy\/#\/schema\/logo\/image\/"}}]}},"_links":{"self":[{"href":"https:\/\/www.ocau.edu.uy\/index.php?rest_route=\/wp\/v2\/pages\/1295","targetHints":{"allow":["GET"]}}],"collection":[{"href":"https:\/\/www.ocau.edu.uy\/index.php?rest_route=\/wp\/v2\/pages"}],"about":[{"href":"https:\/\/www.ocau.edu.uy\/index.php?rest_route=\/wp\/v2\/types\/page"}],"author":[{"embeddable":true,"href":"https:\/\/www.ocau.edu.uy\/index.php?rest_route=\/wp\/v2\/users\/3"}],"replies":[{"embeddable":true,"href":"https:\/\/www.ocau.edu.uy\/index.php?rest_route=%2Fwp%2Fv2%2Fcomments&post=1295"}],"version-history":[{"count":7,"href":"https:\/\/www.ocau.edu.uy\/index.php?rest_route=\/wp\/v2\/pages\/1295\/revisions"}],"predecessor-version":[{"id":1323,"href":"https:\/\/www.ocau.edu.uy\/index.php?rest_route=\/wp\/v2\/pages\/1295\/revisions\/1323"}],"wp:attachment":[{"href":"https:\/\/www.ocau.edu.uy\/index.php?rest_route=%2Fwp%2Fv2%2Fmedia&parent=1295"}],"curies":[{"name":"wp","href":"https:\/\/api.w.org\/{rel}","templated":true}]}}