{"id":1364,"date":"2024-05-14T18:07:34","date_gmt":"2024-05-14T21:07:34","guid":{"rendered":"https:\/\/www.ocau.edu.uy\/?page_id=1364"},"modified":"2025-07-04T14:14:23","modified_gmt":"2025-07-04T17:14:23","slug":"informes-de-coyuntura-2","status":"publish","type":"page","link":"https:\/\/www.ocau.edu.uy\/?page_id=1364","title":{"rendered":"Informes de coyuntura"},"content":{"rendered":"\n<p><\/p>\n\n\n\n<p><\/p>\n\n\n\n<div id=\"wp-block-themeisle-blocks-advanced-columns-7426034a\" class=\"wp-block-themeisle-blocks-advanced-columns has-1-columns has-desktop-equal-layout has-tablet-equal-layout has-mobile-equal-layout has-vertical-unset ticss-edee0da1\"><div class=\"wp-block-themeisle-blocks-advanced-columns-overlay\"><\/div><div class=\"innerblocks-wrap\">\n<div id=\"wp-block-themeisle-blocks-advanced-column-77d95289\" class=\"wp-block-themeisle-blocks-advanced-column\"><\/div>\n<\/div><\/div>\n\n\n\n<div id=\"wp-block-themeisle-blocks-advanced-columns-da7c78bc\" class=\"wp-block-themeisle-blocks-advanced-columns alignwide has-1-columns has-desktop-equal-layout has-tablet-equal-layout has-mobile-equal-layout has-vertical-unset\"><div class=\"wp-block-themeisle-blocks-advanced-columns-overlay\"><\/div><div class=\"innerblocks-wrap\">\n<div id=\"wp-block-themeisle-blocks-advanced-column-867f4acc\" class=\"wp-block-themeisle-blocks-advanced-column\">\n<h2 class=\"wp-block-heading alignwide has-x-large-font-size\"><strong><strong>Coyuntura agraria<\/strong><\/strong><\/h2>\n<\/div>\n<\/div><\/div>\n\n\n\n<div class=\"wp-block-group alignwide\"><div class=\"wp-block-group__inner-container is-layout-flow wp-block-group-is-layout-flow\">\n<div class=\"wp-block-columns is-layout-flex wp-container-core-columns-is-layout-9d6595d7 wp-block-columns-is-layout-flex\">\n<div class=\"wp-block-column is-layout-flow wp-block-column-is-layout-flow\" style=\"flex-basis:100%\">\n<p><\/p>\n\n\n\n<p class=\"ticss-1c0186f1\">Aqu\u00ed reunimos informes sobre hechos relevantes que van ocurriendo en el Uruguay agrario contempor\u00e1neo por orden cronol\u00f3gico de publicaci\u00f3n.<\/p>\n<\/div>\n<\/div>\n<\/div><\/div>\n\n\n\n<div class=\"wp-block-group alignwide\"><div class=\"wp-block-group__inner-container is-layout-flow wp-block-group-is-layout-flow\">\n<div id=\"wp-block-themeisle-blocks-advanced-columns-51264dee\" class=\"wp-block-themeisle-blocks-advanced-columns alignwide has-1-columns has-desktop-equal-layout has-tablet-equal-layout has-mobile-equal-layout has-vertical-top has-light-bg\"><div class=\"wp-block-themeisle-blocks-advanced-columns-overlay\"><\/div><div class=\"innerblocks-wrap\">\n<div id=\"wp-block-themeisle-blocks-advanced-column-63ea3fc6\" class=\"wp-block-themeisle-blocks-advanced-column has-light-bg\">\n<p><strong>2024<\/strong><\/p>\n\n\n\n<p><strong><strong>Digitalizaci\u00f3n del agro en Uruguay: Aproximaciones e interrogantes<\/strong><\/strong><\/p>\n\n\n\n<p>El informe realiza un estudio general del tema de la digitalizaci\u00f3n del sector agropecuario en Uruguay, con con el objetivo de analizar y discutir, desde una perspectiva cr\u00edtica, los argumentos esbozados por el mercado, las instituciones nacionales y los organismos internacionales para promover este proceso.<\/p>\n\n\n\n<p><a href=\"https:\/\/www.ocau.edu.uy\/wp-content\/uploads\/2024\/07\/Informe_de_Coyuntura_Digitalizacion_del_agro_en_Uruguay_OCAU_2024_baja.pdf\">Descargar el informe<\/a><\/p>\n\n\n\n<p><a href=\"https:\/\/www.youtube.com\/watch?v=xzXfE8fbLYY\">Aqu\u00ed puede acceder a la presentaci\u00f3n del informe<\/a><\/p>\n\n\n\n<p class=\"has-medium-font-size\"><strong><strong>Estudio de trabajos acad\u00e9micos sobre el ambiente y su v\u00ednculo con la cuesti\u00f3n agraria en Uruguay<\/strong><\/strong><\/p>\n\n\n\n<p>El informe se basa en una b\u00fasqueda y sistematizaci\u00f3n de trabajos acad\u00e9micos sobre el estado del ambiente de Uruguay publicados entre 2000 y mediados de 2023. En el mismo se busca realizar una descripci\u00f3n gen\u00e9rica de los trabajos encontrados, identificar v\u00ednculos entre las tem\u00e1ticas ambientales abordadas y aspectos de la cuesti\u00f3n agraria y vac\u00edos de informaci\u00f3n.<\/p>\n\n\n\n<p><a href=\"https:\/\/www.ocau.edu.uy\/wp-content\/uploads\/2024\/05\/Estudio-Trabajos-academicos-ambiente-cuestion-agraria-2023.pdf\" target=\"_blank\" rel=\"noreferrer noopener\">Descarga el informe.<\/a><\/p>\n\n\n\n<p><a href=\"https:\/\/www.youtube.com\/live\/Vf-7nYVzQsU\">Aqu\u00ed puede acceder a la presentaci\u00f3n del informe<\/a><\/p>\n\n\n\n<p><a href=\"https:\/\/www.ocau.edu.uy\/wp-content\/uploads\/2025\/07\/Trabajos-utilizados-para-analisis-AMBIENTE-2023.xlsx\">Anexo listado art\u00edculos utilizados<\/a><\/p>\n\n\n\n<p><a href=\"https:\/\/www.ocau.edu.uy\/wp-content\/uploads\/2025\/07\/Comentarios-de-la-presentacion-Informe-ambiente-2024.pdf\">Comentarios de la presentaci\u00f3n del informe <br><\/a><\/p>\n\n\n\n<p><strong>2022<\/strong><\/p>\n\n\n\n<p class=\"has-medium-font-size\"><strong><strong>Desigualdad en el agro uruguayo<\/strong><\/strong><\/p>\n\n\n\n<p>Este trabajo analiza la desigualdad en el agro uruguayo centrado en el control y propiedad de<br>los medios de producci\u00f3n (tierra y capital) y en la distribuci\u00f3n del valor agrario. El texto focaliza el estudio de la desigualdad en el per\u00edodo 2000-2020.<\/p>\n\n\n\n<p><a href=\"https:\/\/www.ocau.edu.uy\/wp-content\/uploads\/2023\/04\/Desigualdad-en-el-agro-uruguayo-version-formato-final.pdf\" target=\"_blank\" rel=\"noreferrer noopener\">Descarga el informe.<\/a><\/p>\n\n\n\n<p class=\"has-medium-font-size\"><strong>Informe sobre las colonias afectadas de la LUC.<\/strong><\/p>\n\n\n\n<p>El presente texto analiza los efectos territoriales de las fracciones establecidas en las Colonias pertenecientes al Instituto Nacional de Colonizaci\u00f3n (INC) afectadas en la ley 19.889 (ley LUC) correspondientes al art\u00edculo 357.<\/p>\n\n\n\n<p><a href=\"https:\/\/www.ocau.edu.uy\/wp-content\/uploads\/2022\/03\/informe-LUC-colononizacion-OCAU_2022_final_web.pdf\" target=\"_blank\" rel=\"noreferrer noopener\">Descarga el informe.<\/a><\/p>\n\n\n\n<p><\/p>\n\n\n\n<hr class=\"wp-block-separator has-css-opacity is-style-wide\"\/>\n<\/div>\n<\/div><\/div>\n<\/div><\/div>\n\n\n\n<div id=\"wp-block-themeisle-blocks-advanced-columns-857abf96\" class=\"wp-block-themeisle-blocks-advanced-columns has-1-columns has-desktop-equal-layout has-tablet-equal-layout has-mobile-equal-layout has-vertical-unset\"><div class=\"wp-block-themeisle-blocks-advanced-columns-overlay\"><\/div><div class=\"innerblocks-wrap\">\n<div id=\"wp-block-themeisle-blocks-advanced-column-95e8fda0\" class=\"wp-block-themeisle-blocks-advanced-column\"><\/div>\n<\/div><\/div>\n","protected":false},"excerpt":{"rendered":"<p>Aqu\u00ed reunimos informes sobre hechos relevantes que van ocurriendo en el Uruguay agrario contempor\u00e1neo por orden cronol\u00f3gico de publicaci\u00f3n.<\/p>\n","protected":false},"author":3,"featured_media":558,"parent":0,"menu_order":0,"comment_status":"closed","ping_status":"closed","template":"page-templates\/template-pagebuilder-full-width.php","meta":{"neve_meta_sidebar":"full-width","neve_meta_container":"","neve_meta_enable_content_width":"on","neve_meta_content_width":100,"neve_meta_title_alignment":"","neve_meta_author_avatar":"","neve_post_elements_order":"","neve_meta_disable_header":"","neve_meta_disable_footer":"","neve_meta_disable_title":"","_themeisle_gutenberg_block_has_review":false,"footnotes":""},"class_list":["post-1364","page","type-page","status-publish","has-post-thumbnail","hentry"],"yoast_head":"<!-- This site is optimized with the Yoast SEO plugin v26.7 - https:\/\/yoast.com\/wordpress\/plugins\/seo\/ -->\n<title>Informes de coyuntura - Observatorio de la Cuesti\u00f3n Agraria en Uruguay<\/title>\n<meta name=\"robots\" content=\"index, follow, max-snippet:-1, max-image-preview:large, max-video-preview:-1\" \/>\n<link rel=\"canonical\" href=\"https:\/\/www.ocau.edu.uy\/?page_id=1364\" \/>\n<meta property=\"og:locale\" content=\"es_ES\" \/>\n<meta property=\"og:type\" content=\"article\" \/>\n<meta property=\"og:title\" content=\"Informes de coyuntura - Observatorio de la Cuesti\u00f3n Agraria en Uruguay\" \/>\n<meta property=\"og:description\" content=\"Aqu\u00ed reunimos informes sobre hechos relevantes que van ocurriendo en el Uruguay agrario contempor\u00e1neo por orden cronol\u00f3gico de publicaci\u00f3n.\" \/>\n<meta property=\"og:url\" content=\"https:\/\/www.ocau.edu.uy\/?page_id=1364\" \/>\n<meta property=\"og:site_name\" content=\"Observatorio de la Cuesti\u00f3n Agraria en Uruguay\" \/>\n<meta property=\"article:modified_time\" content=\"2025-07-04T17:14:23+00:00\" \/>\n<meta property=\"og:image\" content=\"https:\/\/www.ocau.edu.uy\/wp-content\/uploads\/2021\/03\/cropped-cropped-Logo-OCAU.png\" \/>\n\t<meta property=\"og:image:width\" content=\"512\" \/>\n\t<meta property=\"og:image:height\" content=\"512\" \/>\n\t<meta property=\"og:image:type\" content=\"image\/png\" \/>\n<meta name=\"twitter:card\" content=\"summary_large_image\" \/>\n<meta name=\"twitter:label1\" content=\"Tiempo de lectura\" \/>\n\t<meta name=\"twitter:data1\" content=\"2 minutos\" \/>\n<script type=\"application\/ld+json\" class=\"yoast-schema-graph\">{\"@context\":\"https:\/\/schema.org\",\"@graph\":[{\"@type\":\"WebPage\",\"@id\":\"https:\/\/www.ocau.edu.uy\/?page_id=1364\",\"url\":\"https:\/\/www.ocau.edu.uy\/?page_id=1364\",\"name\":\"Informes de coyuntura - Observatorio de la Cuesti\u00f3n Agraria en Uruguay\",\"isPartOf\":{\"@id\":\"https:\/\/www.ocau.edu.uy\/#website\"},\"primaryImageOfPage\":{\"@id\":\"https:\/\/www.ocau.edu.uy\/?page_id=1364#primaryimage\"},\"image\":{\"@id\":\"https:\/\/www.ocau.edu.uy\/?page_id=1364#primaryimage\"},\"thumbnailUrl\":\"https:\/\/www.ocau.edu.uy\/wp-content\/uploads\/2021\/03\/cropped-cropped-Logo-OCAU.png\",\"datePublished\":\"2024-05-14T21:07:34+00:00\",\"dateModified\":\"2025-07-04T17:14:23+00:00\",\"inLanguage\":\"es\",\"potentialAction\":[{\"@type\":\"ReadAction\",\"target\":[\"https:\/\/www.ocau.edu.uy\/?page_id=1364\"]}]},{\"@type\":\"ImageObject\",\"inLanguage\":\"es\",\"@id\":\"https:\/\/www.ocau.edu.uy\/?page_id=1364#primaryimage\",\"url\":\"https:\/\/www.ocau.edu.uy\/wp-content\/uploads\/2021\/03\/cropped-cropped-Logo-OCAU.png\",\"contentUrl\":\"https:\/\/www.ocau.edu.uy\/wp-content\/uploads\/2021\/03\/cropped-cropped-Logo-OCAU.png\",\"width\":512,\"height\":512},{\"@type\":\"WebSite\",\"@id\":\"https:\/\/www.ocau.edu.uy\/#website\",\"url\":\"https:\/\/www.ocau.edu.uy\/\",\"name\":\"Observatorio de la Cuesti\u00f3n Agraria en Uruguay\",\"description\":\"OCAU\",\"publisher\":{\"@id\":\"https:\/\/www.ocau.edu.uy\/#organization\"},\"potentialAction\":[{\"@type\":\"SearchAction\",\"target\":{\"@type\":\"EntryPoint\",\"urlTemplate\":\"https:\/\/www.ocau.edu.uy\/?s={search_term_string}\"},\"query-input\":{\"@type\":\"PropertyValueSpecification\",\"valueRequired\":true,\"valueName\":\"search_term_string\"}}],\"inLanguage\":\"es\"},{\"@type\":\"Organization\",\"@id\":\"https:\/\/www.ocau.edu.uy\/#organization\",\"name\":\"Observatorio de la Cuesti\u00f3n Agraria en Uruguay\",\"url\":\"https:\/\/www.ocau.edu.uy\/\",\"logo\":{\"@type\":\"ImageObject\",\"inLanguage\":\"es\",\"@id\":\"https:\/\/www.ocau.edu.uy\/#\/schema\/logo\/image\/\",\"url\":\"https:\/\/www.ocau.edu.uy\/wp-content\/uploads\/2021\/03\/cropped-Logo-OCAU.png\",\"contentUrl\":\"https:\/\/www.ocau.edu.uy\/wp-content\/uploads\/2021\/03\/cropped-Logo-OCAU.png\",\"width\":540,\"height\":530,\"caption\":\"Observatorio de la Cuesti\u00f3n Agraria en Uruguay\"},\"image\":{\"@id\":\"https:\/\/www.ocau.edu.uy\/#\/schema\/logo\/image\/\"}}]}<\/script>\n<!-- \/ Yoast SEO plugin. -->","yoast_head_json":{"title":"Informes de coyuntura - Observatorio de la Cuesti\u00f3n Agraria en Uruguay","robots":{"index":"index","follow":"follow","max-snippet":"max-snippet:-1","max-image-preview":"max-image-preview:large","max-video-preview":"max-video-preview:-1"},"canonical":"https:\/\/www.ocau.edu.uy\/?page_id=1364","og_locale":"es_ES","og_type":"article","og_title":"Informes de coyuntura - Observatorio de la Cuesti\u00f3n Agraria en Uruguay","og_description":"Aqu\u00ed reunimos informes sobre hechos relevantes que van ocurriendo en el Uruguay agrario contempor\u00e1neo por orden cronol\u00f3gico de publicaci\u00f3n.","og_url":"https:\/\/www.ocau.edu.uy\/?page_id=1364","og_site_name":"Observatorio de la Cuesti\u00f3n Agraria en Uruguay","article_modified_time":"2025-07-04T17:14:23+00:00","og_image":[{"width":512,"height":512,"url":"https:\/\/www.ocau.edu.uy\/wp-content\/uploads\/2021\/03\/cropped-cropped-Logo-OCAU.png","type":"image\/png"}],"twitter_card":"summary_large_image","twitter_misc":{"Tiempo de lectura":"2 minutos"},"schema":{"@context":"https:\/\/schema.org","@graph":[{"@type":"WebPage","@id":"https:\/\/www.ocau.edu.uy\/?page_id=1364","url":"https:\/\/www.ocau.edu.uy\/?page_id=1364","name":"Informes de coyuntura - Observatorio de la Cuesti\u00f3n Agraria en Uruguay","isPartOf":{"@id":"https:\/\/www.ocau.edu.uy\/#website"},"primaryImageOfPage":{"@id":"https:\/\/www.ocau.edu.uy\/?page_id=1364#primaryimage"},"image":{"@id":"https:\/\/www.ocau.edu.uy\/?page_id=1364#primaryimage"},"thumbnailUrl":"https:\/\/www.ocau.edu.uy\/wp-content\/uploads\/2021\/03\/cropped-cropped-Logo-OCAU.png","datePublished":"2024-05-14T21:07:34+00:00","dateModified":"2025-07-04T17:14:23+00:00","inLanguage":"es","potentialAction":[{"@type":"ReadAction","target":["https:\/\/www.ocau.edu.uy\/?page_id=1364"]}]},{"@type":"ImageObject","inLanguage":"es","@id":"https:\/\/www.ocau.edu.uy\/?page_id=1364#primaryimage","url":"https:\/\/www.ocau.edu.uy\/wp-content\/uploads\/2021\/03\/cropped-cropped-Logo-OCAU.png","contentUrl":"https:\/\/www.ocau.edu.uy\/wp-content\/uploads\/2021\/03\/cropped-cropped-Logo-OCAU.png","width":512,"height":512},{"@type":"WebSite","@id":"https:\/\/www.ocau.edu.uy\/#website","url":"https:\/\/www.ocau.edu.uy\/","name":"Observatorio de la Cuesti\u00f3n Agraria en Uruguay","description":"OCAU","publisher":{"@id":"https:\/\/www.ocau.edu.uy\/#organization"},"potentialAction":[{"@type":"SearchAction","target":{"@type":"EntryPoint","urlTemplate":"https:\/\/www.ocau.edu.uy\/?s={search_term_string}"},"query-input":{"@type":"PropertyValueSpecification","valueRequired":true,"valueName":"search_term_string"}}],"inLanguage":"es"},{"@type":"Organization","@id":"https:\/\/www.ocau.edu.uy\/#organization","name":"Observatorio de la Cuesti\u00f3n Agraria en Uruguay","url":"https:\/\/www.ocau.edu.uy\/","logo":{"@type":"ImageObject","inLanguage":"es","@id":"https:\/\/www.ocau.edu.uy\/#\/schema\/logo\/image\/","url":"https:\/\/www.ocau.edu.uy\/wp-content\/uploads\/2021\/03\/cropped-Logo-OCAU.png","contentUrl":"https:\/\/www.ocau.edu.uy\/wp-content\/uploads\/2021\/03\/cropped-Logo-OCAU.png","width":540,"height":530,"caption":"Observatorio de la Cuesti\u00f3n Agraria en Uruguay"},"image":{"@id":"https:\/\/www.ocau.edu.uy\/#\/schema\/logo\/image\/"}}]}},"_links":{"self":[{"href":"https:\/\/www.ocau.edu.uy\/index.php?rest_route=\/wp\/v2\/pages\/1364","targetHints":{"allow":["GET"]}}],"collection":[{"href":"https:\/\/www.ocau.edu.uy\/index.php?rest_route=\/wp\/v2\/pages"}],"about":[{"href":"https:\/\/www.ocau.edu.uy\/index.php?rest_route=\/wp\/v2\/types\/page"}],"author":[{"embeddable":true,"href":"https:\/\/www.ocau.edu.uy\/index.php?rest_route=\/wp\/v2\/users\/3"}],"replies":[{"embeddable":true,"href":"https:\/\/www.ocau.edu.uy\/index.php?rest_route=%2Fwp%2Fv2%2Fcomments&post=1364"}],"version-history":[{"count":11,"href":"https:\/\/www.ocau.edu.uy\/index.php?rest_route=\/wp\/v2\/pages\/1364\/revisions"}],"predecessor-version":[{"id":1446,"href":"https:\/\/www.ocau.edu.uy\/index.php?rest_route=\/wp\/v2\/pages\/1364\/revisions\/1446"}],"wp:featuredmedia":[{"embeddable":true,"href":"https:\/\/www.ocau.edu.uy\/index.php?rest_route=\/wp\/v2\/media\/558"}],"wp:attachment":[{"href":"https:\/\/www.ocau.edu.uy\/index.php?rest_route=%2Fwp%2Fv2%2Fmedia&parent=1364"}],"curies":[{"name":"wp","href":"https:\/\/api.w.org\/{rel}","templated":true}]}}