{"id":1371,"date":"2024-05-16T14:14:19","date_gmt":"2024-05-16T17:14:19","guid":{"rendered":"https:\/\/www.ocau.edu.uy\/?page_id=1371"},"modified":"2024-05-16T14:28:04","modified_gmt":"2024-05-16T17:28:04","slug":"eventos-2024","status":"publish","type":"page","link":"https:\/\/www.ocau.edu.uy\/?page_id=1371","title":{"rendered":"Eventos 2024"},"content":{"rendered":"\n<p>Presentaci\u00f3n del informe de coyuntura:<strong> Estudio de trabajos acad\u00e9micos sobre el ambiente y su v\u00ednculo con la cuesti\u00f3n agraria <\/strong><\/p>\n\n\n\n<div class=\"wp-block-columns is-layout-flex wp-container-core-columns-is-layout-9d6595d7 wp-block-columns-is-layout-flex\">\n<div class=\"wp-block-column is-layout-flow wp-block-column-is-layout-flow\">\n<p>En esta oportunidad desde el Observatorio de la Cuesti\u00f3n Agraria (OCAU) de la Universidad de la Rep\u00fablica les invitamos a la presentaci\u00f3n del&nbsp; informe <em>Estudio de trabajos acad\u00e9micos sobre el ambiente y su v\u00ednculo con la cuesti\u00f3n agraria en Uruguay<\/em>. La presentaci\u00f3n contar\u00e1 con comentaristas de la <a href=\"https:\/\/udelar.edu.uy\/retema\/\">Red Tem\u00e1tica de Medio Ambiente <\/a>(RETEMA- Udelar) y <a href=\"https:\/\/vidasilvestre.org.uy\/\">Vida Silvestre Uruguay<\/a>.<\/p>\n\n\n\n<p>El informe se basa en una b\u00fasqueda y sistematizaci\u00f3n de trabajos acad\u00e9micos sobre el estado del ambiente de Uruguay publicados entre 2000 y mediados de 2023. En el mismo se busca realizar una descripci\u00f3n gen\u00e9rica de los trabajos encontrados, identificar v\u00ednculos entre las tem\u00e1ticas ambientales abordadas y aspectos de la cuesti\u00f3n agraria y vac\u00edos de informaci\u00f3n.&nbsp;<\/p>\n\n\n\n<p>La presentaci\u00f3n ser\u00e1 el lunes 10 de junio de 17 a 19 hs en el Edificio Clotilde del Campus Luisi Janicki (Alberto Lasplaces 1620, Montevideo) y contar\u00e1 con transmisi\u00f3n en vivo por el canal de <a href=\"https:\/\/www.youtube.com\/c\/UniversidaddelaRep%C3%BAblica\">YouTube de Udelar<\/a>.<\/p>\n\n\n\n<p>El informe se puede encontrar en el este <a href=\"https:\/\/www.ocau.edu.uy\/?page_id=1364\">enlace<\/a>.<\/p>\n<\/div>\n\n\n\n<div class=\"wp-block-column is-layout-flow wp-block-column-is-layout-flow\">\n<figure class=\"wp-block-image size-large\"><img loading=\"lazy\" decoding=\"async\" width=\"1024\" height=\"1024\" src=\"https:\/\/www.ocau.edu.uy\/wp-content\/uploads\/2024\/05\/Afiche-OCAU-Ambiene-junio-2024-1-1024x1024.jpg\" alt=\"\" class=\"wp-image-1388\" srcset=\"https:\/\/www.ocau.edu.uy\/wp-content\/uploads\/2024\/05\/Afiche-OCAU-Ambiene-junio-2024-1-1024x1024.jpg 1024w, https:\/\/www.ocau.edu.uy\/wp-content\/uploads\/2024\/05\/Afiche-OCAU-Ambiene-junio-2024-1-300x300.jpg 300w, https:\/\/www.ocau.edu.uy\/wp-content\/uploads\/2024\/05\/Afiche-OCAU-Ambiene-junio-2024-1-150x150.jpg 150w, https:\/\/www.ocau.edu.uy\/wp-content\/uploads\/2024\/05\/Afiche-OCAU-Ambiene-junio-2024-1-768x768.jpg 768w, https:\/\/www.ocau.edu.uy\/wp-content\/uploads\/2024\/05\/Afiche-OCAU-Ambiene-junio-2024-1.jpg 1080w\" sizes=\"auto, (max-width: 1024px) 100vw, 1024px\" \/><\/figure>\n<\/div>\n<\/div>\n\n\n\n<div class=\"wp-block-columns is-layout-flex wp-container-core-columns-is-layout-9d6595d7 wp-block-columns-is-layout-flex\">\n<div class=\"wp-block-column is-layout-flow wp-block-column-is-layout-flow\" style=\"flex-basis:100%\">\n<div class=\"wp-block-group is-nowrap is-layout-flex wp-container-core-group-is-layout-ad2f72ca wp-block-group-is-layout-flex\">\n<div class=\"wp-block-columns is-layout-flex wp-container-core-columns-is-layout-9d6595d7 wp-block-columns-is-layout-flex\">\n<div class=\"wp-block-column is-layout-flow wp-block-column-is-layout-flow\" style=\"flex-basis:100%\"><\/div>\n<\/div>\n\n\n\n<div class=\"wp-block-group\"><div class=\"wp-block-group__inner-container is-layout-constrained wp-block-group-is-layout-constrained\">\n<p><\/p>\n<\/div><\/div>\n<\/div>\n<\/div>\n<\/div>\n\n\n\n<div class=\"wp-block-group\"><div class=\"wp-block-group__inner-container is-layout-constrained wp-block-group-is-layout-constrained\">\n<div id=\"wp-block-themeisle-blocks-advanced-columns-6ef47714\" class=\"wp-block-themeisle-blocks-advanced-columns has-1-columns has-desktop-equal-layout has-tablet-equal-layout has-mobile-equal-layout has-vertical-unset\"><div class=\"wp-block-themeisle-blocks-advanced-columns-overlay\"><\/div><div class=\"innerblocks-wrap\">\n<div id=\"wp-block-themeisle-blocks-advanced-column-b3e96928\" class=\"wp-block-themeisle-blocks-advanced-column\"><\/div>\n<\/div><\/div>\n\n\n\n<p class=\"has-text-align-left has-medium-font-size\"><\/p>\n<\/div><\/div>\n\n\n\n<div id=\"wp-block-themeisle-blocks-advanced-columns-f1431203\" class=\"wp-block-themeisle-blocks-advanced-columns has-1-columns has-desktop-equal-layout has-tablet-equal-layout has-mobile-equal-layout has-vertical-unset\"><div class=\"wp-block-themeisle-blocks-advanced-columns-overlay\"><\/div><div class=\"innerblocks-wrap\">\n<div id=\"wp-block-themeisle-blocks-advanced-column-59dc0d1a\" class=\"wp-block-themeisle-blocks-advanced-column\"><\/div>\n<\/div><\/div>\n\n\n\n<p><\/p>\n\n\n\n<p><\/p>\n\n\n\n<p><\/p>\n","protected":false},"excerpt":{"rendered":"<p>Presentaci\u00f3n del informe de coyuntura: Estudio de trabajos acad\u00e9micos sobre el ambiente y su v\u00ednculo con la cuesti\u00f3n agraria En esta oportunidad desde el Observatorio de la Cuesti\u00f3n Agraria (OCAU) de la Universidad de la Rep\u00fablica les invitamos a la presentaci\u00f3n del&nbsp; informe Estudio de trabajos acad\u00e9micos sobre el ambiente y su v\u00ednculo con la&hellip;&nbsp;<a href=\"https:\/\/www.ocau.edu.uy\/?page_id=1371\" class=\"\" rel=\"bookmark\">Leer m\u00e1s &raquo;<span class=\"screen-reader-text\">Eventos 2024<\/span><\/a><\/p>\n","protected":false},"author":3,"featured_media":0,"parent":0,"menu_order":0,"comment_status":"closed","ping_status":"closed","template":"","meta":{"neve_meta_sidebar":"full-width","neve_meta_container":"","neve_meta_enable_content_width":"on","neve_meta_content_width":100,"neve_meta_title_alignment":"","neve_meta_author_avatar":"","neve_post_elements_order":"","neve_meta_disable_header":"","neve_meta_disable_footer":"","neve_meta_disable_title":"","_themeisle_gutenberg_block_has_review":false,"footnotes":""},"class_list":["post-1371","page","type-page","status-publish","hentry"],"yoast_head":"<!-- This site is optimized with the Yoast SEO plugin v26.7 - https:\/\/yoast.com\/wordpress\/plugins\/seo\/ -->\n<title>Eventos 2024 - Observatorio de la Cuesti\u00f3n Agraria en Uruguay<\/title>\n<meta name=\"robots\" content=\"index, follow, max-snippet:-1, max-image-preview:large, max-video-preview:-1\" \/>\n<link rel=\"canonical\" href=\"https:\/\/www.ocau.edu.uy\/?page_id=1371\" \/>\n<meta property=\"og:locale\" content=\"es_ES\" \/>\n<meta property=\"og:type\" content=\"article\" \/>\n<meta property=\"og:title\" content=\"Eventos 2024 - Observatorio de la Cuesti\u00f3n Agraria en Uruguay\" \/>\n<meta property=\"og:description\" content=\"Presentaci\u00f3n del informe de coyuntura: Estudio de trabajos acad\u00e9micos sobre el ambiente y su v\u00ednculo con la cuesti\u00f3n agraria En esta oportunidad desde el Observatorio de la Cuesti\u00f3n Agraria (OCAU) de la Universidad de la Rep\u00fablica les invitamos a la presentaci\u00f3n del&nbsp; informe Estudio de trabajos acad\u00e9micos sobre el ambiente y su v\u00ednculo con la&hellip;&nbsp;Leer m\u00e1s &raquo;Eventos 2024\" \/>\n<meta property=\"og:url\" content=\"https:\/\/www.ocau.edu.uy\/?page_id=1371\" \/>\n<meta property=\"og:site_name\" content=\"Observatorio de la Cuesti\u00f3n Agraria en Uruguay\" \/>\n<meta property=\"article:modified_time\" content=\"2024-05-16T17:28:04+00:00\" \/>\n<meta property=\"og:image\" content=\"https:\/\/www.ocau.edu.uy\/wp-content\/uploads\/2024\/05\/Afiche-OCAU-Ambiene-junio-2024-1-1024x1024.jpg\" \/>\n<meta name=\"twitter:card\" content=\"summary_large_image\" \/>\n<meta name=\"twitter:label1\" content=\"Tiempo de lectura\" \/>\n\t<meta name=\"twitter:data1\" content=\"2 minutos\" \/>\n<script type=\"application\/ld+json\" class=\"yoast-schema-graph\">{\"@context\":\"https:\/\/schema.org\",\"@graph\":[{\"@type\":\"WebPage\",\"@id\":\"https:\/\/www.ocau.edu.uy\/?page_id=1371\",\"url\":\"https:\/\/www.ocau.edu.uy\/?page_id=1371\",\"name\":\"Eventos 2024 - Observatorio de la Cuesti\u00f3n Agraria en Uruguay\",\"isPartOf\":{\"@id\":\"https:\/\/www.ocau.edu.uy\/#website\"},\"primaryImageOfPage\":{\"@id\":\"https:\/\/www.ocau.edu.uy\/?page_id=1371#primaryimage\"},\"image\":{\"@id\":\"https:\/\/www.ocau.edu.uy\/?page_id=1371#primaryimage\"},\"thumbnailUrl\":\"https:\/\/www.ocau.edu.uy\/wp-content\/uploads\/2024\/05\/Afiche-OCAU-Ambiene-junio-2024-1-1024x1024.jpg\",\"datePublished\":\"2024-05-16T17:14:19+00:00\",\"dateModified\":\"2024-05-16T17:28:04+00:00\",\"inLanguage\":\"es\",\"potentialAction\":[{\"@type\":\"ReadAction\",\"target\":[\"https:\/\/www.ocau.edu.uy\/?page_id=1371\"]}]},{\"@type\":\"ImageObject\",\"inLanguage\":\"es\",\"@id\":\"https:\/\/www.ocau.edu.uy\/?page_id=1371#primaryimage\",\"url\":\"https:\/\/www.ocau.edu.uy\/wp-content\/uploads\/2024\/05\/Afiche-OCAU-Ambiene-junio-2024-1.jpg\",\"contentUrl\":\"https:\/\/www.ocau.edu.uy\/wp-content\/uploads\/2024\/05\/Afiche-OCAU-Ambiene-junio-2024-1.jpg\",\"width\":1080,\"height\":1080},{\"@type\":\"WebSite\",\"@id\":\"https:\/\/www.ocau.edu.uy\/#website\",\"url\":\"https:\/\/www.ocau.edu.uy\/\",\"name\":\"Observatorio de la Cuesti\u00f3n Agraria en Uruguay\",\"description\":\"OCAU\",\"publisher\":{\"@id\":\"https:\/\/www.ocau.edu.uy\/#organization\"},\"potentialAction\":[{\"@type\":\"SearchAction\",\"target\":{\"@type\":\"EntryPoint\",\"urlTemplate\":\"https:\/\/www.ocau.edu.uy\/?s={search_term_string}\"},\"query-input\":{\"@type\":\"PropertyValueSpecification\",\"valueRequired\":true,\"valueName\":\"search_term_string\"}}],\"inLanguage\":\"es\"},{\"@type\":\"Organization\",\"@id\":\"https:\/\/www.ocau.edu.uy\/#organization\",\"name\":\"Observatorio de la Cuesti\u00f3n Agraria en Uruguay\",\"url\":\"https:\/\/www.ocau.edu.uy\/\",\"logo\":{\"@type\":\"ImageObject\",\"inLanguage\":\"es\",\"@id\":\"https:\/\/www.ocau.edu.uy\/#\/schema\/logo\/image\/\",\"url\":\"https:\/\/www.ocau.edu.uy\/wp-content\/uploads\/2021\/03\/cropped-Logo-OCAU.png\",\"contentUrl\":\"https:\/\/www.ocau.edu.uy\/wp-content\/uploads\/2021\/03\/cropped-Logo-OCAU.png\",\"width\":540,\"height\":530,\"caption\":\"Observatorio de la Cuesti\u00f3n Agraria en Uruguay\"},\"image\":{\"@id\":\"https:\/\/www.ocau.edu.uy\/#\/schema\/logo\/image\/\"}}]}<\/script>\n<!-- \/ Yoast SEO plugin. -->","yoast_head_json":{"title":"Eventos 2024 - Observatorio de la Cuesti\u00f3n Agraria en Uruguay","robots":{"index":"index","follow":"follow","max-snippet":"max-snippet:-1","max-image-preview":"max-image-preview:large","max-video-preview":"max-video-preview:-1"},"canonical":"https:\/\/www.ocau.edu.uy\/?page_id=1371","og_locale":"es_ES","og_type":"article","og_title":"Eventos 2024 - Observatorio de la Cuesti\u00f3n Agraria en Uruguay","og_description":"Presentaci\u00f3n del informe de coyuntura: Estudio de trabajos acad\u00e9micos sobre el ambiente y su v\u00ednculo con la cuesti\u00f3n agraria En esta oportunidad desde el Observatorio de la Cuesti\u00f3n Agraria (OCAU) de la Universidad de la Rep\u00fablica les invitamos a la presentaci\u00f3n del&nbsp; informe Estudio de trabajos acad\u00e9micos sobre el ambiente y su v\u00ednculo con la&hellip;&nbsp;Leer m\u00e1s &raquo;Eventos 2024","og_url":"https:\/\/www.ocau.edu.uy\/?page_id=1371","og_site_name":"Observatorio de la Cuesti\u00f3n Agraria en Uruguay","article_modified_time":"2024-05-16T17:28:04+00:00","og_image":[{"url":"https:\/\/www.ocau.edu.uy\/wp-content\/uploads\/2024\/05\/Afiche-OCAU-Ambiene-junio-2024-1-1024x1024.jpg","type":"","width":"","height":""}],"twitter_card":"summary_large_image","twitter_misc":{"Tiempo de lectura":"2 minutos"},"schema":{"@context":"https:\/\/schema.org","@graph":[{"@type":"WebPage","@id":"https:\/\/www.ocau.edu.uy\/?page_id=1371","url":"https:\/\/www.ocau.edu.uy\/?page_id=1371","name":"Eventos 2024 - Observatorio de la Cuesti\u00f3n Agraria en Uruguay","isPartOf":{"@id":"https:\/\/www.ocau.edu.uy\/#website"},"primaryImageOfPage":{"@id":"https:\/\/www.ocau.edu.uy\/?page_id=1371#primaryimage"},"image":{"@id":"https:\/\/www.ocau.edu.uy\/?page_id=1371#primaryimage"},"thumbnailUrl":"https:\/\/www.ocau.edu.uy\/wp-content\/uploads\/2024\/05\/Afiche-OCAU-Ambiene-junio-2024-1-1024x1024.jpg","datePublished":"2024-05-16T17:14:19+00:00","dateModified":"2024-05-16T17:28:04+00:00","inLanguage":"es","potentialAction":[{"@type":"ReadAction","target":["https:\/\/www.ocau.edu.uy\/?page_id=1371"]}]},{"@type":"ImageObject","inLanguage":"es","@id":"https:\/\/www.ocau.edu.uy\/?page_id=1371#primaryimage","url":"https:\/\/www.ocau.edu.uy\/wp-content\/uploads\/2024\/05\/Afiche-OCAU-Ambiene-junio-2024-1.jpg","contentUrl":"https:\/\/www.ocau.edu.uy\/wp-content\/uploads\/2024\/05\/Afiche-OCAU-Ambiene-junio-2024-1.jpg","width":1080,"height":1080},{"@type":"WebSite","@id":"https:\/\/www.ocau.edu.uy\/#website","url":"https:\/\/www.ocau.edu.uy\/","name":"Observatorio de la Cuesti\u00f3n Agraria en Uruguay","description":"OCAU","publisher":{"@id":"https:\/\/www.ocau.edu.uy\/#organization"},"potentialAction":[{"@type":"SearchAction","target":{"@type":"EntryPoint","urlTemplate":"https:\/\/www.ocau.edu.uy\/?s={search_term_string}"},"query-input":{"@type":"PropertyValueSpecification","valueRequired":true,"valueName":"search_term_string"}}],"inLanguage":"es"},{"@type":"Organization","@id":"https:\/\/www.ocau.edu.uy\/#organization","name":"Observatorio de la Cuesti\u00f3n Agraria en Uruguay","url":"https:\/\/www.ocau.edu.uy\/","logo":{"@type":"ImageObject","inLanguage":"es","@id":"https:\/\/www.ocau.edu.uy\/#\/schema\/logo\/image\/","url":"https:\/\/www.ocau.edu.uy\/wp-content\/uploads\/2021\/03\/cropped-Logo-OCAU.png","contentUrl":"https:\/\/www.ocau.edu.uy\/wp-content\/uploads\/2021\/03\/cropped-Logo-OCAU.png","width":540,"height":530,"caption":"Observatorio de la Cuesti\u00f3n Agraria en Uruguay"},"image":{"@id":"https:\/\/www.ocau.edu.uy\/#\/schema\/logo\/image\/"}}]}},"_links":{"self":[{"href":"https:\/\/www.ocau.edu.uy\/index.php?rest_route=\/wp\/v2\/pages\/1371","targetHints":{"allow":["GET"]}}],"collection":[{"href":"https:\/\/www.ocau.edu.uy\/index.php?rest_route=\/wp\/v2\/pages"}],"about":[{"href":"https:\/\/www.ocau.edu.uy\/index.php?rest_route=\/wp\/v2\/types\/page"}],"author":[{"embeddable":true,"href":"https:\/\/www.ocau.edu.uy\/index.php?rest_route=\/wp\/v2\/users\/3"}],"replies":[{"embeddable":true,"href":"https:\/\/www.ocau.edu.uy\/index.php?rest_route=%2Fwp%2Fv2%2Fcomments&post=1371"}],"version-history":[{"count":11,"href":"https:\/\/www.ocau.edu.uy\/index.php?rest_route=\/wp\/v2\/pages\/1371\/revisions"}],"predecessor-version":[{"id":1391,"href":"https:\/\/www.ocau.edu.uy\/index.php?rest_route=\/wp\/v2\/pages\/1371\/revisions\/1391"}],"wp:attachment":[{"href":"https:\/\/www.ocau.edu.uy\/index.php?rest_route=%2Fwp%2Fv2%2Fmedia&parent=1371"}],"curies":[{"name":"wp","href":"https:\/\/api.w.org\/{rel}","templated":true}]}}