{"id":752,"date":"2021-07-29T17:04:15","date_gmt":"2021-07-29T20:04:15","guid":{"rendered":"https:\/\/www.ocau.edu.uy\/?page_id=752"},"modified":"2021-09-28T18:40:55","modified_gmt":"2021-09-28T21:40:55","slug":"cumbre-mundial-de-los-sistemas-alimentarios","status":"publish","type":"page","link":"https:\/\/www.ocau.edu.uy\/?page_id=752","title":{"rendered":"Cumbre mundial de los sistemas alimentarios"},"content":{"rendered":"\n<section class=\"wp-block-themeisle-blocks-advanced-columns alignfull has-3-columns has-desktop-equal-layout has-tablet-equal-layout has-mobile-collapsedRows-layout has-nogap-gap has-vertical-flex-start\" id=\"wp-block-themeisle-blocks-advanced-columns-c35e1bf3\"><div class=\"wp-block-themeisle-blocks-advanced-columns-overlay\"><\/div><div class=\"innerblocks-wrap\">\n<div class=\"wp-block-themeisle-blocks-advanced-column\" id=\"wp-block-themeisle-blocks-advanced-column-7002fb8f\">\n<figure class=\"wp-block-image size-large\"><img loading=\"lazy\" decoding=\"async\" width=\"1024\" height=\"142\" src=\"https:\/\/www.ocau.edu.uy\/wp-content\/uploads\/2021\/07\/fotos-ONU-sistemas-alimentarios-1-1024x142.jpg\" alt=\"\" class=\"wp-image-767\" srcset=\"https:\/\/www.ocau.edu.uy\/wp-content\/uploads\/2021\/07\/fotos-ONU-sistemas-alimentarios-1-1024x142.jpg 1024w, https:\/\/www.ocau.edu.uy\/wp-content\/uploads\/2021\/07\/fotos-ONU-sistemas-alimentarios-1-300x42.jpg 300w, https:\/\/www.ocau.edu.uy\/wp-content\/uploads\/2021\/07\/fotos-ONU-sistemas-alimentarios-1-768x107.jpg 768w, https:\/\/www.ocau.edu.uy\/wp-content\/uploads\/2021\/07\/fotos-ONU-sistemas-alimentarios-1.jpg 1223w\" sizes=\"auto, (max-width: 1024px) 100vw, 1024px\" \/><\/figure>\n\n\n\n<h3 class=\"has-text-align-left wp-block-heading\">Pre-Cumbre de los sistemas alimentarios-ONU<\/h3>\n\n\n\n<p class=\"has-text-align-left\">Los d\u00edas 26, 27 y 28 de julio se realiz\u00f3 en Roma la pre-cumbre de los sistemas alimentarios de la ONU <\/p>\n\n\n\n<div class=\"wp-block-buttons is-layout-flex wp-block-buttons-is-layout-flex\">\n<div class=\"wp-block-button is-style-primary\"><a class=\"wp-block-button__link\" href=\"https:\/\/www.ocau.edu.uy\/?page_id=773\">Leer m\u00e1s<\/a><\/div>\n<\/div>\n<\/div>\n\n\n\n<div class=\"wp-block-themeisle-blocks-advanced-column\" id=\"wp-block-themeisle-blocks-advanced-column-3e5aec1f\">\n<figure class=\"wp-block-image size-large\"><img loading=\"lazy\" decoding=\"async\" width=\"1024\" height=\"641\" src=\"https:\/\/www.ocau.edu.uy\/wp-content\/uploads\/2021\/07\/Sistemas-Alimentares-para-os-Povos-1024x641.jpeg\" alt=\"\" class=\"wp-image-769\" srcset=\"https:\/\/www.ocau.edu.uy\/wp-content\/uploads\/2021\/07\/Sistemas-Alimentares-para-os-Povos-1024x641.jpeg 1024w, https:\/\/www.ocau.edu.uy\/wp-content\/uploads\/2021\/07\/Sistemas-Alimentares-para-os-Povos-300x188.jpeg 300w, https:\/\/www.ocau.edu.uy\/wp-content\/uploads\/2021\/07\/Sistemas-Alimentares-para-os-Povos-768x481.jpeg 768w, https:\/\/www.ocau.edu.uy\/wp-content\/uploads\/2021\/07\/Sistemas-Alimentares-para-os-Povos.jpeg 1536w\" sizes=\"auto, (max-width: 1024px) 100vw, 1024px\" \/><\/figure>\n\n\n\n<h3 class=\"has-text-align-left wp-block-heading\">Contra-Cumbre de los sistemas alimentarios-Organizaciones sociales<\/h3>\n\n\n\n<p class=\"has-text-align-left\">Los d\u00edas 26, 27 y 28 de julio se realiz\u00f3 v\u00eda remota un encuentro organizado por cientos de organizaciones sociales que buscan mayor voz en la cumbre de la ONU<\/p>\n\n\n\n<div class=\"wp-block-buttons is-layout-flex wp-block-buttons-is-layout-flex\">\n<div class=\"wp-block-button is-style-primary\"><a class=\"wp-block-button__link\" href=\"https:\/\/www.ocau.edu.uy\/?page_id=778\" target=\"_blank\" rel=\"noreferrer noopener\">LEER M\u00c1S<\/a><\/div>\n<\/div>\n<\/div>\n\n\n\n<div class=\"wp-block-themeisle-blocks-advanced-column\" id=\"wp-block-themeisle-blocks-advanced-column-be60fbba\">\n<figure class=\"wp-block-image size-full\"><img loading=\"lazy\" decoding=\"async\" width=\"993\" height=\"380\" src=\"https:\/\/www.ocau.edu.uy\/wp-content\/uploads\/2021\/07\/Dialogos-Parlamento.jpeg\" alt=\"\" class=\"wp-image-768\" srcset=\"https:\/\/www.ocau.edu.uy\/wp-content\/uploads\/2021\/07\/Dialogos-Parlamento.jpeg 993w, https:\/\/www.ocau.edu.uy\/wp-content\/uploads\/2021\/07\/Dialogos-Parlamento-300x115.jpeg 300w, https:\/\/www.ocau.edu.uy\/wp-content\/uploads\/2021\/07\/Dialogos-Parlamento-768x294.jpeg 768w\" sizes=\"auto, (max-width: 993px) 100vw, 993px\" \/><\/figure>\n\n\n\n<h3 class=\"has-text-align-left wp-block-heading\">Actividad realizada por el parlamento Uruguayo sobre la pre-cumbre<\/h3>\n\n\n\n<p class=\"has-text-align-left\">Los d\u00edas 22, 23 y 24 de junio el parlamento nacional realiz\u00f3 un evento para elaborar la posici\u00f3n de Uruguay frente a la cumbre<\/p>\n\n\n\n<div class=\"wp-block-buttons is-layout-flex wp-block-buttons-is-layout-flex\">\n<div class=\"wp-block-button is-style-primary\"><a class=\"wp-block-button__link\" href=\"https:\/\/www.ocau.edu.uy\/?page_id=760\">LEER M\u00c1S<\/a><\/div>\n<\/div>\n<\/div>\n<\/div><\/section>\n\n\n\n<section class=\"wp-block-themeisle-blocks-advanced-columns alignfull has-3-columns has-desktop-equal-layout has-tablet-equal-layout has-mobile-collapsedRows-layout has-nogap-gap has-vertical-flex-start\" id=\"wp-block-themeisle-blocks-advanced-columns-70f1c27b\"><div class=\"wp-block-themeisle-blocks-advanced-columns-overlay\"><\/div><div class=\"innerblocks-wrap\">\n<div class=\"wp-block-themeisle-blocks-advanced-column\" id=\"wp-block-themeisle-blocks-advanced-column-778aa498\">\n<figure class=\"wp-block-image size-full\"><img loading=\"lazy\" decoding=\"async\" width=\"343\" height=\"117\" src=\"https:\/\/www.ocau.edu.uy\/wp-content\/uploads\/2021\/09\/CLACSO.jpg\" alt=\"\" class=\"wp-image-829\" srcset=\"https:\/\/www.ocau.edu.uy\/wp-content\/uploads\/2021\/09\/CLACSO.jpg 343w, https:\/\/www.ocau.edu.uy\/wp-content\/uploads\/2021\/09\/CLACSO-300x102.jpg 300w\" sizes=\"auto, (max-width: 343px) 100vw, 343px\" \/><\/figure>\n\n\n\n<h3 class=\"has-text-align-left wp-block-heading\">Sistemas alimentarios para la vida<\/h3>\n\n\n\n<p class=\"has-text-align-left\">Los d\u00edas 21, 22 de setiembre en el marco de la cumbre de los sistemas alimentarios de la ONU se realiz\u00f3 un encuentro de di\u00e1logos por parte de CLACSO <\/p>\n\n\n\n<div class=\"wp-block-buttons is-layout-flex wp-block-buttons-is-layout-flex\">\n<div class=\"wp-block-button is-style-primary\"><a class=\"wp-block-button__link\" href=\"https:\/\/www.ocau.edu.uy\/?page_id=831\" target=\"_blank\" rel=\"noreferrer noopener\">Leer m\u00e1s<\/a><\/div>\n<\/div>\n<\/div>\n\n\n\n<div class=\"wp-block-themeisle-blocks-advanced-column\" id=\"wp-block-themeisle-blocks-advanced-column-dac61029\">\n<div class=\"wp-block-buttons is-layout-flex wp-block-buttons-is-layout-flex\"><\/div>\n<\/div>\n\n\n\n<div class=\"wp-block-themeisle-blocks-advanced-column\" id=\"wp-block-themeisle-blocks-advanced-column-9fdeb137\">\n<div class=\"wp-block-buttons is-layout-flex wp-block-buttons-is-layout-flex\"><\/div>\n<\/div>\n<\/div><\/section>\n\n\n\n<p><\/p>\n","protected":false},"excerpt":{"rendered":"","protected":false},"author":3,"featured_media":0,"parent":552,"menu_order":0,"comment_status":"closed","ping_status":"closed","template":"","meta":{"neve_meta_sidebar":"full-width","neve_meta_container":"","neve_meta_enable_content_width":"on","neve_meta_content_width":100,"neve_meta_title_alignment":"","neve_meta_author_avatar":"","neve_post_elements_order":"","neve_meta_disable_header":"","neve_meta_disable_footer":"","neve_meta_disable_title":"","_themeisle_gutenberg_block_has_review":false,"footnotes":""},"class_list":["post-752","page","type-page","status-publish","hentry"],"yoast_head":"<!-- This site is optimized with the Yoast SEO plugin v26.7 - https:\/\/yoast.com\/wordpress\/plugins\/seo\/ -->\n<title>Cumbre mundial de los sistemas alimentarios - Observatorio de la Cuesti\u00f3n Agraria en Uruguay<\/title>\n<meta name=\"robots\" content=\"index, follow, max-snippet:-1, max-image-preview:large, max-video-preview:-1\" \/>\n<link rel=\"canonical\" href=\"https:\/\/www.ocau.edu.uy\/?page_id=752\" \/>\n<meta property=\"og:locale\" content=\"es_ES\" \/>\n<meta property=\"og:type\" content=\"article\" \/>\n<meta property=\"og:title\" content=\"Cumbre mundial de los sistemas alimentarios - Observatorio de la Cuesti\u00f3n Agraria en Uruguay\" \/>\n<meta property=\"og:url\" content=\"https:\/\/www.ocau.edu.uy\/?page_id=752\" \/>\n<meta property=\"og:site_name\" content=\"Observatorio de la Cuesti\u00f3n Agraria en Uruguay\" \/>\n<meta property=\"article:modified_time\" content=\"2021-09-28T21:40:55+00:00\" \/>\n<meta property=\"og:image\" content=\"https:\/\/www.ocau.edu.uy\/wp-content\/uploads\/2021\/07\/fotos-ONU-sistemas-alimentarios-1-1024x142.jpg\" \/>\n<meta name=\"twitter:card\" content=\"summary_large_image\" \/>\n<meta name=\"twitter:label1\" content=\"Tiempo de lectura\" \/>\n\t<meta name=\"twitter:data1\" content=\"2 minutos\" \/>\n<script type=\"application\/ld+json\" class=\"yoast-schema-graph\">{\"@context\":\"https:\/\/schema.org\",\"@graph\":[{\"@type\":\"WebPage\",\"@id\":\"https:\/\/www.ocau.edu.uy\/?page_id=752\",\"url\":\"https:\/\/www.ocau.edu.uy\/?page_id=752\",\"name\":\"Cumbre mundial de los sistemas alimentarios - Observatorio de la Cuesti\u00f3n Agraria en Uruguay\",\"isPartOf\":{\"@id\":\"https:\/\/www.ocau.edu.uy\/#website\"},\"primaryImageOfPage\":{\"@id\":\"https:\/\/www.ocau.edu.uy\/?page_id=752#primaryimage\"},\"image\":{\"@id\":\"https:\/\/www.ocau.edu.uy\/?page_id=752#primaryimage\"},\"thumbnailUrl\":\"https:\/\/www.ocau.edu.uy\/wp-content\/uploads\/2021\/07\/fotos-ONU-sistemas-alimentarios-1-1024x142.jpg\",\"datePublished\":\"2021-07-29T20:04:15+00:00\",\"dateModified\":\"2021-09-28T21:40:55+00:00\",\"breadcrumb\":{\"@id\":\"https:\/\/www.ocau.edu.uy\/?page_id=752#breadcrumb\"},\"inLanguage\":\"es\",\"potentialAction\":[{\"@type\":\"ReadAction\",\"target\":[\"https:\/\/www.ocau.edu.uy\/?page_id=752\"]}]},{\"@type\":\"ImageObject\",\"inLanguage\":\"es\",\"@id\":\"https:\/\/www.ocau.edu.uy\/?page_id=752#primaryimage\",\"url\":\"https:\/\/www.ocau.edu.uy\/wp-content\/uploads\/2021\/07\/fotos-ONU-sistemas-alimentarios-1.jpg\",\"contentUrl\":\"https:\/\/www.ocau.edu.uy\/wp-content\/uploads\/2021\/07\/fotos-ONU-sistemas-alimentarios-1.jpg\",\"width\":1223,\"height\":170},{\"@type\":\"BreadcrumbList\",\"@id\":\"https:\/\/www.ocau.edu.uy\/?page_id=752#breadcrumb\",\"itemListElement\":[{\"@type\":\"ListItem\",\"position\":1,\"name\":\"Noticias\",\"item\":\"https:\/\/www.ocau.edu.uy\/?page_id=552\"},{\"@type\":\"ListItem\",\"position\":2,\"name\":\"Cumbre mundial de los sistemas alimentarios\"}]},{\"@type\":\"WebSite\",\"@id\":\"https:\/\/www.ocau.edu.uy\/#website\",\"url\":\"https:\/\/www.ocau.edu.uy\/\",\"name\":\"Observatorio de la Cuesti\u00f3n Agraria en Uruguay\",\"description\":\"OCAU\",\"publisher\":{\"@id\":\"https:\/\/www.ocau.edu.uy\/#organization\"},\"potentialAction\":[{\"@type\":\"SearchAction\",\"target\":{\"@type\":\"EntryPoint\",\"urlTemplate\":\"https:\/\/www.ocau.edu.uy\/?s={search_term_string}\"},\"query-input\":{\"@type\":\"PropertyValueSpecification\",\"valueRequired\":true,\"valueName\":\"search_term_string\"}}],\"inLanguage\":\"es\"},{\"@type\":\"Organization\",\"@id\":\"https:\/\/www.ocau.edu.uy\/#organization\",\"name\":\"Observatorio de la Cuesti\u00f3n Agraria en Uruguay\",\"url\":\"https:\/\/www.ocau.edu.uy\/\",\"logo\":{\"@type\":\"ImageObject\",\"inLanguage\":\"es\",\"@id\":\"https:\/\/www.ocau.edu.uy\/#\/schema\/logo\/image\/\",\"url\":\"https:\/\/www.ocau.edu.uy\/wp-content\/uploads\/2021\/03\/cropped-Logo-OCAU.png\",\"contentUrl\":\"https:\/\/www.ocau.edu.uy\/wp-content\/uploads\/2021\/03\/cropped-Logo-OCAU.png\",\"width\":540,\"height\":530,\"caption\":\"Observatorio de la Cuesti\u00f3n Agraria en Uruguay\"},\"image\":{\"@id\":\"https:\/\/www.ocau.edu.uy\/#\/schema\/logo\/image\/\"}}]}<\/script>\n<!-- \/ Yoast SEO plugin. -->","yoast_head_json":{"title":"Cumbre mundial de los sistemas alimentarios - Observatorio de la Cuesti\u00f3n Agraria en Uruguay","robots":{"index":"index","follow":"follow","max-snippet":"max-snippet:-1","max-image-preview":"max-image-preview:large","max-video-preview":"max-video-preview:-1"},"canonical":"https:\/\/www.ocau.edu.uy\/?page_id=752","og_locale":"es_ES","og_type":"article","og_title":"Cumbre mundial de los sistemas alimentarios - Observatorio de la Cuesti\u00f3n Agraria en Uruguay","og_url":"https:\/\/www.ocau.edu.uy\/?page_id=752","og_site_name":"Observatorio de la Cuesti\u00f3n Agraria en Uruguay","article_modified_time":"2021-09-28T21:40:55+00:00","og_image":[{"url":"https:\/\/www.ocau.edu.uy\/wp-content\/uploads\/2021\/07\/fotos-ONU-sistemas-alimentarios-1-1024x142.jpg","type":"","width":"","height":""}],"twitter_card":"summary_large_image","twitter_misc":{"Tiempo de lectura":"2 minutos"},"schema":{"@context":"https:\/\/schema.org","@graph":[{"@type":"WebPage","@id":"https:\/\/www.ocau.edu.uy\/?page_id=752","url":"https:\/\/www.ocau.edu.uy\/?page_id=752","name":"Cumbre mundial de los sistemas alimentarios - Observatorio de la Cuesti\u00f3n Agraria en Uruguay","isPartOf":{"@id":"https:\/\/www.ocau.edu.uy\/#website"},"primaryImageOfPage":{"@id":"https:\/\/www.ocau.edu.uy\/?page_id=752#primaryimage"},"image":{"@id":"https:\/\/www.ocau.edu.uy\/?page_id=752#primaryimage"},"thumbnailUrl":"https:\/\/www.ocau.edu.uy\/wp-content\/uploads\/2021\/07\/fotos-ONU-sistemas-alimentarios-1-1024x142.jpg","datePublished":"2021-07-29T20:04:15+00:00","dateModified":"2021-09-28T21:40:55+00:00","breadcrumb":{"@id":"https:\/\/www.ocau.edu.uy\/?page_id=752#breadcrumb"},"inLanguage":"es","potentialAction":[{"@type":"ReadAction","target":["https:\/\/www.ocau.edu.uy\/?page_id=752"]}]},{"@type":"ImageObject","inLanguage":"es","@id":"https:\/\/www.ocau.edu.uy\/?page_id=752#primaryimage","url":"https:\/\/www.ocau.edu.uy\/wp-content\/uploads\/2021\/07\/fotos-ONU-sistemas-alimentarios-1.jpg","contentUrl":"https:\/\/www.ocau.edu.uy\/wp-content\/uploads\/2021\/07\/fotos-ONU-sistemas-alimentarios-1.jpg","width":1223,"height":170},{"@type":"BreadcrumbList","@id":"https:\/\/www.ocau.edu.uy\/?page_id=752#breadcrumb","itemListElement":[{"@type":"ListItem","position":1,"name":"Noticias","item":"https:\/\/www.ocau.edu.uy\/?page_id=552"},{"@type":"ListItem","position":2,"name":"Cumbre mundial de los sistemas alimentarios"}]},{"@type":"WebSite","@id":"https:\/\/www.ocau.edu.uy\/#website","url":"https:\/\/www.ocau.edu.uy\/","name":"Observatorio de la Cuesti\u00f3n Agraria en Uruguay","description":"OCAU","publisher":{"@id":"https:\/\/www.ocau.edu.uy\/#organization"},"potentialAction":[{"@type":"SearchAction","target":{"@type":"EntryPoint","urlTemplate":"https:\/\/www.ocau.edu.uy\/?s={search_term_string}"},"query-input":{"@type":"PropertyValueSpecification","valueRequired":true,"valueName":"search_term_string"}}],"inLanguage":"es"},{"@type":"Organization","@id":"https:\/\/www.ocau.edu.uy\/#organization","name":"Observatorio de la Cuesti\u00f3n Agraria en Uruguay","url":"https:\/\/www.ocau.edu.uy\/","logo":{"@type":"ImageObject","inLanguage":"es","@id":"https:\/\/www.ocau.edu.uy\/#\/schema\/logo\/image\/","url":"https:\/\/www.ocau.edu.uy\/wp-content\/uploads\/2021\/03\/cropped-Logo-OCAU.png","contentUrl":"https:\/\/www.ocau.edu.uy\/wp-content\/uploads\/2021\/03\/cropped-Logo-OCAU.png","width":540,"height":530,"caption":"Observatorio de la Cuesti\u00f3n Agraria en Uruguay"},"image":{"@id":"https:\/\/www.ocau.edu.uy\/#\/schema\/logo\/image\/"}}]}},"_links":{"self":[{"href":"https:\/\/www.ocau.edu.uy\/index.php?rest_route=\/wp\/v2\/pages\/752","targetHints":{"allow":["GET"]}}],"collection":[{"href":"https:\/\/www.ocau.edu.uy\/index.php?rest_route=\/wp\/v2\/pages"}],"about":[{"href":"https:\/\/www.ocau.edu.uy\/index.php?rest_route=\/wp\/v2\/types\/page"}],"author":[{"embeddable":true,"href":"https:\/\/www.ocau.edu.uy\/index.php?rest_route=\/wp\/v2\/users\/3"}],"replies":[{"embeddable":true,"href":"https:\/\/www.ocau.edu.uy\/index.php?rest_route=%2Fwp%2Fv2%2Fcomments&post=752"}],"version-history":[{"count":15,"href":"https:\/\/www.ocau.edu.uy\/index.php?rest_route=\/wp\/v2\/pages\/752\/revisions"}],"predecessor-version":[{"id":840,"href":"https:\/\/www.ocau.edu.uy\/index.php?rest_route=\/wp\/v2\/pages\/752\/revisions\/840"}],"up":[{"embeddable":true,"href":"https:\/\/www.ocau.edu.uy\/index.php?rest_route=\/wp\/v2\/pages\/552"}],"wp:attachment":[{"href":"https:\/\/www.ocau.edu.uy\/index.php?rest_route=%2Fwp%2Fv2%2Fmedia&parent=752"}],"curies":[{"name":"wp","href":"https:\/\/api.w.org\/{rel}","templated":true}]}}