{"id":868,"date":"2021-10-29T12:22:15","date_gmt":"2021-10-29T15:22:15","guid":{"rendered":"https:\/\/www.ocau.edu.uy\/?page_id=868"},"modified":"2023-11-22T14:16:36","modified_gmt":"2023-11-22T17:16:36","slug":"seminario-mujeres-rurales-de-la-frontera-noreste","status":"publish","type":"page","link":"https:\/\/www.ocau.edu.uy\/?page_id=868","title":{"rendered":"Seminario 2021"},"content":{"rendered":"\n<p class=\"has-large-font-size\"><\/p>\n\n\n\n<div id=\"wp-block-themeisle-blocks-advanced-columns-c51613dd\" class=\"wp-block-themeisle-blocks-advanced-columns has-1-columns has-desktop-equal-layout has-tablet-equal-layout has-mobile-equal-layout has-vertical-unset has-default-gap\"><div class=\"wp-block-themeisle-blocks-advanced-columns-overlay\"><\/div><div class=\"innerblocks-wrap\">\n<div id=\"wp-block-themeisle-blocks-advanced-column-43d48c98\" class=\"wp-block-themeisle-blocks-advanced-column\"><div class=\"wp-block-image\">\n<figure class=\"aligncenter size-large is-resized\"><img loading=\"lazy\" decoding=\"async\" width=\"459\" height=\"1024\" src=\"https:\/\/www.ocau.edu.uy\/wp-content\/uploads\/2021\/10\/Programa-459x1024.jpg\" alt=\"\" class=\"wp-image-869\" style=\"width:601px;height:1342px\" srcset=\"https:\/\/www.ocau.edu.uy\/wp-content\/uploads\/2021\/10\/Programa-459x1024.jpg 459w, https:\/\/www.ocau.edu.uy\/wp-content\/uploads\/2021\/10\/Programa-135x300.jpg 135w, https:\/\/www.ocau.edu.uy\/wp-content\/uploads\/2021\/10\/Programa.jpg 574w\" sizes=\"auto, (max-width: 459px) 100vw, 459px\" \/><\/figure>\n<\/div><\/div>\n<\/div><\/div>\n\n\n\n<p><\/p>\n\n\n\n<p><strong>Los d\u00edas 11 y 12 de noviembre del a\u00f1o 2021, se realiz\u00f3 en la Sociedad de Fomento Rural de Rivera, en la sede de Curticeiras el encuentro denominado \u201cExperiencias comunitarias de mujeres en cuidado de la biodiversidad y soberan\u00eda alimentaria\u201d organizado por Grupo de Semillas Fronterizas,&nbsp; Redes Amigos de la tierra y la Universidad de la Rep\u00fablica. El OCAU particip\u00f3 en el conjunto de la actividad y colabor\u00f3 en la realizaci\u00f3n de una presentaci\u00f3n sobre las principales caracter\u00edsticas geogr\u00e1ficas de la regi\u00f3n noreste<\/strong>. <\/p>\n\n\n\n<p>La presentaci\u00f3n del OCUA en el evento se puede descargar de aqu\u00ed<\/p>\n\n\n\n<div class=\"wp-block-buttons is-layout-flex wp-block-buttons-is-layout-flex\">\n<div class=\"wp-block-button is-style-primary\"><a class=\"wp-block-button__link wp-element-button\" href=\"https:\/\/www.ocau.edu.uy\/wp-content\/uploads\/2021\/11\/Presentacion-seminario-Rivera.pdf\" target=\"_blank\" rel=\"noreferrer noopener\">Descargar presentaci\u00f3n<\/a><\/div>\n<\/div>\n\n\n\n<p><\/p>\n\n\n\n<figure class=\"wp-block-image size-large\"><img loading=\"lazy\" decoding=\"async\" width=\"1024\" height=\"501\" src=\"https:\/\/www.ocau.edu.uy\/wp-content\/uploads\/2021\/11\/IMG_20211111_151406-1024x501.jpg\" alt=\"\" class=\"wp-image-877\" srcset=\"https:\/\/www.ocau.edu.uy\/wp-content\/uploads\/2021\/11\/IMG_20211111_151406-1024x501.jpg 1024w, https:\/\/www.ocau.edu.uy\/wp-content\/uploads\/2021\/11\/IMG_20211111_151406-300x147.jpg 300w, https:\/\/www.ocau.edu.uy\/wp-content\/uploads\/2021\/11\/IMG_20211111_151406-768x376.jpg 768w, https:\/\/www.ocau.edu.uy\/wp-content\/uploads\/2021\/11\/IMG_20211111_151406-1536x752.jpg 1536w, https:\/\/www.ocau.edu.uy\/wp-content\/uploads\/2021\/11\/IMG_20211111_151406-2048x1002.jpg 2048w\" sizes=\"auto, (max-width: 1024px) 100vw, 1024px\" \/><figcaption class=\"wp-element-caption\">Trabajo en los talleres<\/figcaption><\/figure>\n\n\n\n<figure class=\"wp-block-image size-large\"><img loading=\"lazy\" decoding=\"async\" width=\"1024\" height=\"345\" src=\"https:\/\/www.ocau.edu.uy\/wp-content\/uploads\/2021\/11\/PANO_20211112_112134-1-1024x345.jpg\" alt=\"\" class=\"wp-image-878\" srcset=\"https:\/\/www.ocau.edu.uy\/wp-content\/uploads\/2021\/11\/PANO_20211112_112134-1-1024x345.jpg 1024w, https:\/\/www.ocau.edu.uy\/wp-content\/uploads\/2021\/11\/PANO_20211112_112134-1-300x101.jpg 300w, https:\/\/www.ocau.edu.uy\/wp-content\/uploads\/2021\/11\/PANO_20211112_112134-1-768x259.jpg 768w, https:\/\/www.ocau.edu.uy\/wp-content\/uploads\/2021\/11\/PANO_20211112_112134-1-1536x518.jpg 1536w, https:\/\/www.ocau.edu.uy\/wp-content\/uploads\/2021\/11\/PANO_20211112_112134-1-2048x690.jpg 2048w\" sizes=\"auto, (max-width: 1024px) 100vw, 1024px\" \/><figcaption class=\"wp-element-caption\">Intercambio en la plenaria<\/figcaption><\/figure>\n\n\n\n<p><strong>Por m\u00e1s informaci\u00f3n dirigirse al facebook de redes amigos de la tierra. <a href=\"https:\/\/www.facebook.com\/REDESAT1\/videos\/1278187556035621\/\" target=\"_blank\" rel=\"noreferrer noopener\">https:\/\/www.facebook.com\/REDESAT1\/videos\/1278187556035621\/<\/a><\/strong><\/p>\n\n\n\n<p><img decoding=\"async\" class=\"wp-image-855\" style=\"width: NaNpx;\" src=\"https:\/\/www.ocau.edu.uy\/wp-content\/uploads\/2021\/10\/saludo-OCAU.pdf\" alt=\"\"><\/p>\n","protected":false},"excerpt":{"rendered":"<p>Los d\u00edas 11 y 12 de noviembre del a\u00f1o 2021, se realiz\u00f3 en la Sociedad de Fomento Rural de Rivera, en la sede de Curticeiras el encuentro denominado \u201cExperiencias comunitarias de mujeres en cuidado de la biodiversidad y soberan\u00eda alimentaria\u201d organizado por Grupo de Semillas Fronterizas,&nbsp; Redes Amigos de la tierra y la Universidad de&hellip;&nbsp;<a href=\"https:\/\/www.ocau.edu.uy\/?page_id=868\" class=\"\" rel=\"bookmark\">Leer m\u00e1s &raquo;<span class=\"screen-reader-text\">Seminario 2021<\/span><\/a><\/p>\n","protected":false},"author":3,"featured_media":0,"parent":0,"menu_order":0,"comment_status":"closed","ping_status":"closed","template":"","meta":{"neve_meta_sidebar":"full-width","neve_meta_container":"","neve_meta_enable_content_width":"on","neve_meta_content_width":100,"neve_meta_title_alignment":"","neve_meta_author_avatar":"","neve_post_elements_order":"","neve_meta_disable_header":"","neve_meta_disable_footer":"","neve_meta_disable_title":"","_themeisle_gutenberg_block_has_review":false,"footnotes":""},"class_list":["post-868","page","type-page","status-publish","hentry"],"yoast_head":"<!-- This site is optimized with the Yoast SEO plugin v26.7 - https:\/\/yoast.com\/wordpress\/plugins\/seo\/ -->\n<title>Seminario 2021 - Observatorio de la Cuesti\u00f3n Agraria en Uruguay<\/title>\n<meta name=\"robots\" content=\"index, follow, max-snippet:-1, max-image-preview:large, max-video-preview:-1\" \/>\n<link rel=\"canonical\" href=\"https:\/\/www.ocau.edu.uy\/?page_id=868\" \/>\n<meta property=\"og:locale\" content=\"es_ES\" \/>\n<meta property=\"og:type\" content=\"article\" \/>\n<meta property=\"og:title\" content=\"Seminario 2021 - Observatorio de la Cuesti\u00f3n Agraria en Uruguay\" \/>\n<meta property=\"og:description\" content=\"Los d\u00edas 11 y 12 de noviembre del a\u00f1o 2021, se realiz\u00f3 en la Sociedad de Fomento Rural de Rivera, en la sede de Curticeiras el encuentro denominado \u201cExperiencias comunitarias de mujeres en cuidado de la biodiversidad y soberan\u00eda alimentaria\u201d organizado por Grupo de Semillas Fronterizas,&nbsp; Redes Amigos de la tierra y la Universidad de&hellip;&nbsp;Leer m\u00e1s &raquo;Seminario 2021\" \/>\n<meta property=\"og:url\" content=\"https:\/\/www.ocau.edu.uy\/?page_id=868\" \/>\n<meta property=\"og:site_name\" content=\"Observatorio de la Cuesti\u00f3n Agraria en Uruguay\" \/>\n<meta property=\"article:modified_time\" content=\"2023-11-22T17:16:36+00:00\" \/>\n<meta property=\"og:image\" content=\"https:\/\/www.ocau.edu.uy\/wp-content\/uploads\/2021\/10\/Programa-459x1024.jpg\" \/>\n<meta name=\"twitter:card\" content=\"summary_large_image\" \/>\n<meta name=\"twitter:label1\" content=\"Tiempo de lectura\" \/>\n\t<meta name=\"twitter:data1\" content=\"2 minutos\" \/>\n<script type=\"application\/ld+json\" class=\"yoast-schema-graph\">{\"@context\":\"https:\/\/schema.org\",\"@graph\":[{\"@type\":\"WebPage\",\"@id\":\"https:\/\/www.ocau.edu.uy\/?page_id=868\",\"url\":\"https:\/\/www.ocau.edu.uy\/?page_id=868\",\"name\":\"Seminario 2021 - Observatorio de la Cuesti\u00f3n Agraria en Uruguay\",\"isPartOf\":{\"@id\":\"https:\/\/www.ocau.edu.uy\/#website\"},\"primaryImageOfPage\":{\"@id\":\"https:\/\/www.ocau.edu.uy\/?page_id=868#primaryimage\"},\"image\":{\"@id\":\"https:\/\/www.ocau.edu.uy\/?page_id=868#primaryimage\"},\"thumbnailUrl\":\"https:\/\/www.ocau.edu.uy\/wp-content\/uploads\/2021\/10\/Programa-459x1024.jpg\",\"datePublished\":\"2021-10-29T15:22:15+00:00\",\"dateModified\":\"2023-11-22T17:16:36+00:00\",\"inLanguage\":\"es\",\"potentialAction\":[{\"@type\":\"ReadAction\",\"target\":[\"https:\/\/www.ocau.edu.uy\/?page_id=868\"]}]},{\"@type\":\"ImageObject\",\"inLanguage\":\"es\",\"@id\":\"https:\/\/www.ocau.edu.uy\/?page_id=868#primaryimage\",\"url\":\"https:\/\/www.ocau.edu.uy\/wp-content\/uploads\/2021\/10\/Programa.jpg\",\"contentUrl\":\"https:\/\/www.ocau.edu.uy\/wp-content\/uploads\/2021\/10\/Programa.jpg\",\"width\":574,\"height\":1280},{\"@type\":\"WebSite\",\"@id\":\"https:\/\/www.ocau.edu.uy\/#website\",\"url\":\"https:\/\/www.ocau.edu.uy\/\",\"name\":\"Observatorio de la Cuesti\u00f3n Agraria en Uruguay\",\"description\":\"OCAU\",\"publisher\":{\"@id\":\"https:\/\/www.ocau.edu.uy\/#organization\"},\"potentialAction\":[{\"@type\":\"SearchAction\",\"target\":{\"@type\":\"EntryPoint\",\"urlTemplate\":\"https:\/\/www.ocau.edu.uy\/?s={search_term_string}\"},\"query-input\":{\"@type\":\"PropertyValueSpecification\",\"valueRequired\":true,\"valueName\":\"search_term_string\"}}],\"inLanguage\":\"es\"},{\"@type\":\"Organization\",\"@id\":\"https:\/\/www.ocau.edu.uy\/#organization\",\"name\":\"Observatorio de la Cuesti\u00f3n Agraria en Uruguay\",\"url\":\"https:\/\/www.ocau.edu.uy\/\",\"logo\":{\"@type\":\"ImageObject\",\"inLanguage\":\"es\",\"@id\":\"https:\/\/www.ocau.edu.uy\/#\/schema\/logo\/image\/\",\"url\":\"https:\/\/www.ocau.edu.uy\/wp-content\/uploads\/2021\/03\/cropped-Logo-OCAU.png\",\"contentUrl\":\"https:\/\/www.ocau.edu.uy\/wp-content\/uploads\/2021\/03\/cropped-Logo-OCAU.png\",\"width\":540,\"height\":530,\"caption\":\"Observatorio de la Cuesti\u00f3n Agraria en Uruguay\"},\"image\":{\"@id\":\"https:\/\/www.ocau.edu.uy\/#\/schema\/logo\/image\/\"}}]}<\/script>\n<!-- \/ Yoast SEO plugin. -->","yoast_head_json":{"title":"Seminario 2021 - Observatorio de la Cuesti\u00f3n Agraria en Uruguay","robots":{"index":"index","follow":"follow","max-snippet":"max-snippet:-1","max-image-preview":"max-image-preview:large","max-video-preview":"max-video-preview:-1"},"canonical":"https:\/\/www.ocau.edu.uy\/?page_id=868","og_locale":"es_ES","og_type":"article","og_title":"Seminario 2021 - Observatorio de la Cuesti\u00f3n Agraria en Uruguay","og_description":"Los d\u00edas 11 y 12 de noviembre del a\u00f1o 2021, se realiz\u00f3 en la Sociedad de Fomento Rural de Rivera, en la sede de Curticeiras el encuentro denominado \u201cExperiencias comunitarias de mujeres en cuidado de la biodiversidad y soberan\u00eda alimentaria\u201d organizado por Grupo de Semillas Fronterizas,&nbsp; Redes Amigos de la tierra y la Universidad de&hellip;&nbsp;Leer m\u00e1s &raquo;Seminario 2021","og_url":"https:\/\/www.ocau.edu.uy\/?page_id=868","og_site_name":"Observatorio de la Cuesti\u00f3n Agraria en Uruguay","article_modified_time":"2023-11-22T17:16:36+00:00","og_image":[{"url":"https:\/\/www.ocau.edu.uy\/wp-content\/uploads\/2021\/10\/Programa-459x1024.jpg","type":"","width":"","height":""}],"twitter_card":"summary_large_image","twitter_misc":{"Tiempo de lectura":"2 minutos"},"schema":{"@context":"https:\/\/schema.org","@graph":[{"@type":"WebPage","@id":"https:\/\/www.ocau.edu.uy\/?page_id=868","url":"https:\/\/www.ocau.edu.uy\/?page_id=868","name":"Seminario 2021 - Observatorio de la Cuesti\u00f3n Agraria en Uruguay","isPartOf":{"@id":"https:\/\/www.ocau.edu.uy\/#website"},"primaryImageOfPage":{"@id":"https:\/\/www.ocau.edu.uy\/?page_id=868#primaryimage"},"image":{"@id":"https:\/\/www.ocau.edu.uy\/?page_id=868#primaryimage"},"thumbnailUrl":"https:\/\/www.ocau.edu.uy\/wp-content\/uploads\/2021\/10\/Programa-459x1024.jpg","datePublished":"2021-10-29T15:22:15+00:00","dateModified":"2023-11-22T17:16:36+00:00","inLanguage":"es","potentialAction":[{"@type":"ReadAction","target":["https:\/\/www.ocau.edu.uy\/?page_id=868"]}]},{"@type":"ImageObject","inLanguage":"es","@id":"https:\/\/www.ocau.edu.uy\/?page_id=868#primaryimage","url":"https:\/\/www.ocau.edu.uy\/wp-content\/uploads\/2021\/10\/Programa.jpg","contentUrl":"https:\/\/www.ocau.edu.uy\/wp-content\/uploads\/2021\/10\/Programa.jpg","width":574,"height":1280},{"@type":"WebSite","@id":"https:\/\/www.ocau.edu.uy\/#website","url":"https:\/\/www.ocau.edu.uy\/","name":"Observatorio de la Cuesti\u00f3n Agraria en Uruguay","description":"OCAU","publisher":{"@id":"https:\/\/www.ocau.edu.uy\/#organization"},"potentialAction":[{"@type":"SearchAction","target":{"@type":"EntryPoint","urlTemplate":"https:\/\/www.ocau.edu.uy\/?s={search_term_string}"},"query-input":{"@type":"PropertyValueSpecification","valueRequired":true,"valueName":"search_term_string"}}],"inLanguage":"es"},{"@type":"Organization","@id":"https:\/\/www.ocau.edu.uy\/#organization","name":"Observatorio de la Cuesti\u00f3n Agraria en Uruguay","url":"https:\/\/www.ocau.edu.uy\/","logo":{"@type":"ImageObject","inLanguage":"es","@id":"https:\/\/www.ocau.edu.uy\/#\/schema\/logo\/image\/","url":"https:\/\/www.ocau.edu.uy\/wp-content\/uploads\/2021\/03\/cropped-Logo-OCAU.png","contentUrl":"https:\/\/www.ocau.edu.uy\/wp-content\/uploads\/2021\/03\/cropped-Logo-OCAU.png","width":540,"height":530,"caption":"Observatorio de la Cuesti\u00f3n Agraria en Uruguay"},"image":{"@id":"https:\/\/www.ocau.edu.uy\/#\/schema\/logo\/image\/"}}]}},"_links":{"self":[{"href":"https:\/\/www.ocau.edu.uy\/index.php?rest_route=\/wp\/v2\/pages\/868","targetHints":{"allow":["GET"]}}],"collection":[{"href":"https:\/\/www.ocau.edu.uy\/index.php?rest_route=\/wp\/v2\/pages"}],"about":[{"href":"https:\/\/www.ocau.edu.uy\/index.php?rest_route=\/wp\/v2\/types\/page"}],"author":[{"embeddable":true,"href":"https:\/\/www.ocau.edu.uy\/index.php?rest_route=\/wp\/v2\/users\/3"}],"replies":[{"embeddable":true,"href":"https:\/\/www.ocau.edu.uy\/index.php?rest_route=%2Fwp%2Fv2%2Fcomments&post=868"}],"version-history":[{"count":10,"href":"https:\/\/www.ocau.edu.uy\/index.php?rest_route=\/wp\/v2\/pages\/868\/revisions"}],"predecessor-version":[{"id":1315,"href":"https:\/\/www.ocau.edu.uy\/index.php?rest_route=\/wp\/v2\/pages\/868\/revisions\/1315"}],"wp:attachment":[{"href":"https:\/\/www.ocau.edu.uy\/index.php?rest_route=%2Fwp%2Fv2%2Fmedia&parent=868"}],"curies":[{"name":"wp","href":"https:\/\/api.w.org\/{rel}","templated":true}]}}