{"id":984,"date":"2022-09-21T15:58:35","date_gmt":"2022-09-21T18:58:35","guid":{"rendered":"https:\/\/www.ocau.edu.uy\/?page_id=984"},"modified":"2022-09-21T16:55:44","modified_gmt":"2022-09-21T19:55:44","slug":"eventos-2020","status":"publish","type":"page","link":"https:\/\/www.ocau.edu.uy\/?page_id=984","title":{"rendered":"Eventos 2020"},"content":{"rendered":"\n<div id=\"wp-block-themeisle-blocks-advanced-columns-6ef47714\" class=\"wp-block-themeisle-blocks-advanced-columns has-1-columns has-desktop-equal-layout has-tablet-equal-layout has-mobile-equal-layout has-vertical-unset\"><div class=\"wp-block-themeisle-blocks-advanced-columns-overlay\"><\/div><div class=\"innerblocks-wrap\">\n<div id=\"wp-block-themeisle-blocks-advanced-column-b3e96928\" class=\"wp-block-themeisle-blocks-advanced-column\"><div class=\"wp-block-image\">\n<figure class=\"aligncenter size-large is-resized\"><img loading=\"lazy\" decoding=\"async\" src=\"https:\/\/www.ocau.edu.uy\/wp-content\/uploads\/2022\/03\/Actividad-de-difusion-politica-de-tierra-y-luc-final-724x1024.jpg\" alt=\"\" class=\"wp-image-936\" width=\"528\" height=\"746\" srcset=\"https:\/\/www.ocau.edu.uy\/wp-content\/uploads\/2022\/03\/Actividad-de-difusion-politica-de-tierra-y-luc-final-724x1024.jpg 724w, https:\/\/www.ocau.edu.uy\/wp-content\/uploads\/2022\/03\/Actividad-de-difusion-politica-de-tierra-y-luc-final-212x300.jpg 212w, https:\/\/www.ocau.edu.uy\/wp-content\/uploads\/2022\/03\/Actividad-de-difusion-politica-de-tierra-y-luc-final-768x1086.jpg 768w, https:\/\/www.ocau.edu.uy\/wp-content\/uploads\/2022\/03\/Actividad-de-difusion-politica-de-tierra-y-luc-final-1086x1536.jpg 1086w, https:\/\/www.ocau.edu.uy\/wp-content\/uploads\/2022\/03\/Actividad-de-difusion-politica-de-tierra-y-luc-final-1448x2048.jpg 1448w, https:\/\/www.ocau.edu.uy\/wp-content\/uploads\/2022\/03\/Actividad-de-difusion-politica-de-tierra-y-luc-final.jpg 1587w\" sizes=\"auto, (max-width: 528px) 100vw, 528px\" \/><\/figure>\n<\/div><\/div>\n<\/div><\/div>\n\n\n\n<p class=\"has-text-align-left has-medium-font-size\"><strong><a href=\"https:\/\/www.youtube.com\/watch?v=zgIu1_4xCxY\" target=\"_blank\" rel=\"noreferrer noopener\">Dando click aqu\u00ed podr\u00e1 acceder a la actividad <\/a><\/strong><\/p>\n\n\n\n<div id=\"wp-block-themeisle-blocks-advanced-columns-980e3739\" class=\"wp-block-themeisle-blocks-advanced-columns has-1-columns has-desktop-equal-layout has-tablet-equal-layout has-mobile-equal-layout has-vertical-unset\"><div class=\"wp-block-themeisle-blocks-advanced-columns-overlay\"><\/div><div class=\"innerblocks-wrap\">\n<div id=\"wp-block-themeisle-blocks-advanced-column-38953c6d\" class=\"wp-block-themeisle-blocks-advanced-column\"><div class=\"wp-block-image\">\n<figure class=\"aligncenter size-large is-resized\"><img loading=\"lazy\" decoding=\"async\" src=\"https:\/\/www.ocau.edu.uy\/wp-content\/uploads\/2022\/03\/AP-y-LUC-724x1024.jpg\" alt=\"\" class=\"wp-image-940\" width=\"506\" height=\"716\" srcset=\"https:\/\/www.ocau.edu.uy\/wp-content\/uploads\/2022\/03\/AP-y-LUC-724x1024.jpg 724w, https:\/\/www.ocau.edu.uy\/wp-content\/uploads\/2022\/03\/AP-y-LUC-212x300.jpg 212w, https:\/\/www.ocau.edu.uy\/wp-content\/uploads\/2022\/03\/AP-y-LUC-768x1086.jpg 768w, https:\/\/www.ocau.edu.uy\/wp-content\/uploads\/2022\/03\/AP-y-LUC-1086x1536.jpg 1086w, https:\/\/www.ocau.edu.uy\/wp-content\/uploads\/2022\/03\/AP-y-LUC-1448x2048.jpg 1448w, https:\/\/www.ocau.edu.uy\/wp-content\/uploads\/2022\/03\/AP-y-LUC.jpg 1587w\" sizes=\"auto, (max-width: 506px) 100vw, 506px\" \/><\/figure>\n<\/div><\/div>\n<\/div><\/div>\n\n\n\n<p class=\"has-text-align-left has-medium-font-size\"><strong><a href=\"https:\/\/www.youtube.com\/watch?v=DUXGjLqMDRc\" target=\"_blank\" rel=\"noreferrer noopener\">Dando click aqu\u00ed se podr\u00e1 acceder a la actividad<\/a><\/strong><\/p>\n\n\n\n<div id=\"wp-block-themeisle-blocks-advanced-columns-f1431203\" class=\"wp-block-themeisle-blocks-advanced-columns has-1-columns has-desktop-equal-layout has-tablet-equal-layout has-mobile-equal-layout has-vertical-unset\"><div class=\"wp-block-themeisle-blocks-advanced-columns-overlay\"><\/div><div class=\"innerblocks-wrap\">\n<div id=\"wp-block-themeisle-blocks-advanced-column-59dc0d1a\" class=\"wp-block-themeisle-blocks-advanced-column\">\n<p class=\"has-medium-font-size\"><strong>Observando a UPM-2<\/strong><\/p>\n<\/div>\n<\/div><\/div>\n\n\n\n<p>Conversatorio realizado por docentes de la Universidad de la Rep\u00fablica sobre las principales transformaciones territoriales que implica el megaproyecto de UPM 2.<\/p>\n\n\n\n<p><\/p>\n\n\n\n<p class=\"has-text-align-left has-medium-font-size\"><strong><a href=\"https:\/\/www.youtube.com\/watch?v=UTc_BJOTVPM\" target=\"_blank\" rel=\"noreferrer noopener\">Dando click aqu\u00ed se podr\u00e1 acceder a la actividad<\/a> <\/strong><\/p>\n","protected":false},"excerpt":{"rendered":"<p>Dando click aqu\u00ed podr\u00e1 acceder a la actividad Dando click aqu\u00ed se podr\u00e1 acceder a la actividad Conversatorio realizado por docentes de la Universidad de la Rep\u00fablica sobre las principales transformaciones territoriales que implica el megaproyecto de UPM 2. Dando click aqu\u00ed se podr\u00e1 acceder a la actividad<\/p>\n","protected":false},"author":3,"featured_media":0,"parent":0,"menu_order":0,"comment_status":"closed","ping_status":"closed","template":"","meta":{"neve_meta_sidebar":"full-width","neve_meta_container":"","neve_meta_enable_content_width":"on","neve_meta_content_width":100,"neve_meta_title_alignment":"","neve_meta_author_avatar":"","neve_post_elements_order":"","neve_meta_disable_header":"","neve_meta_disable_footer":"","neve_meta_disable_title":"","_themeisle_gutenberg_block_has_review":false,"footnotes":""},"class_list":["post-984","page","type-page","status-publish","hentry"],"yoast_head":"<!-- This site is optimized with the Yoast SEO plugin v26.7 - https:\/\/yoast.com\/wordpress\/plugins\/seo\/ -->\n<title>Eventos 2020 - Observatorio de la Cuesti\u00f3n Agraria en Uruguay<\/title>\n<meta name=\"robots\" content=\"index, follow, max-snippet:-1, max-image-preview:large, max-video-preview:-1\" \/>\n<link rel=\"canonical\" href=\"https:\/\/www.ocau.edu.uy\/?page_id=984\" \/>\n<meta property=\"og:locale\" content=\"es_ES\" \/>\n<meta property=\"og:type\" content=\"article\" \/>\n<meta property=\"og:title\" content=\"Eventos 2020 - Observatorio de la Cuesti\u00f3n Agraria en Uruguay\" \/>\n<meta property=\"og:description\" content=\"Dando click aqu\u00ed podr\u00e1 acceder a la actividad Dando click aqu\u00ed se podr\u00e1 acceder a la actividad Conversatorio realizado por docentes de la Universidad de la Rep\u00fablica sobre las principales transformaciones territoriales que implica el megaproyecto de UPM 2. Dando click aqu\u00ed se podr\u00e1 acceder a la actividad\" \/>\n<meta property=\"og:url\" content=\"https:\/\/www.ocau.edu.uy\/?page_id=984\" \/>\n<meta property=\"og:site_name\" content=\"Observatorio de la Cuesti\u00f3n Agraria en Uruguay\" \/>\n<meta property=\"article:modified_time\" content=\"2022-09-21T19:55:44+00:00\" \/>\n<meta property=\"og:image\" content=\"https:\/\/www.ocau.edu.uy\/wp-content\/uploads\/2022\/03\/Actividad-de-difusion-politica-de-tierra-y-luc-final-724x1024.jpg\" \/>\n<meta name=\"twitter:card\" content=\"summary_large_image\" \/>\n<script type=\"application\/ld+json\" class=\"yoast-schema-graph\">{\"@context\":\"https:\/\/schema.org\",\"@graph\":[{\"@type\":\"WebPage\",\"@id\":\"https:\/\/www.ocau.edu.uy\/?page_id=984\",\"url\":\"https:\/\/www.ocau.edu.uy\/?page_id=984\",\"name\":\"Eventos 2020 - Observatorio de la Cuesti\u00f3n Agraria en Uruguay\",\"isPartOf\":{\"@id\":\"https:\/\/www.ocau.edu.uy\/#website\"},\"primaryImageOfPage\":{\"@id\":\"https:\/\/www.ocau.edu.uy\/?page_id=984#primaryimage\"},\"image\":{\"@id\":\"https:\/\/www.ocau.edu.uy\/?page_id=984#primaryimage\"},\"thumbnailUrl\":\"https:\/\/www.ocau.edu.uy\/wp-content\/uploads\/2022\/03\/Actividad-de-difusion-politica-de-tierra-y-luc-final-724x1024.jpg\",\"datePublished\":\"2022-09-21T18:58:35+00:00\",\"dateModified\":\"2022-09-21T19:55:44+00:00\",\"inLanguage\":\"es\",\"potentialAction\":[{\"@type\":\"ReadAction\",\"target\":[\"https:\/\/www.ocau.edu.uy\/?page_id=984\"]}]},{\"@type\":\"ImageObject\",\"inLanguage\":\"es\",\"@id\":\"https:\/\/www.ocau.edu.uy\/?page_id=984#primaryimage\",\"url\":\"https:\/\/www.ocau.edu.uy\/wp-content\/uploads\/2022\/03\/Actividad-de-difusion-politica-de-tierra-y-luc-final.jpg\",\"contentUrl\":\"https:\/\/www.ocau.edu.uy\/wp-content\/uploads\/2022\/03\/Actividad-de-difusion-politica-de-tierra-y-luc-final.jpg\",\"width\":1587,\"height\":2245},{\"@type\":\"WebSite\",\"@id\":\"https:\/\/www.ocau.edu.uy\/#website\",\"url\":\"https:\/\/www.ocau.edu.uy\/\",\"name\":\"Observatorio de la Cuesti\u00f3n Agraria en Uruguay\",\"description\":\"OCAU\",\"publisher\":{\"@id\":\"https:\/\/www.ocau.edu.uy\/#organization\"},\"potentialAction\":[{\"@type\":\"SearchAction\",\"target\":{\"@type\":\"EntryPoint\",\"urlTemplate\":\"https:\/\/www.ocau.edu.uy\/?s={search_term_string}\"},\"query-input\":{\"@type\":\"PropertyValueSpecification\",\"valueRequired\":true,\"valueName\":\"search_term_string\"}}],\"inLanguage\":\"es\"},{\"@type\":\"Organization\",\"@id\":\"https:\/\/www.ocau.edu.uy\/#organization\",\"name\":\"Observatorio de la Cuesti\u00f3n Agraria en Uruguay\",\"url\":\"https:\/\/www.ocau.edu.uy\/\",\"logo\":{\"@type\":\"ImageObject\",\"inLanguage\":\"es\",\"@id\":\"https:\/\/www.ocau.edu.uy\/#\/schema\/logo\/image\/\",\"url\":\"https:\/\/www.ocau.edu.uy\/wp-content\/uploads\/2021\/03\/cropped-Logo-OCAU.png\",\"contentUrl\":\"https:\/\/www.ocau.edu.uy\/wp-content\/uploads\/2021\/03\/cropped-Logo-OCAU.png\",\"width\":540,\"height\":530,\"caption\":\"Observatorio de la Cuesti\u00f3n Agraria en Uruguay\"},\"image\":{\"@id\":\"https:\/\/www.ocau.edu.uy\/#\/schema\/logo\/image\/\"}}]}<\/script>\n<!-- \/ Yoast SEO plugin. -->","yoast_head_json":{"title":"Eventos 2020 - Observatorio de la Cuesti\u00f3n Agraria en Uruguay","robots":{"index":"index","follow":"follow","max-snippet":"max-snippet:-1","max-image-preview":"max-image-preview:large","max-video-preview":"max-video-preview:-1"},"canonical":"https:\/\/www.ocau.edu.uy\/?page_id=984","og_locale":"es_ES","og_type":"article","og_title":"Eventos 2020 - Observatorio de la Cuesti\u00f3n Agraria en Uruguay","og_description":"Dando click aqu\u00ed podr\u00e1 acceder a la actividad Dando click aqu\u00ed se podr\u00e1 acceder a la actividad Conversatorio realizado por docentes de la Universidad de la Rep\u00fablica sobre las principales transformaciones territoriales que implica el megaproyecto de UPM 2. Dando click aqu\u00ed se podr\u00e1 acceder a la actividad","og_url":"https:\/\/www.ocau.edu.uy\/?page_id=984","og_site_name":"Observatorio de la Cuesti\u00f3n Agraria en Uruguay","article_modified_time":"2022-09-21T19:55:44+00:00","og_image":[{"url":"https:\/\/www.ocau.edu.uy\/wp-content\/uploads\/2022\/03\/Actividad-de-difusion-politica-de-tierra-y-luc-final-724x1024.jpg","type":"","width":"","height":""}],"twitter_card":"summary_large_image","schema":{"@context":"https:\/\/schema.org","@graph":[{"@type":"WebPage","@id":"https:\/\/www.ocau.edu.uy\/?page_id=984","url":"https:\/\/www.ocau.edu.uy\/?page_id=984","name":"Eventos 2020 - Observatorio de la Cuesti\u00f3n Agraria en Uruguay","isPartOf":{"@id":"https:\/\/www.ocau.edu.uy\/#website"},"primaryImageOfPage":{"@id":"https:\/\/www.ocau.edu.uy\/?page_id=984#primaryimage"},"image":{"@id":"https:\/\/www.ocau.edu.uy\/?page_id=984#primaryimage"},"thumbnailUrl":"https:\/\/www.ocau.edu.uy\/wp-content\/uploads\/2022\/03\/Actividad-de-difusion-politica-de-tierra-y-luc-final-724x1024.jpg","datePublished":"2022-09-21T18:58:35+00:00","dateModified":"2022-09-21T19:55:44+00:00","inLanguage":"es","potentialAction":[{"@type":"ReadAction","target":["https:\/\/www.ocau.edu.uy\/?page_id=984"]}]},{"@type":"ImageObject","inLanguage":"es","@id":"https:\/\/www.ocau.edu.uy\/?page_id=984#primaryimage","url":"https:\/\/www.ocau.edu.uy\/wp-content\/uploads\/2022\/03\/Actividad-de-difusion-politica-de-tierra-y-luc-final.jpg","contentUrl":"https:\/\/www.ocau.edu.uy\/wp-content\/uploads\/2022\/03\/Actividad-de-difusion-politica-de-tierra-y-luc-final.jpg","width":1587,"height":2245},{"@type":"WebSite","@id":"https:\/\/www.ocau.edu.uy\/#website","url":"https:\/\/www.ocau.edu.uy\/","name":"Observatorio de la Cuesti\u00f3n Agraria en Uruguay","description":"OCAU","publisher":{"@id":"https:\/\/www.ocau.edu.uy\/#organization"},"potentialAction":[{"@type":"SearchAction","target":{"@type":"EntryPoint","urlTemplate":"https:\/\/www.ocau.edu.uy\/?s={search_term_string}"},"query-input":{"@type":"PropertyValueSpecification","valueRequired":true,"valueName":"search_term_string"}}],"inLanguage":"es"},{"@type":"Organization","@id":"https:\/\/www.ocau.edu.uy\/#organization","name":"Observatorio de la Cuesti\u00f3n Agraria en Uruguay","url":"https:\/\/www.ocau.edu.uy\/","logo":{"@type":"ImageObject","inLanguage":"es","@id":"https:\/\/www.ocau.edu.uy\/#\/schema\/logo\/image\/","url":"https:\/\/www.ocau.edu.uy\/wp-content\/uploads\/2021\/03\/cropped-Logo-OCAU.png","contentUrl":"https:\/\/www.ocau.edu.uy\/wp-content\/uploads\/2021\/03\/cropped-Logo-OCAU.png","width":540,"height":530,"caption":"Observatorio de la Cuesti\u00f3n Agraria en Uruguay"},"image":{"@id":"https:\/\/www.ocau.edu.uy\/#\/schema\/logo\/image\/"}}]}},"_links":{"self":[{"href":"https:\/\/www.ocau.edu.uy\/index.php?rest_route=\/wp\/v2\/pages\/984","targetHints":{"allow":["GET"]}}],"collection":[{"href":"https:\/\/www.ocau.edu.uy\/index.php?rest_route=\/wp\/v2\/pages"}],"about":[{"href":"https:\/\/www.ocau.edu.uy\/index.php?rest_route=\/wp\/v2\/types\/page"}],"author":[{"embeddable":true,"href":"https:\/\/www.ocau.edu.uy\/index.php?rest_route=\/wp\/v2\/users\/3"}],"replies":[{"embeddable":true,"href":"https:\/\/www.ocau.edu.uy\/index.php?rest_route=%2Fwp%2Fv2%2Fcomments&post=984"}],"version-history":[{"count":2,"href":"https:\/\/www.ocau.edu.uy\/index.php?rest_route=\/wp\/v2\/pages\/984\/revisions"}],"predecessor-version":[{"id":1027,"href":"https:\/\/www.ocau.edu.uy\/index.php?rest_route=\/wp\/v2\/pages\/984\/revisions\/1027"}],"wp:attachment":[{"href":"https:\/\/www.ocau.edu.uy\/index.php?rest_route=%2Fwp%2Fv2%2Fmedia&parent=984"}],"curies":[{"name":"wp","href":"https:\/\/api.w.org\/{rel}","templated":true}]}}