{"id":995,"date":"2022-09-21T16:17:07","date_gmt":"2022-09-21T19:17:07","guid":{"rendered":"https:\/\/www.ocau.edu.uy\/?page_id=995"},"modified":"2022-09-28T10:29:04","modified_gmt":"2022-09-28T13:29:04","slug":"intercambio-entre-el-observatorio-de-la-cuestion-agraria-en-uruguay-y-organizaciones-sociales","status":"publish","type":"page","link":"https:\/\/www.ocau.edu.uy\/?page_id=995","title":{"rendered":"Organizaciones sociales y OCAU"},"content":{"rendered":"\n<p><strong>El lunes 5 de setiembre de 2022 se realiz\u00f3 la Jornada-Taller de intercambio: \u201cLa Cuesti\u00f3n Agraria desde las organizaciones sociales\u201d en el local de la Federaci\u00f3n Uruguaya de Cooperativas de Viviendas por Ayuda Mutua.<\/strong><\/p>\n\n\n\n<p>Dicha actividad se enmarca en el proceso de trabajo del Observatorio de la Cuesti\u00f3n Agraria en Uruguay (OCAU). El mismo es un espacio universitario donde confluyen docentes y estudiantes de distintos servicios y disciplinas de la Udelar (SCEAM, CENUR sede Rivera, Facultad de Veterinaria, Facultad de Psicolog\u00eda y Movimiento Estudiantil de Proyectos Integrales Rurales).<\/p>\n\n\n\n<p>La actividad cont\u00f3 con la participaci\u00f3n de 20 representantes de organizaciones sociales dedicadas al abordaje de tem\u00e1ticas vinculadas a la cuesti\u00f3n agraria y sus problem\u00e1ticas sociales, pol\u00edticas, productivas, ambientales y econ\u00f3micas. Las organizaciones presentes fueron Red Nacional de Semillas Nativas y Criollas, AFGAP, Medio Ambiente-PIT-CNT, Movimiento por un Uruguay Sustentable (MOVUS), Frente de Lucha Ambiental Delia Villalba, AFINCO, SFR San Antonio y Red de Agroecolog\u00eda del Uruguay.<\/p>\n\n\n\n<p>La actividad buscaba visibilizar las \u00e1reas de trabajo de las organizaciones sociales vinculadas a la cuesti\u00f3n agraria y cu\u00e1les son las problem\u00e1ticas que abordan, buscando generar formas de trabajo que aporten a las luchas de las organizaciones. Se procur\u00f3 identificar estrategias para lograr formas de co-participaci\u00f3n entre las organizaciones y el Observatorio de la Cuesti\u00f3n Agraria en Uruguay.<\/p>\n\n\n\n<p>Se trabaj\u00f3 en la definici\u00f3n en conjunto de tem\u00e1ticas en com\u00fan al trabajo de las organizaciones y el OCAU. Se identificaron diferentes maneras de coproducir informaci\u00f3n \u00fatil y relevante entre las organizaciones y la Universidad y herramientas adecuadas para socializar la informaci\u00f3n. Todo esto en clave de generar una agenda de trabajo conjunto entre actores universitarios y no universitarios.<\/p>\n\n\n\n<p><\/p>\n\n\n\n<div id=\"wp-block-themeisle-blocks-advanced-columns-6ef47714\" class=\"wp-block-themeisle-blocks-advanced-columns has-1-columns has-desktop-equal-layout has-tablet-equal-layout has-mobile-equal-layout has-vertical-unset\"><div class=\"wp-block-themeisle-blocks-advanced-columns-overlay\"><\/div><div class=\"innerblocks-wrap\">\n<div id=\"wp-block-themeisle-blocks-advanced-column-b3e96928\" class=\"wp-block-themeisle-blocks-advanced-column\"><div class=\"wp-block-image\">\n<figure class=\"aligncenter size-large\"><img loading=\"lazy\" decoding=\"async\" width=\"723\" height=\"1024\" src=\"https:\/\/www.ocau.edu.uy\/wp-content\/uploads\/2022\/09\/photo1660831333-723x1024.jpeg\" alt=\"taller sociedad civil 2022\" class=\"wp-image-989\" srcset=\"https:\/\/www.ocau.edu.uy\/wp-content\/uploads\/2022\/09\/photo1660831333-723x1024.jpeg 723w, https:\/\/www.ocau.edu.uy\/wp-content\/uploads\/2022\/09\/photo1660831333-212x300.jpeg 212w, https:\/\/www.ocau.edu.uy\/wp-content\/uploads\/2022\/09\/photo1660831333-768x1087.jpeg 768w, https:\/\/www.ocau.edu.uy\/wp-content\/uploads\/2022\/09\/photo1660831333.jpeg 904w\" sizes=\"auto, (max-width: 723px) 100vw, 723px\" \/><\/figure>\n<\/div>\n\n\n<p><strong>Algunos registros de la joranda-taller<\/strong><\/p>\n<\/div>\n<\/div><\/div>\n\n\n\n<div id=\"wp-block-themeisle-blocks-advanced-columns-f1431203\" class=\"wp-block-themeisle-blocks-advanced-columns has-1-columns has-desktop-equal-layout has-tablet-equal-layout has-mobile-equal-layout has-vertical-unset\"><div class=\"wp-block-themeisle-blocks-advanced-columns-overlay\"><\/div><div class=\"innerblocks-wrap\">\n<div id=\"wp-block-themeisle-blocks-advanced-column-59dc0d1a\" class=\"wp-block-themeisle-blocks-advanced-column\">\n<div id=\"wp-block-themeisle-blocks-slider-b73e1404\" class=\"wp-block-themeisle-blocks-slider glide\" data-per-view=\"1\" data-gap=\"0\" data-peek=\"0\" data-autoplay=\"true\" data-height=\"400px\" data-hide-arrows=\"false\"><div class=\"glide__track\" data-glide-el=\"track\"><div class=\"glide__slides\"><div class=\"wp-block-themeisle-blocks-slider-item-wrapper glide__slide\" tabindex=\"0\"><figure><img decoding=\"async\" class=\"wp-block-themeisle-blocks-slider-item\" src=\"https:\/\/www.ocau.edu.uy\/wp-content\/uploads\/2022\/09\/photo1662422735-4.jpeg\" alt=\"\" title=\"\" data-id=\"1017\"\/><\/figure><\/div><div class=\"wp-block-themeisle-blocks-slider-item-wrapper glide__slide\" tabindex=\"0\"><figure><img decoding=\"async\" class=\"wp-block-themeisle-blocks-slider-item\" src=\"https:\/\/www.ocau.edu.uy\/wp-content\/uploads\/2022\/09\/photo1662429615-4-1024x768.jpeg\" alt=\"\" title=\"\" data-id=\"999\"\/><\/figure><\/div><div class=\"wp-block-themeisle-blocks-slider-item-wrapper glide__slide\" tabindex=\"0\"><figure><img decoding=\"async\" class=\"wp-block-themeisle-blocks-slider-item\" src=\"https:\/\/www.ocau.edu.uy\/wp-content\/uploads\/2022\/09\/photo1662429613-5-1024x768.jpeg\" alt=\"\" title=\"\" data-id=\"997\"\/><\/figure><\/div><div class=\"wp-block-themeisle-blocks-slider-item-wrapper glide__slide\" tabindex=\"0\"><figure><img decoding=\"async\" class=\"wp-block-themeisle-blocks-slider-item\" src=\"https:\/\/www.ocau.edu.uy\/wp-content\/uploads\/2022\/09\/photo1662429613-2-768x1024.jpeg\" alt=\"\" title=\"\" data-id=\"1000\"\/><\/figure><\/div><div class=\"wp-block-themeisle-blocks-slider-item-wrapper glide__slide\" tabindex=\"0\"><figure><img decoding=\"async\" class=\"wp-block-themeisle-blocks-slider-item\" src=\"https:\/\/www.ocau.edu.uy\/wp-content\/uploads\/2022\/09\/photo1662429613-1-768x1024.jpeg\" alt=\"\" title=\"\" data-id=\"1001\"\/><\/figure><\/div><div class=\"wp-block-themeisle-blocks-slider-item-wrapper glide__slide\" tabindex=\"0\"><figure><img decoding=\"async\" class=\"wp-block-themeisle-blocks-slider-item\" src=\"https:\/\/www.ocau.edu.uy\/wp-content\/uploads\/2022\/09\/photo1662429610-7-768x1024.jpeg\" alt=\"\" title=\"\" data-id=\"998\"\/><\/figure><\/div><div class=\"wp-block-themeisle-blocks-slider-item-wrapper glide__slide\" tabindex=\"0\"><figure><img decoding=\"async\" class=\"wp-block-themeisle-blocks-slider-item\" src=\"https:\/\/www.ocau.edu.uy\/wp-content\/uploads\/2022\/09\/photo1662429610-3-768x1024.jpeg\" alt=\"\" title=\"\" data-id=\"1002\"\/><\/figure><\/div><div class=\"wp-block-themeisle-blocks-slider-item-wrapper glide__slide\" tabindex=\"0\"><figure><img decoding=\"async\" class=\"wp-block-themeisle-blocks-slider-item\" src=\"https:\/\/www.ocau.edu.uy\/wp-content\/uploads\/2022\/09\/photo1662429610-2-768x1024.jpeg\" alt=\"\" title=\"\" data-id=\"1003\"\/><\/figure><\/div><div class=\"wp-block-themeisle-blocks-slider-item-wrapper glide__slide\" tabindex=\"0\"><figure><img decoding=\"async\" class=\"wp-block-themeisle-blocks-slider-item\" src=\"https:\/\/www.ocau.edu.uy\/wp-content\/uploads\/2022\/09\/photo1662429610-1-1024x768.jpeg\" alt=\"\" title=\"\" data-id=\"1005\"\/><\/figure><\/div><div class=\"wp-block-themeisle-blocks-slider-item-wrapper glide__slide\" tabindex=\"0\"><figure><img decoding=\"async\" class=\"wp-block-themeisle-blocks-slider-item\" src=\"https:\/\/www.ocau.edu.uy\/wp-content\/uploads\/2022\/09\/photo1662422735-2-1024x575.jpeg\" alt=\"\" title=\"\" data-id=\"1016\"\/><\/figure><\/div><div class=\"wp-block-themeisle-blocks-slider-item-wrapper glide__slide\" tabindex=\"0\"><figure><img decoding=\"async\" class=\"wp-block-themeisle-blocks-slider-item\" src=\"https:\/\/www.ocau.edu.uy\/wp-content\/uploads\/2022\/09\/photo1662422778-2-1024x768.jpeg\" alt=\"\" title=\"\" data-id=\"1015\"\/><\/figure><\/div><div class=\"wp-block-themeisle-blocks-slider-item-wrapper glide__slide\" tabindex=\"0\"><figure><img decoding=\"async\" class=\"wp-block-themeisle-blocks-slider-item\" src=\"https:\/\/www.ocau.edu.uy\/wp-content\/uploads\/2022\/09\/photo1662422778-3-1024x768.jpeg\" alt=\"\" title=\"\" data-id=\"1012\"\/><\/figure><\/div><div class=\"wp-block-themeisle-blocks-slider-item-wrapper glide__slide\" tabindex=\"0\"><figure><img decoding=\"async\" class=\"wp-block-themeisle-blocks-slider-item\" src=\"https:\/\/www.ocau.edu.uy\/wp-content\/uploads\/2022\/09\/photo1662429606-8-1024x768.jpeg\" alt=\"\" title=\"\" data-id=\"1009\"\/><\/figure><\/div><div class=\"wp-block-themeisle-blocks-slider-item-wrapper glide__slide\" tabindex=\"0\"><figure><img decoding=\"async\" class=\"wp-block-themeisle-blocks-slider-item\" src=\"https:\/\/www.ocau.edu.uy\/wp-content\/uploads\/2022\/09\/photo1662429606-7-1024x768.jpeg\" alt=\"\" title=\"\" data-id=\"1008\"\/><\/figure><\/div><div class=\"wp-block-themeisle-blocks-slider-item-wrapper glide__slide\" tabindex=\"0\"><figure><img decoding=\"async\" class=\"wp-block-themeisle-blocks-slider-item\" src=\"https:\/\/www.ocau.edu.uy\/wp-content\/uploads\/2022\/09\/photo1662429606-6.jpeg\" alt=\"\" title=\"\" data-id=\"1006\"\/><\/figure><\/div><div class=\"wp-block-themeisle-blocks-slider-item-wrapper glide__slide\" tabindex=\"0\"><figure><img decoding=\"async\" class=\"wp-block-themeisle-blocks-slider-item\" src=\"https:\/\/www.ocau.edu.uy\/wp-content\/uploads\/2022\/09\/photo1662429606-5.jpeg\" alt=\"\" title=\"\" data-id=\"1007\"\/><\/figure><\/div><div class=\"wp-block-themeisle-blocks-slider-item-wrapper glide__slide\" tabindex=\"0\"><figure><img decoding=\"async\" class=\"wp-block-themeisle-blocks-slider-item\" src=\"https:\/\/www.ocau.edu.uy\/wp-content\/uploads\/2022\/09\/photo1662429606-4.jpeg\" alt=\"\" title=\"\" data-id=\"1004\"\/><\/figure><\/div><div class=\"wp-block-themeisle-blocks-slider-item-wrapper glide__slide\" tabindex=\"0\"><figure><img decoding=\"async\" class=\"wp-block-themeisle-blocks-slider-item\" src=\"https:\/\/www.ocau.edu.uy\/wp-content\/uploads\/2022\/09\/photo1662429606-3.jpeg\" alt=\"\" title=\"\" data-id=\"1010\"\/><\/figure><\/div><div class=\"wp-block-themeisle-blocks-slider-item-wrapper glide__slide\" tabindex=\"0\"><figure><img decoding=\"async\" class=\"wp-block-themeisle-blocks-slider-item\" src=\"https:\/\/www.ocau.edu.uy\/wp-content\/uploads\/2022\/09\/photo1662429606-1-1024x768.jpeg\" alt=\"\" title=\"\" data-id=\"1014\"\/><\/figure><\/div><div class=\"wp-block-themeisle-blocks-slider-item-wrapper glide__slide\" tabindex=\"0\"><figure><img decoding=\"async\" class=\"wp-block-themeisle-blocks-slider-item\" src=\"https:\/\/www.ocau.edu.uy\/wp-content\/uploads\/2022\/09\/photo1662429606-1024x768.jpeg\" alt=\"\" title=\"\" data-id=\"1013\"\/><\/figure><\/div><div class=\"wp-block-themeisle-blocks-slider-item-wrapper glide__slide\" tabindex=\"0\"><figure><img decoding=\"async\" class=\"wp-block-themeisle-blocks-slider-item\" src=\"https:\/\/www.ocau.edu.uy\/wp-content\/uploads\/2022\/09\/photo1662429606-2-768x1024.jpeg\" alt=\"\" title=\"\" data-id=\"1011\"\/><\/figure><\/div><\/div><div class=\"glide__bullets\" data-glide-el=\"controls[nav]\"><button class=\"glide__bullet\" data-glide-dir=\"=0\"><\/button><button class=\"glide__bullet\" data-glide-dir=\"=1\"><\/button><button class=\"glide__bullet\" data-glide-dir=\"=2\"><\/button><button class=\"glide__bullet\" data-glide-dir=\"=3\"><\/button><button class=\"glide__bullet\" data-glide-dir=\"=4\"><\/button><button class=\"glide__bullet\" data-glide-dir=\"=5\"><\/button><button class=\"glide__bullet\" data-glide-dir=\"=6\"><\/button><button class=\"glide__bullet\" data-glide-dir=\"=7\"><\/button><button class=\"glide__bullet\" data-glide-dir=\"=8\"><\/button><button class=\"glide__bullet\" data-glide-dir=\"=9\"><\/button><button class=\"glide__bullet\" data-glide-dir=\"=10\"><\/button><button class=\"glide__bullet\" data-glide-dir=\"=11\"><\/button><button class=\"glide__bullet\" data-glide-dir=\"=12\"><\/button><button class=\"glide__bullet\" data-glide-dir=\"=13\"><\/button><button class=\"glide__bullet\" data-glide-dir=\"=14\"><\/button><button class=\"glide__bullet\" data-glide-dir=\"=15\"><\/button><button class=\"glide__bullet\" data-glide-dir=\"=16\"><\/button><button class=\"glide__bullet\" data-glide-dir=\"=17\"><\/button><button class=\"glide__bullet\" data-glide-dir=\"=18\"><\/button><button class=\"glide__bullet\" data-glide-dir=\"=19\"><\/button><button class=\"glide__bullet\" data-glide-dir=\"=20\"><\/button><\/div><\/div><\/div>\n<\/div>\n<\/div><\/div>\n\n\n\n<p><\/p>\n\n\n\n<p><\/p>\n\n\n\n<p><\/p>\n","protected":false},"excerpt":{"rendered":"<p>El lunes 5 de setiembre de 2022 se realiz\u00f3 la Jornada-Taller de intercambio: \u201cLa Cuesti\u00f3n Agraria desde las organizaciones sociales\u201d en el local de la Federaci\u00f3n Uruguaya de Cooperativas de Viviendas por Ayuda Mutua. Dicha actividad se enmarca en el proceso de trabajo del Observatorio de la Cuesti\u00f3n Agraria en Uruguay (OCAU). El mismo es&hellip;&nbsp;<a href=\"https:\/\/www.ocau.edu.uy\/?page_id=995\" class=\"\" rel=\"bookmark\">Leer m\u00e1s &raquo;<span class=\"screen-reader-text\">Organizaciones sociales y OCAU<\/span><\/a><\/p>\n","protected":false},"author":3,"featured_media":0,"parent":0,"menu_order":0,"comment_status":"closed","ping_status":"closed","template":"","meta":{"neve_meta_sidebar":"full-width","neve_meta_container":"","neve_meta_enable_content_width":"on","neve_meta_content_width":100,"neve_meta_title_alignment":"","neve_meta_author_avatar":"","neve_post_elements_order":"","neve_meta_disable_header":"","neve_meta_disable_footer":"","neve_meta_disable_title":"","_themeisle_gutenberg_block_has_review":false,"footnotes":""},"class_list":["post-995","page","type-page","status-publish","hentry"],"yoast_head":"<!-- This site is optimized with the Yoast SEO plugin v26.7 - https:\/\/yoast.com\/wordpress\/plugins\/seo\/ -->\n<title>Organizaciones sociales y OCAU - Observatorio de la Cuesti\u00f3n Agraria en Uruguay<\/title>\n<meta name=\"robots\" content=\"index, follow, max-snippet:-1, max-image-preview:large, max-video-preview:-1\" \/>\n<link rel=\"canonical\" href=\"https:\/\/www.ocau.edu.uy\/?page_id=995\" \/>\n<meta property=\"og:locale\" content=\"es_ES\" \/>\n<meta property=\"og:type\" content=\"article\" \/>\n<meta property=\"og:title\" content=\"Organizaciones sociales y OCAU - Observatorio de la Cuesti\u00f3n Agraria en Uruguay\" \/>\n<meta property=\"og:description\" content=\"El lunes 5 de setiembre de 2022 se realiz\u00f3 la Jornada-Taller de intercambio: \u201cLa Cuesti\u00f3n Agraria desde las organizaciones sociales\u201d en el local de la Federaci\u00f3n Uruguaya de Cooperativas de Viviendas por Ayuda Mutua. Dicha actividad se enmarca en el proceso de trabajo del Observatorio de la Cuesti\u00f3n Agraria en Uruguay (OCAU). El mismo es&hellip;&nbsp;Leer m\u00e1s &raquo;Organizaciones sociales y OCAU\" \/>\n<meta property=\"og:url\" content=\"https:\/\/www.ocau.edu.uy\/?page_id=995\" \/>\n<meta property=\"og:site_name\" content=\"Observatorio de la Cuesti\u00f3n Agraria en Uruguay\" \/>\n<meta property=\"article:modified_time\" content=\"2022-09-28T13:29:04+00:00\" \/>\n<meta property=\"og:image\" content=\"https:\/\/www.ocau.edu.uy\/wp-content\/uploads\/2022\/09\/photo1660831333-723x1024.jpeg\" \/>\n<meta name=\"twitter:card\" content=\"summary_large_image\" \/>\n<meta name=\"twitter:label1\" content=\"Tiempo de lectura\" \/>\n\t<meta name=\"twitter:data1\" content=\"6 minutos\" \/>\n<script type=\"application\/ld+json\" class=\"yoast-schema-graph\">{\"@context\":\"https:\/\/schema.org\",\"@graph\":[{\"@type\":\"WebPage\",\"@id\":\"https:\/\/www.ocau.edu.uy\/?page_id=995\",\"url\":\"https:\/\/www.ocau.edu.uy\/?page_id=995\",\"name\":\"Organizaciones sociales y OCAU - Observatorio de la Cuesti\u00f3n Agraria en Uruguay\",\"isPartOf\":{\"@id\":\"https:\/\/www.ocau.edu.uy\/#website\"},\"primaryImageOfPage\":{\"@id\":\"https:\/\/www.ocau.edu.uy\/?page_id=995#primaryimage\"},\"image\":{\"@id\":\"https:\/\/www.ocau.edu.uy\/?page_id=995#primaryimage\"},\"thumbnailUrl\":\"https:\/\/www.ocau.edu.uy\/wp-content\/uploads\/2022\/09\/photo1660831333-723x1024.jpeg\",\"datePublished\":\"2022-09-21T19:17:07+00:00\",\"dateModified\":\"2022-09-28T13:29:04+00:00\",\"inLanguage\":\"es\",\"potentialAction\":[{\"@type\":\"ReadAction\",\"target\":[\"https:\/\/www.ocau.edu.uy\/?page_id=995\"]}]},{\"@type\":\"ImageObject\",\"inLanguage\":\"es\",\"@id\":\"https:\/\/www.ocau.edu.uy\/?page_id=995#primaryimage\",\"url\":\"https:\/\/www.ocau.edu.uy\/wp-content\/uploads\/2022\/09\/photo1660831333.jpeg\",\"contentUrl\":\"https:\/\/www.ocau.edu.uy\/wp-content\/uploads\/2022\/09\/photo1660831333.jpeg\",\"width\":904,\"height\":1280,\"caption\":\"taller sociedad civil 2022\"},{\"@type\":\"WebSite\",\"@id\":\"https:\/\/www.ocau.edu.uy\/#website\",\"url\":\"https:\/\/www.ocau.edu.uy\/\",\"name\":\"Observatorio de la Cuesti\u00f3n Agraria en Uruguay\",\"description\":\"OCAU\",\"publisher\":{\"@id\":\"https:\/\/www.ocau.edu.uy\/#organization\"},\"potentialAction\":[{\"@type\":\"SearchAction\",\"target\":{\"@type\":\"EntryPoint\",\"urlTemplate\":\"https:\/\/www.ocau.edu.uy\/?s={search_term_string}\"},\"query-input\":{\"@type\":\"PropertyValueSpecification\",\"valueRequired\":true,\"valueName\":\"search_term_string\"}}],\"inLanguage\":\"es\"},{\"@type\":\"Organization\",\"@id\":\"https:\/\/www.ocau.edu.uy\/#organization\",\"name\":\"Observatorio de la Cuesti\u00f3n Agraria en Uruguay\",\"url\":\"https:\/\/www.ocau.edu.uy\/\",\"logo\":{\"@type\":\"ImageObject\",\"inLanguage\":\"es\",\"@id\":\"https:\/\/www.ocau.edu.uy\/#\/schema\/logo\/image\/\",\"url\":\"https:\/\/www.ocau.edu.uy\/wp-content\/uploads\/2021\/03\/cropped-Logo-OCAU.png\",\"contentUrl\":\"https:\/\/www.ocau.edu.uy\/wp-content\/uploads\/2021\/03\/cropped-Logo-OCAU.png\",\"width\":540,\"height\":530,\"caption\":\"Observatorio de la Cuesti\u00f3n Agraria en Uruguay\"},\"image\":{\"@id\":\"https:\/\/www.ocau.edu.uy\/#\/schema\/logo\/image\/\"}}]}<\/script>\n<!-- \/ Yoast SEO plugin. -->","yoast_head_json":{"title":"Organizaciones sociales y OCAU - Observatorio de la Cuesti\u00f3n Agraria en Uruguay","robots":{"index":"index","follow":"follow","max-snippet":"max-snippet:-1","max-image-preview":"max-image-preview:large","max-video-preview":"max-video-preview:-1"},"canonical":"https:\/\/www.ocau.edu.uy\/?page_id=995","og_locale":"es_ES","og_type":"article","og_title":"Organizaciones sociales y OCAU - Observatorio de la Cuesti\u00f3n Agraria en Uruguay","og_description":"El lunes 5 de setiembre de 2022 se realiz\u00f3 la Jornada-Taller de intercambio: \u201cLa Cuesti\u00f3n Agraria desde las organizaciones sociales\u201d en el local de la Federaci\u00f3n Uruguaya de Cooperativas de Viviendas por Ayuda Mutua. Dicha actividad se enmarca en el proceso de trabajo del Observatorio de la Cuesti\u00f3n Agraria en Uruguay (OCAU). El mismo es&hellip;&nbsp;Leer m\u00e1s &raquo;Organizaciones sociales y OCAU","og_url":"https:\/\/www.ocau.edu.uy\/?page_id=995","og_site_name":"Observatorio de la Cuesti\u00f3n Agraria en Uruguay","article_modified_time":"2022-09-28T13:29:04+00:00","og_image":[{"url":"https:\/\/www.ocau.edu.uy\/wp-content\/uploads\/2022\/09\/photo1660831333-723x1024.jpeg","type":"","width":"","height":""}],"twitter_card":"summary_large_image","twitter_misc":{"Tiempo de lectura":"6 minutos"},"schema":{"@context":"https:\/\/schema.org","@graph":[{"@type":"WebPage","@id":"https:\/\/www.ocau.edu.uy\/?page_id=995","url":"https:\/\/www.ocau.edu.uy\/?page_id=995","name":"Organizaciones sociales y OCAU - Observatorio de la Cuesti\u00f3n Agraria en Uruguay","isPartOf":{"@id":"https:\/\/www.ocau.edu.uy\/#website"},"primaryImageOfPage":{"@id":"https:\/\/www.ocau.edu.uy\/?page_id=995#primaryimage"},"image":{"@id":"https:\/\/www.ocau.edu.uy\/?page_id=995#primaryimage"},"thumbnailUrl":"https:\/\/www.ocau.edu.uy\/wp-content\/uploads\/2022\/09\/photo1660831333-723x1024.jpeg","datePublished":"2022-09-21T19:17:07+00:00","dateModified":"2022-09-28T13:29:04+00:00","inLanguage":"es","potentialAction":[{"@type":"ReadAction","target":["https:\/\/www.ocau.edu.uy\/?page_id=995"]}]},{"@type":"ImageObject","inLanguage":"es","@id":"https:\/\/www.ocau.edu.uy\/?page_id=995#primaryimage","url":"https:\/\/www.ocau.edu.uy\/wp-content\/uploads\/2022\/09\/photo1660831333.jpeg","contentUrl":"https:\/\/www.ocau.edu.uy\/wp-content\/uploads\/2022\/09\/photo1660831333.jpeg","width":904,"height":1280,"caption":"taller sociedad civil 2022"},{"@type":"WebSite","@id":"https:\/\/www.ocau.edu.uy\/#website","url":"https:\/\/www.ocau.edu.uy\/","name":"Observatorio de la Cuesti\u00f3n Agraria en Uruguay","description":"OCAU","publisher":{"@id":"https:\/\/www.ocau.edu.uy\/#organization"},"potentialAction":[{"@type":"SearchAction","target":{"@type":"EntryPoint","urlTemplate":"https:\/\/www.ocau.edu.uy\/?s={search_term_string}"},"query-input":{"@type":"PropertyValueSpecification","valueRequired":true,"valueName":"search_term_string"}}],"inLanguage":"es"},{"@type":"Organization","@id":"https:\/\/www.ocau.edu.uy\/#organization","name":"Observatorio de la Cuesti\u00f3n Agraria en Uruguay","url":"https:\/\/www.ocau.edu.uy\/","logo":{"@type":"ImageObject","inLanguage":"es","@id":"https:\/\/www.ocau.edu.uy\/#\/schema\/logo\/image\/","url":"https:\/\/www.ocau.edu.uy\/wp-content\/uploads\/2021\/03\/cropped-Logo-OCAU.png","contentUrl":"https:\/\/www.ocau.edu.uy\/wp-content\/uploads\/2021\/03\/cropped-Logo-OCAU.png","width":540,"height":530,"caption":"Observatorio de la Cuesti\u00f3n Agraria en Uruguay"},"image":{"@id":"https:\/\/www.ocau.edu.uy\/#\/schema\/logo\/image\/"}}]}},"_links":{"self":[{"href":"https:\/\/www.ocau.edu.uy\/index.php?rest_route=\/wp\/v2\/pages\/995","targetHints":{"allow":["GET"]}}],"collection":[{"href":"https:\/\/www.ocau.edu.uy\/index.php?rest_route=\/wp\/v2\/pages"}],"about":[{"href":"https:\/\/www.ocau.edu.uy\/index.php?rest_route=\/wp\/v2\/types\/page"}],"author":[{"embeddable":true,"href":"https:\/\/www.ocau.edu.uy\/index.php?rest_route=\/wp\/v2\/users\/3"}],"replies":[{"embeddable":true,"href":"https:\/\/www.ocau.edu.uy\/index.php?rest_route=%2Fwp%2Fv2%2Fcomments&post=995"}],"version-history":[{"count":6,"href":"https:\/\/www.ocau.edu.uy\/index.php?rest_route=\/wp\/v2\/pages\/995\/revisions"}],"predecessor-version":[{"id":1045,"href":"https:\/\/www.ocau.edu.uy\/index.php?rest_route=\/wp\/v2\/pages\/995\/revisions\/1045"}],"wp:attachment":[{"href":"https:\/\/www.ocau.edu.uy\/index.php?rest_route=%2Fwp%2Fv2%2Fmedia&parent=995"}],"curies":[{"name":"wp","href":"https:\/\/api.w.org\/{rel}","templated":true}]}}